


{"id":578,"date":"2024-06-18T00:13:05","date_gmt":"2024-06-18T00:13:05","guid":{"rendered":"https:\/\/winbiz.unprinted.ch\/?page_id=578"},"modified":"2025-10-14T15:53:56","modified_gmt":"2025-10-14T13:53:56","slug":"assistance-vip","status":"publish","type":"page","link":"https:\/\/www.winbiz.ch\/fr\/support\/assistance-vip\/","title":{"rendered":"ASSISTANCE VIP"},"content":{"rendered":"\n<div class=\"wp-block-group alignfull has-global-padding is-layout-constrained wp-block-group-is-layout-constrained\">\n<div class=\"wp-block-group alignwide is-vertical is-content-justification-center is-layout-flex wp-container-core-group-is-layout-650ce88a wp-block-group-is-layout-flex\" style=\"min-height:40vh;padding-top:var(--wp--preset--spacing--70);padding-bottom:var(--wp--preset--spacing--70)\">\n<div style=\"height:0px\" aria-hidden=\"true\" class=\"wp-block-spacer wp-container-content-6388d5dc\"><\/div>\n\n\n\n<h1 class=\"wp-block-heading has-text-align-center aos-fade\" style=\"font-size:clamp(31.609px, 1.976rem + ((1vw - 3.2px) * 1.848), 56px);\">ASSISTANCE VIP<\/h1>\n\n\n\n<p class=\"has-text-align-center aos-fade\">Une assistance t\u00e9l\u00e9phonique et visuelle disponible pour vous.<\/p>\n<\/div>\n\n\n\n<div class=\"wp-block-group is-layout-flow wp-block-group-is-layout-flow\">\n<p class=\"has-text-align-left has-primary-color has-text-color has-link-color wp-elements-0f80c2ea1e766b4cad0b74a63c50ebfc\"><a href=\"https:\/\/www.winbiz.ch\/fr\/support\"><br><\/a><i class=\"fal fa-chevron-left\"><\/i> <a href=\"https:\/\/www.winbiz.ch\/support\/\" data-type=\"page\" data-id=\"20\">retour aux services disponibles<\/a><\/p>\n\n\n\n<div style=\"height:10px\" aria-hidden=\"true\" class=\"wp-block-spacer\"><\/div>\n\n\n\n<hr class=\"wp-block-separator has-text-color has-gray-dark-color has-alpha-channel-opacity has-gray-dark-background-color has-background is-style-wide\"\/>\n<\/div>\n\n\n\n<div style=\"height:50px\" aria-hidden=\"true\" class=\"wp-block-spacer\"><\/div>\n\n\n\n<div class=\"wp-block-group has-global-padding is-layout-constrained wp-block-group-is-layout-constrained\">\n<div class=\"wp-block-columns alignwide is-layout-flex wp-container-core-columns-is-layout-28f84493 wp-block-columns-is-layout-flex\">\n<div class=\"wp-block-column is-layout-flow wp-block-column-is-layout-flow\">\n<div class=\"wp-block-group has-global-padding is-content-justification-left is-layout-constrained wp-container-core-group-is-layout-4aa91cc0 wp-block-group-is-layout-constrained\">\n<p>Vous n\u2019avez pas le temps d\u2019attendre, vous souhaitez que vos demandes soient trait\u00e9es en priorit\u00e9 ?<\/p>\n\n\n\n<h4 class=\"wp-block-heading\">L\u2019assistance prioritaire V.I.P. est faite pour vous.<\/h4>\n\n\n\n<p>Pour moins d\u2019un franc par jour et par acc\u00e8s, l\u2019assistance prioritaire V.I.P. vous offre les prestations suivantes :<\/p>\n\n\n\n<p><strong>Pour les clients WinbizCloud<\/strong><\/p>\n\n\n\n<p>Support t\u00e9l\u00e9phonique prioritaire<\/p>\n\n\n\n<p><strong>Pour les clients WinbizLocal<\/strong><\/p>\n\n\n\n<p>Support t\u00e9l\u00e9phonique prioritaire<\/p>\n\n\n\n<h4 class=\"wp-block-heading\">Comment obtenir l\u2019assistance prioritaire V.I.P. ?<\/h4>\n\n\n\n<p><strong>Vous n&rsquo;\u00eates pas encore client Winbiz Cloud<\/strong><\/p>\n\n\n\n<p>Lors de votre commande vous pourrez ajouter l\u2019abonnement V.I.P. en activant l\u2019option sur la droite de votre panier de commande.<\/p>\n\n\n\n<p><strong>Vous \u00eates d\u00e9j\u00e0 client Winbiz Cloud<\/strong><\/p>\n\n\n\n<p>Vous pouvez activer l\u2019abonnement V.I.P. directement depuis votre espace membre. (<a href=\"https:\/\/helpcenter.winbiz.ch\/hc\/fr\/articles\/360008257839-Comment-ajouter-un-abonnement-V-I-P-sur-mes-acc%C3%A8s-Winbiz-cloud-\" target=\"_blank\" rel=\"noreferrer noopener\">aide<\/a>)<\/p>\n\n\n\n<p><\/p>\n\n\n\n<hr class=\"wp-block-separator has-alpha-channel-opacity\"\/>\n\n\n\n<p><em>Conditions<\/em><\/p>\n\n\n\n<p><em>L\u2019abonnement est r\u00e9serv\u00e9 aux utilisateurs de WinbizCloud ou WinbizLocal en abonnement. Ce service n\u2019est pas disponible pour les anciennes versions achet\u00e9es (licences).<\/em><\/p>\n\n\n\n<p><em>L\u2019abonnement est valable pour 1 mois et il se renouvelle automatiquement apr\u00e8s cette p\u00e9riode sauf r\u00e9siliation de votre part sur l\u2019espace client pour WinbizCloud et par e-mail pour WinbizLocal.<\/em><\/p>\n\n\n\n<p><em>L\u2019abonnement est factur\u00e9 en fonction du nombre d\u2019acc\u00e8s. Il est souscrit pour l\u2019ensemble des acc\u00e8s.<\/em><\/p>\n\n\n\n<p><em>Le support technique ne dispense pas de formation.<\/em><\/p>\n\n\n\n<p><em>Le support technique ne r\u00e9alise pas de mises en page personnalis\u00e9es. Pour ce faire nous vous invitons \u00e0 consulter la F.A.Q. ou un partenaire Winbiz.<\/em><\/p>\n<\/div>\n<\/div>\n\n\n\n<div class=\"wp-block-column is-layout-flow wp-block-column-is-layout-flow\" style=\"flex-basis:25%\">\n<div class=\"wp-block-group has-gray-medium-background-color has-background is-vertical is-content-justification-center is-layout-flex wp-container-core-group-is-layout-f0403e0a wp-block-group-is-layout-flex\" style=\"border-radius:20px;margin-top:0;margin-bottom:0;padding-top:var(--wp--preset--spacing--70);padding-right:var(--wp--preset--spacing--60);padding-bottom:var(--wp--preset--spacing--70);padding-left:var(--wp--preset--spacing--60)\">\n<figure class=\"wp-block-image size-large\"><img decoding=\"async\" width=\"104\" height=\"79\" data-src=\"https:\/\/www.winbiz.ch\/wp-content\/uploads\/2024\/06\/faq.svg\" alt=\"\" class=\"wp-image-573 lazyload\" style=\"--smush-placeholder-width: 104px; --smush-placeholder-aspect-ratio: 104\/79;object-fit:cover\" src=\"data:image\/svg+xml;base64,PHN2ZyB3aWR0aD0iMSIgaGVpZ2h0PSIxIiB4bWxucz0iaHR0cDovL3d3dy53My5vcmcvMjAwMC9zdmciPjwvc3ZnPg==\" \/><\/figure>\n\n\n\n<p>FAQ<\/p>\n\n\n\n<div class=\"wp-block-buttons is-layout-flex wp-block-buttons-is-layout-flex\">\n<div class=\"wp-block-button\"><a class=\"wp-block-button__link has-primary-color has-white-background-color has-text-color has-background has-link-color wp-element-button\" href=\"https:\/\/helpcenter.winbiz.ch\/hc\/fr\">en savoir plus<\/a><\/div>\n<\/div>\n<\/div>\n<\/div>\n<\/div>\n<\/div>\n\n\n\n<div style=\"height:50px\" aria-hidden=\"true\" class=\"wp-block-spacer\"><\/div>\n<\/div>\n\n\n\n<div class=\"wp-block-group has-white-background-color has-background has-global-padding is-layout-constrained wp-block-group-is-layout-constrained\" style=\"padding-top:var(--wp--preset--spacing--60);padding-bottom:var(--wp--preset--spacing--60)\">\n<div class=\"wp-block-group has-global-padding is-layout-constrained wp-block-group-is-layout-constrained\">\n<hr class=\"wp-block-separator alignwide has-text-color has-gray-dark-color has-alpha-channel-opacity has-gray-dark-background-color has-background is-style-wide\"\/>\n\n\n\n<div style=\"height:25px\" aria-hidden=\"true\" class=\"wp-block-spacer\"><\/div>\n\n\n\n<h3 class=\"wp-block-heading alignwide\">Autres services<\/h3>\n\n\n\n<div class=\"wp-block-columns alignwide is-layout-flex wp-container-core-columns-is-layout-28f84493 wp-block-columns-is-layout-flex\">\n<div class=\"wp-block-column is-layout-flow wp-block-column-is-layout-flow\">\n<div class=\"wp-block-group has-gray-medium-background-color has-background is-nowrap is-layout-flex wp-container-core-group-is-layout-e0b099ed wp-block-group-is-layout-flex\" style=\"border-radius:20px;padding-top:var(--wp--preset--spacing--40);padding-right:var(--wp--preset--spacing--40);padding-bottom:var(--wp--preset--spacing--40);padding-left:var(--wp--preset--spacing--40)\">\n<figure class=\"wp-block-image size-large is-resized\"><img decoding=\"async\" width=\"104\" height=\"79\" data-src=\"https:\/\/www.winbiz.ch\/wp-content\/uploads\/2024\/06\/faq.svg\" alt=\"\" class=\"wp-image-573 lazyload\" style=\"--smush-placeholder-width: 104px; --smush-placeholder-aspect-ratio: 104\/79;width:auto;height:42px\" src=\"data:image\/svg+xml;base64,PHN2ZyB3aWR0aD0iMSIgaGVpZ2h0PSIxIiB4bWxucz0iaHR0cDovL3d3dy53My5vcmcvMjAwMC9zdmciPjwvc3ZnPg==\" \/><\/figure>\n\n\n\n<div class=\"wp-block-group has-global-padding is-layout-constrained wp-block-group-is-layout-constrained\">\n<h5 class=\"wp-block-heading has-medium-font-size\" style=\"margin-top:0;margin-right:0;margin-bottom:0;margin-left:0;padding-top:0;padding-bottom:0;font-style:normal;font-weight:300\">FAQ<\/h5>\n\n\n\n<div class=\"wp-block-buttons is-layout-flex wp-block-buttons-is-layout-flex\" style=\"margin-top:var(--wp--preset--spacing--30);margin-bottom:var(--wp--preset--spacing--30)\">\n<div class=\"wp-block-button\"><a class=\"wp-block-button__link has-gray-warm-color has-white-background-color has-text-color has-background has-link-color wp-element-button\" href=\"https:\/\/helpcenter.winbiz.ch\/hc\/fr\">En savoir plus<\/a><\/div>\n<\/div>\n<\/div>\n<\/div>\n\n\n\n<div class=\"wp-block-group has-gray-medium-background-color has-background is-nowrap is-layout-flex wp-container-core-group-is-layout-e0b099ed wp-block-group-is-layout-flex\" style=\"border-radius:20px;padding-top:var(--wp--preset--spacing--40);padding-right:var(--wp--preset--spacing--40);padding-bottom:var(--wp--preset--spacing--40);padding-left:var(--wp--preset--spacing--40)\">\n<figure class=\"wp-block-image size-large is-resized\"><img decoding=\"async\" width=\"41\" height=\"60\" data-src=\"https:\/\/www.winbiz.ch\/wp-content\/uploads\/2024\/06\/formationIcon.svg\" alt=\"\" class=\"wp-image-644 lazyload\" style=\"--smush-placeholder-width: 41px; --smush-placeholder-aspect-ratio: 41\/60;width:auto;height:50px\" src=\"data:image\/svg+xml;base64,PHN2ZyB3aWR0aD0iMSIgaGVpZ2h0PSIxIiB4bWxucz0iaHR0cDovL3d3dy53My5vcmcvMjAwMC9zdmciPjwvc3ZnPg==\" \/><\/figure>\n\n\n\n<div class=\"wp-block-group has-global-padding is-layout-constrained wp-block-group-is-layout-constrained\">\n<h5 class=\"wp-block-heading has-medium-font-size\" style=\"font-style:normal;font-weight:300\">Formation<\/h5>\n\n\n\n<div class=\"wp-block-buttons is-layout-flex wp-block-buttons-is-layout-flex\" style=\"margin-top:var(--wp--preset--spacing--20);margin-bottom:var(--wp--preset--spacing--20)\">\n<div class=\"wp-block-button\"><a class=\"wp-block-button__link has-gray-warm-color has-white-background-color has-text-color has-background has-link-color wp-element-button\" href=\"https:\/\/www.winbiz.ch\/communaute\/\">En savoir plus<\/a><\/div>\n<\/div>\n<\/div>\n<\/div>\n<\/div>\n\n\n\n<div class=\"wp-block-column is-layout-flow wp-block-column-is-layout-flow\">\n<div class=\"wp-block-group has-gray-medium-background-color has-background is-nowrap is-layout-flex wp-container-core-group-is-layout-e0b099ed wp-block-group-is-layout-flex\" style=\"border-radius:20px;padding-top:var(--wp--preset--spacing--40);padding-right:var(--wp--preset--spacing--40);padding-bottom:var(--wp--preset--spacing--40);padding-left:var(--wp--preset--spacing--40)\">\n<figure class=\"wp-block-image size-large is-resized\"><img decoding=\"async\" width=\"100\" height=\"88\" data-src=\"https:\/\/www.winbiz.ch\/wp-content\/uploads\/2024\/06\/2021-4-4-13-8-47-644-fJcixM8M78K8gTdiFrFL.svg\" alt=\"\" class=\"wp-image-643 lazyload\" style=\"--smush-placeholder-width: 100px; --smush-placeholder-aspect-ratio: 100\/88;width:auto;height:50px\" src=\"data:image\/svg+xml;base64,PHN2ZyB3aWR0aD0iMSIgaGVpZ2h0PSIxIiB4bWxucz0iaHR0cDovL3d3dy53My5vcmcvMjAwMC9zdmciPjwvc3ZnPg==\" \/><\/figure>\n\n\n\n<div class=\"wp-block-group has-global-padding is-layout-constrained wp-block-group-is-layout-constrained\">\n<h5 class=\"wp-block-heading has-medium-font-size\" style=\"font-style:normal;font-weight:300\">Mises \u00e0 jour<\/h5>\n\n\n\n<div class=\"wp-block-buttons is-layout-flex wp-block-buttons-is-layout-flex\" style=\"margin-top:var(--wp--preset--spacing--20);margin-bottom:var(--wp--preset--spacing--20)\">\n<div class=\"wp-block-button\"><a class=\"wp-block-button__link has-gray-warm-color has-white-background-color has-text-color has-background has-link-color wp-element-button\" href=\"https:\/\/www.winbiz.ch\/support\/mises-a-jour\/\">En savoir plus<\/a><\/div>\n<\/div>\n<\/div>\n<\/div>\n<\/div>\n\n\n\n<div class=\"wp-block-column is-layout-flow wp-block-column-is-layout-flow\">\n<div class=\"wp-block-group has-gray-medium-background-color has-background is-nowrap is-layout-flex wp-container-core-group-is-layout-e0b099ed wp-block-group-is-layout-flex\" style=\"border-radius:20px;padding-top:var(--wp--preset--spacing--40);padding-right:var(--wp--preset--spacing--40);padding-bottom:var(--wp--preset--spacing--40);padding-left:var(--wp--preset--spacing--40)\">\n<figure class=\"wp-block-image size-large is-resized\"><img decoding=\"async\" width=\"88\" height=\"88\" data-src=\"https:\/\/www.winbiz.ch\/wp-content\/uploads\/2024\/06\/2021-4-4-13-9-6-523-Zh3OfOh7jAOmOmUBrTX3.svg\" alt=\"\" class=\"wp-image-571 lazyload\" style=\"--smush-placeholder-width: 88px; --smush-placeholder-aspect-ratio: 88\/88;width:auto;height:50px\" src=\"data:image\/svg+xml;base64,PHN2ZyB3aWR0aD0iMSIgaGVpZ2h0PSIxIiB4bWxucz0iaHR0cDovL3d3dy53My5vcmcvMjAwMC9zdmciPjwvc3ZnPg==\" \/><\/figure>\n\n\n\n<div class=\"wp-block-group has-global-padding is-layout-constrained wp-block-group-is-layout-constrained\">\n<h5 class=\"wp-block-heading has-medium-font-size\" style=\"font-style:normal;font-weight:300;letter-spacing:-1px\">T\u00e9l\u00e9chargement<\/h5>\n\n\n\n<div class=\"wp-block-buttons is-layout-flex wp-block-buttons-is-layout-flex\" style=\"margin-top:var(--wp--preset--spacing--20);margin-bottom:var(--wp--preset--spacing--20)\">\n<div class=\"wp-block-button\"><a class=\"wp-block-button__link has-gray-warm-color has-white-background-color has-text-color has-background has-link-color wp-element-button\" href=\"https:\/\/www.winbiz.ch\/support\/telechargements\/\">En savoir plus<\/a><\/div>\n<\/div>\n<\/div>\n<\/div>\n<\/div>\n\n\n\n<div class=\"wp-block-column is-layout-flow wp-block-column-is-layout-flow\">\n<div class=\"wp-block-group has-gray-medium-background-color has-background is-nowrap is-layout-flex wp-container-core-group-is-layout-e0b099ed wp-block-group-is-layout-flex\" style=\"border-radius:20px;padding-top:var(--wp--preset--spacing--40);padding-right:var(--wp--preset--spacing--40);padding-bottom:var(--wp--preset--spacing--40);padding-left:var(--wp--preset--spacing--40)\">\n<figure class=\"wp-block-image size-large is-resized\"><img decoding=\"async\" width=\"90\" height=\"90\" data-src=\"https:\/\/www.winbiz.ch\/wp-content\/uploads\/2024\/06\/2021-6-3-19-37-24-566-xmTNyPZ5l8mz7zq989Oy.svg\" alt=\"\" class=\"wp-image-560 lazyload\" style=\"--smush-placeholder-width: 90px; --smush-placeholder-aspect-ratio: 90\/90;width:auto;height:50px\" src=\"data:image\/svg+xml;base64,PHN2ZyB3aWR0aD0iMSIgaGVpZ2h0PSIxIiB4bWxucz0iaHR0cDovL3d3dy53My5vcmcvMjAwMC9zdmciPjwvc3ZnPg==\" \/><\/figure>\n\n\n\n<div class=\"wp-block-group has-global-padding is-layout-constrained wp-block-group-is-layout-constrained\">\n<h5 class=\"wp-block-heading has-medium-font-size\" style=\"font-style:normal;font-weight:300;letter-spacing:-1px\">Tele-assistance<\/h5>\n\n\n\n<div class=\"wp-block-buttons is-layout-flex wp-block-buttons-is-layout-flex\" style=\"margin-top:var(--wp--preset--spacing--20);margin-bottom:var(--wp--preset--spacing--20)\">\n<div class=\"wp-block-button\"><a class=\"wp-block-button__link has-gray-warm-color has-white-background-color has-text-color has-background has-link-color wp-element-button\" href=\"https:\/\/www.winbiz.ch\/support\/tele-assistance\/\">En savoir plus<\/a><\/div>\n<\/div>\n<\/div>\n<\/div>\n<\/div>\n<\/div>\n\n\n\n<div style=\"height:25px\" aria-hidden=\"true\" class=\"wp-block-spacer\"><\/div>\n\n\n\n<p><\/p>\n<\/div>\n<\/div>\n","protected":false},"excerpt":{"rendered":"<p>ASSISTANCE VIP Une assistance t\u00e9l\u00e9phonique et visuelle disponible pour vous. retour aux services disponibles Vous n\u2019avez pas le temps d\u2019attendre, vous souhaitez que vos demandes soient trait\u00e9es en priorit\u00e9 ? L\u2019assistance prioritaire V.I.P. est faite pour vous. Pour moins d\u2019un franc par jour et par acc\u00e8s, l\u2019assistance prioritaire V.I.P. vous offre les prestations suivantes : [&hellip;]<\/p>\n","protected":false},"author":1,"featured_media":0,"parent":20,"menu_order":1,"comment_status":"closed","ping_status":"closed","template":"page-base","meta":{"_acf_changed":false,"footnotes":""},"class_list":["post-578","page","type-page","status-publish","hentry"],"acf":[],"yoast_head":"<!-- This site is optimized with the Yoast SEO Premium plugin v26.0 (Yoast SEO v27.3) - https:\/\/yoast.com\/product\/yoast-seo-premium-wordpress\/ -->\n<title>Assistance VIP<\/title>\n<meta name=\"description\" content=\"Assistance VIP Winbiz : profitez d\u2019un support prioritaire par t\u00e9l\u00e9phone, mail et t\u00e9l\u00e9assistance pour r\u00e9soudre vos demandes rapidement.\" \/>\n<meta name=\"robots\" content=\"index, follow, max-snippet:-1, max-image-preview:large, max-video-preview:-1\" \/>\n<link rel=\"canonical\" href=\"https:\/\/www.winbiz.ch\/fr\/support\/assistance-vip\/\" \/>\n<meta property=\"og:locale\" content=\"fr_FR\" \/>\n<meta property=\"og:type\" content=\"article\" \/>\n<meta property=\"og:title\" content=\"ASSISTANCE VIP\" \/>\n<meta property=\"og:description\" content=\"Assistance VIP Winbiz : profitez d\u2019un support prioritaire par t\u00e9l\u00e9phone, mail et t\u00e9l\u00e9assistance pour r\u00e9soudre vos demandes rapidement.\" \/>\n<meta property=\"og:url\" content=\"https:\/\/www.winbiz.ch\/fr\/support\/assistance-vip\/\" \/>\n<meta property=\"og:site_name\" content=\"winbiz\" \/>\n<meta property=\"article:modified_time\" content=\"2025-10-14T13:53:56+00:00\" \/>\n<meta name=\"twitter:card\" content=\"summary_large_image\" \/>\n<meta name=\"twitter:label1\" content=\"Dur\u00e9e de lecture estim\u00e9e\" \/>\n\t<meta name=\"twitter:data1\" content=\"3 minutes\" \/>\n<script type=\"application\/ld+json\" class=\"yoast-schema-graph\">{\"@context\":\"https:\\\/\\\/schema.org\",\"@graph\":[{\"@type\":\"WebPage\",\"@id\":\"https:\\\/\\\/www.winbiz.ch\\\/fr\\\/support\\\/assistance-vip\\\/\",\"url\":\"https:\\\/\\\/www.winbiz.ch\\\/fr\\\/support\\\/assistance-vip\\\/\",\"name\":\"Assistance VIP\",\"isPartOf\":{\"@id\":\"https:\\\/\\\/www.winbiz.ch\\\/fr\\\/#website\"},\"primaryImageOfPage\":{\"@id\":\"https:\\\/\\\/www.winbiz.ch\\\/fr\\\/support\\\/assistance-vip\\\/#primaryimage\"},\"image\":{\"@id\":\"https:\\\/\\\/www.winbiz.ch\\\/fr\\\/support\\\/assistance-vip\\\/#primaryimage\"},\"thumbnailUrl\":\"https:\\\/\\\/www.winbiz.ch\\\/wp-content\\\/uploads\\\/2024\\\/06\\\/faq.svg\",\"datePublished\":\"2024-06-18T00:13:05+00:00\",\"dateModified\":\"2025-10-14T13:53:56+00:00\",\"description\":\"Assistance VIP Winbiz : profitez d\u2019un support prioritaire par t\u00e9l\u00e9phone, mail et t\u00e9l\u00e9assistance pour r\u00e9soudre vos demandes rapidement.\",\"breadcrumb\":{\"@id\":\"https:\\\/\\\/www.winbiz.ch\\\/fr\\\/support\\\/assistance-vip\\\/#breadcrumb\"},\"inLanguage\":\"fr-FR\",\"potentialAction\":[{\"@type\":\"ReadAction\",\"target\":[\"https:\\\/\\\/www.winbiz.ch\\\/fr\\\/support\\\/assistance-vip\\\/\"]}]},{\"@type\":\"ImageObject\",\"inLanguage\":\"fr-FR\",\"@id\":\"https:\\\/\\\/www.winbiz.ch\\\/fr\\\/support\\\/assistance-vip\\\/#primaryimage\",\"url\":\"https:\\\/\\\/www.winbiz.ch\\\/wp-content\\\/uploads\\\/2024\\\/06\\\/faq.svg\",\"contentUrl\":\"https:\\\/\\\/www.winbiz.ch\\\/wp-content\\\/uploads\\\/2024\\\/06\\\/faq.svg\"},{\"@type\":\"BreadcrumbList\",\"@id\":\"https:\\\/\\\/www.winbiz.ch\\\/fr\\\/support\\\/assistance-vip\\\/#breadcrumb\",\"itemListElement\":[{\"@type\":\"ListItem\",\"position\":1,\"name\":\"Accueil\",\"item\":\"https:\\\/\\\/www.winbiz.ch\\\/fr\\\/\"},{\"@type\":\"ListItem\",\"position\":2,\"name\":\"Support\",\"item\":\"https:\\\/\\\/www.winbiz.ch\\\/fr\\\/support\\\/\"},{\"@type\":\"ListItem\",\"position\":3,\"name\":\"ASSISTANCE VIP\"}]},{\"@type\":\"WebSite\",\"@id\":\"https:\\\/\\\/www.winbiz.ch\\\/fr\\\/#website\",\"url\":\"https:\\\/\\\/www.winbiz.ch\\\/fr\\\/\",\"name\":\"winbiz\",\"description\":\"\",\"publisher\":{\"@id\":\"https:\\\/\\\/www.winbiz.ch\\\/fr\\\/#organization\"},\"potentialAction\":[{\"@type\":\"SearchAction\",\"target\":{\"@type\":\"EntryPoint\",\"urlTemplate\":\"https:\\\/\\\/www.winbiz.ch\\\/fr\\\/?s={search_term_string}\"},\"query-input\":{\"@type\":\"PropertyValueSpecification\",\"valueRequired\":true,\"valueName\":\"search_term_string\"}}],\"inLanguage\":\"fr-FR\"},{\"@type\":\"Organization\",\"@id\":\"https:\\\/\\\/www.winbiz.ch\\\/fr\\\/#organization\",\"name\":\"winbiz\",\"url\":\"https:\\\/\\\/www.winbiz.ch\\\/fr\\\/\",\"logo\":{\"@type\":\"ImageObject\",\"inLanguage\":\"fr-FR\",\"@id\":\"https:\\\/\\\/www.winbiz.ch\\\/fr\\\/#\\\/schema\\\/logo\\\/image\\\/\",\"url\":\"https:\\\/\\\/www.winbiz.ch\\\/wp-content\\\/uploads\\\/2024\\\/09\\\/cropped-FAV-1.png\",\"contentUrl\":\"https:\\\/\\\/www.winbiz.ch\\\/wp-content\\\/uploads\\\/2024\\\/09\\\/cropped-FAV-1.png\",\"width\":512,\"height\":512,\"caption\":\"winbiz\"},\"image\":{\"@id\":\"https:\\\/\\\/www.winbiz.ch\\\/fr\\\/#\\\/schema\\\/logo\\\/image\\\/\"}}]}<\/script>\n<!-- \/ Yoast SEO Premium plugin. -->","yoast_head_json":{"title":"Assistance VIP","description":"Assistance VIP Winbiz : profitez d\u2019un support prioritaire par t\u00e9l\u00e9phone, mail et t\u00e9l\u00e9assistance pour r\u00e9soudre vos demandes rapidement.","robots":{"index":"index","follow":"follow","max-snippet":"max-snippet:-1","max-image-preview":"max-image-preview:large","max-video-preview":"max-video-preview:-1"},"canonical":"https:\/\/www.winbiz.ch\/fr\/support\/assistance-vip\/","og_locale":"fr_FR","og_type":"article","og_title":"ASSISTANCE VIP","og_description":"Assistance VIP Winbiz : profitez d\u2019un support prioritaire par t\u00e9l\u00e9phone, mail et t\u00e9l\u00e9assistance pour r\u00e9soudre vos demandes rapidement.","og_url":"https:\/\/www.winbiz.ch\/fr\/support\/assistance-vip\/","og_site_name":"winbiz","article_modified_time":"2025-10-14T13:53:56+00:00","twitter_card":"summary_large_image","twitter_misc":{"Dur\u00e9e de lecture estim\u00e9e":"3 minutes"},"schema":{"@context":"https:\/\/schema.org","@graph":[{"@type":"WebPage","@id":"https:\/\/www.winbiz.ch\/fr\/support\/assistance-vip\/","url":"https:\/\/www.winbiz.ch\/fr\/support\/assistance-vip\/","name":"Assistance VIP","isPartOf":{"@id":"https:\/\/www.winbiz.ch\/fr\/#website"},"primaryImageOfPage":{"@id":"https:\/\/www.winbiz.ch\/fr\/support\/assistance-vip\/#primaryimage"},"image":{"@id":"https:\/\/www.winbiz.ch\/fr\/support\/assistance-vip\/#primaryimage"},"thumbnailUrl":"https:\/\/www.winbiz.ch\/wp-content\/uploads\/2024\/06\/faq.svg","datePublished":"2024-06-18T00:13:05+00:00","dateModified":"2025-10-14T13:53:56+00:00","description":"Assistance VIP Winbiz : profitez d\u2019un support prioritaire par t\u00e9l\u00e9phone, mail et t\u00e9l\u00e9assistance pour r\u00e9soudre vos demandes rapidement.","breadcrumb":{"@id":"https:\/\/www.winbiz.ch\/fr\/support\/assistance-vip\/#breadcrumb"},"inLanguage":"fr-FR","potentialAction":[{"@type":"ReadAction","target":["https:\/\/www.winbiz.ch\/fr\/support\/assistance-vip\/"]}]},{"@type":"ImageObject","inLanguage":"fr-FR","@id":"https:\/\/www.winbiz.ch\/fr\/support\/assistance-vip\/#primaryimage","url":"https:\/\/www.winbiz.ch\/wp-content\/uploads\/2024\/06\/faq.svg","contentUrl":"https:\/\/www.winbiz.ch\/wp-content\/uploads\/2024\/06\/faq.svg"},{"@type":"BreadcrumbList","@id":"https:\/\/www.winbiz.ch\/fr\/support\/assistance-vip\/#breadcrumb","itemListElement":[{"@type":"ListItem","position":1,"name":"Accueil","item":"https:\/\/www.winbiz.ch\/fr\/"},{"@type":"ListItem","position":2,"name":"Support","item":"https:\/\/www.winbiz.ch\/fr\/support\/"},{"@type":"ListItem","position":3,"name":"ASSISTANCE VIP"}]},{"@type":"WebSite","@id":"https:\/\/www.winbiz.ch\/fr\/#website","url":"https:\/\/www.winbiz.ch\/fr\/","name":"winbiz","description":"","publisher":{"@id":"https:\/\/www.winbiz.ch\/fr\/#organization"},"potentialAction":[{"@type":"SearchAction","target":{"@type":"EntryPoint","urlTemplate":"https:\/\/www.winbiz.ch\/fr\/?s={search_term_string}"},"query-input":{"@type":"PropertyValueSpecification","valueRequired":true,"valueName":"search_term_string"}}],"inLanguage":"fr-FR"},{"@type":"Organization","@id":"https:\/\/www.winbiz.ch\/fr\/#organization","name":"winbiz","url":"https:\/\/www.winbiz.ch\/fr\/","logo":{"@type":"ImageObject","inLanguage":"fr-FR","@id":"https:\/\/www.winbiz.ch\/fr\/#\/schema\/logo\/image\/","url":"https:\/\/www.winbiz.ch\/wp-content\/uploads\/2024\/09\/cropped-FAV-1.png","contentUrl":"https:\/\/www.winbiz.ch\/wp-content\/uploads\/2024\/09\/cropped-FAV-1.png","width":512,"height":512,"caption":"winbiz"},"image":{"@id":"https:\/\/www.winbiz.ch\/fr\/#\/schema\/logo\/image\/"}}]}},"_links":{"self":[{"href":"https:\/\/www.winbiz.ch\/fr\/wp-json\/wp\/v2\/pages\/578","targetHints":{"allow":["GET"]}}],"collection":[{"href":"https:\/\/www.winbiz.ch\/fr\/wp-json\/wp\/v2\/pages"}],"about":[{"href":"https:\/\/www.winbiz.ch\/fr\/wp-json\/wp\/v2\/types\/page"}],"author":[{"embeddable":true,"href":"https:\/\/www.winbiz.ch\/fr\/wp-json\/wp\/v2\/users\/1"}],"replies":[{"embeddable":true,"href":"https:\/\/www.winbiz.ch\/fr\/wp-json\/wp\/v2\/comments?post=578"}],"version-history":[{"count":0,"href":"https:\/\/www.winbiz.ch\/fr\/wp-json\/wp\/v2\/pages\/578\/revisions"}],"up":[{"embeddable":true,"href":"https:\/\/www.winbiz.ch\/fr\/wp-json\/wp\/v2\/pages\/20"}],"wp:attachment":[{"href":"https:\/\/www.winbiz.ch\/fr\/wp-json\/wp\/v2\/media?parent=578"}],"curies":[{"name":"wp","href":"https:\/\/api.w.org\/{rel}","templated":true}]}}