


{"id":575,"date":"2024-06-18T00:12:11","date_gmt":"2024-06-18T00:12:11","guid":{"rendered":"https:\/\/winbiz.unprinted.ch\/?page_id=575"},"modified":"2025-10-14T14:39:58","modified_gmt":"2025-10-14T12:39:58","slug":"tele-assistance","status":"publish","type":"page","link":"https:\/\/www.winbiz.ch\/fr\/support\/tele-assistance\/","title":{"rendered":"tele-assistance"},"content":{"rendered":"\n<div class=\"wp-block-group alignfull has-global-padding is-layout-constrained wp-block-group-is-layout-constrained\">\n<div class=\"wp-block-group alignwide is-vertical is-content-justification-center is-layout-flex wp-container-core-group-is-layout-650ce88a wp-block-group-is-layout-flex\" style=\"min-height:40vh;padding-top:var(--wp--preset--spacing--70);padding-bottom:var(--wp--preset--spacing--70)\">\n<div style=\"height:0px\" aria-hidden=\"true\" class=\"wp-block-spacer wp-container-content-6388d5dc\"><\/div>\n\n\n\n<h2 class=\"wp-block-heading has-text-align-center aos-fade\" id=\"h-tele-assistance\">TELE-ASSISTANCE<\/h2>\n\n\n\n<p class=\"has-text-align-center aos-fade\">Une assistance t\u00e9l\u00e9phonique et visuelle disponible pour vous<\/p>\n\n\n\n<div class=\"wp-block-buttons is-layout-flex wp-block-buttons-is-layout-flex\">\n<div class=\"wp-block-button\"><a class=\"wp-block-button__link wp-element-button\" href=\"https:\/\/www.islonline.net\/start\/ISLLightClient\">T\u00e9l\u00e9charger l&rsquo;outil d&rsquo;assistance<\/a><\/div>\n<\/div>\n<\/div>\n\n\n\n<div class=\"wp-block-group is-layout-flow wp-block-group-is-layout-flow\">\n<p class=\"has-text-align-left has-primary-color has-text-color has-link-color wp-elements-0f80c2ea1e766b4cad0b74a63c50ebfc\"><a href=\"https:\/\/www.winbiz.ch\/fr\/support\"><br><\/a><i class=\"fal fa-chevron-left\"><\/i> <a href=\"https:\/\/www.winbiz.ch\/support\/\" data-type=\"page\" data-id=\"20\">retour aux services disponibles<\/a><\/p>\n\n\n\n<div style=\"height:10px\" aria-hidden=\"true\" class=\"wp-block-spacer\"><\/div>\n\n\n\n<hr class=\"wp-block-separator has-text-color has-gray-dark-color has-alpha-channel-opacity has-gray-dark-background-color has-background is-style-wide\"\/>\n<\/div>\n\n\n\n<div class=\"wp-block-group has-global-padding is-layout-constrained wp-block-group-is-layout-constrained\">\n<div style=\"height:50px\" aria-hidden=\"true\" class=\"wp-block-spacer\"><\/div>\n\n\n\n<div class=\"wp-block-columns is-layout-flex wp-container-core-columns-is-layout-28f84493 wp-block-columns-is-layout-flex\">\n<div class=\"wp-block-column is-layout-flow wp-block-column-is-layout-flow\">\n<div class=\"wp-block-group has-global-padding is-content-justification-left is-layout-constrained wp-container-core-group-is-layout-12dd3699 wp-block-group-is-layout-constrained\">\n<h5 class=\"wp-block-heading\" id=\"h-en-demarrant-la-tele-assistance-vous-acceptez-les-conditions-generales-ci-dessous\" style=\"font-style:normal;font-weight:200\">En d\u00e9marrant la t\u00e9l\u00e9-assistance, vous acceptez les conditions g\u00e9n\u00e9rales ci-dessous :<\/h5>\n\n\n\n<p style=\"font-style:normal;font-weight:300\">Le syst\u00e8me de t\u00e9l\u00e9maintenance vous permet d\u2019autoriser un agent \u00e0 intervenir sur votre syst\u00e8me en toute s\u00e9curit\u00e9. Vous pouvez utiliser l\u2019application de t\u00e9l\u00e9-assistance lorsque qu\u2019un agent de support doit ouvrir une session sur votre ordinateur. Vous contr\u00f4lez en permanence l\u2019ensemble des op\u00e9rations qui seront r\u00e9alis\u00e9es. L\u2019acc\u00e8s doit \u00eatre accept\u00e9 \u00e0 chaque session et aucune possibilit\u00e9 ult\u00e9rieure de connexion n\u2019est possible en votre absence et sans votre accord \u00e0 chaque connexion.<\/p>\n\n\n\n<div style=\"height:40px\" aria-hidden=\"true\" class=\"wp-block-spacer\"><\/div>\n\n\n\n<h5 class=\"wp-block-heading\" id=\"h-exclusion-de-responsabilite\" style=\"font-style:normal;font-weight:200\">EXCLUSION DE RESPONSABILITE<\/h5>\n\n\n\n<p style=\"font-style:normal;font-weight:300\">Important : FIDUCIAL WINBIZ SA n\u2019assume AUCUNE RESPONSABILITE en cas de perte de donn\u00e9es, de modification de votre syst\u00e8me avant, durant ou apr\u00e8s l\u2019intervention de l\u2019agent de support. Vous \u00eates le seul responsable d\u2019avoir effectu\u00e9 les sauvegardes n\u00e9cessaires avant toute intervention. Aucune pr\u00e9tention de d\u00e9dommagement ne peut \u00eatre exig\u00e9e suite \u00e0 une intervention technique d\u2019un agent de support, que l\u2019intervention ait eu lieu par t\u00e9l\u00e9phone, e-mail, internet ou par t\u00e9l\u00e9-assistance. En d\u00e9marrant l\u2019application de t\u00e9l\u00e9-assistance, vous acceptez implicitement ces conditions d\u2019exclusion de responsabilit\u00e9.<\/p>\n\n\n\n<div style=\"height:30px\" aria-hidden=\"true\" class=\"wp-block-spacer\"><\/div>\n\n\n\n<p class=\"has-primary-color has-text-color has-link-color wp-elements-d21db4f380005a88715ab385128e535a\"><a href=\"https:\/\/helpcenter.winbiz.ch\/hc\/fr\/articles\/115004013873-Comment-sauvegarder-les-donn%C3%A9es-depuis-Winbiz-Cloud-sur-PC-\" target=\"_blank\" rel=\"noreferrer noopener\">Marche \u00e0 suivre pour effectuer une sauvegarde des donn\u00e9es Winbiz<\/a><\/p>\n<\/div>\n<\/div>\n\n\n\n<div class=\"wp-block-column is-layout-flow wp-block-column-is-layout-flow\" style=\"flex-basis:25%\">\n<div class=\"wp-block-group has-gray-medium-background-color has-background is-vertical is-content-justification-center is-layout-flex wp-container-core-group-is-layout-f0403e0a wp-block-group-is-layout-flex\" style=\"border-radius:20px;margin-top:0;margin-bottom:0;padding-top:var(--wp--preset--spacing--70);padding-right:var(--wp--preset--spacing--60);padding-bottom:var(--wp--preset--spacing--70);padding-left:var(--wp--preset--spacing--60)\">\n<figure class=\"wp-block-image size-large\"><img decoding=\"async\" width=\"104\" height=\"79\" data-src=\"https:\/\/www.winbiz.ch\/wp-content\/uploads\/2024\/06\/faq.svg\" alt=\"\" class=\"wp-image-573 lazyload\" style=\"--smush-placeholder-width: 104px; --smush-placeholder-aspect-ratio: 104\/79;object-fit:cover\" src=\"data:image\/svg+xml;base64,PHN2ZyB3aWR0aD0iMSIgaGVpZ2h0PSIxIiB4bWxucz0iaHR0cDovL3d3dy53My5vcmcvMjAwMC9zdmciPjwvc3ZnPg==\" \/><\/figure>\n\n\n\n<p>FAQ<\/p>\n\n\n\n<div class=\"wp-block-buttons is-layout-flex wp-block-buttons-is-layout-flex\">\n<div class=\"wp-block-button\"><a class=\"wp-block-button__link has-primary-color has-white-background-color has-text-color has-background has-link-color wp-element-button\" href=\"https:\/\/helpcenter.winbiz.ch\/hc\/fr\">en savoir plus<\/a><\/div>\n<\/div>\n<\/div>\n<\/div>\n<\/div>\n\n\n\n<div style=\"height:50px\" aria-hidden=\"true\" class=\"wp-block-spacer\"><\/div>\n<\/div>\n<\/div>\n\n\n\n<div class=\"wp-block-group has-white-background-color has-background has-global-padding is-layout-constrained wp-block-group-is-layout-constrained\" style=\"padding-top:var(--wp--preset--spacing--60);padding-bottom:var(--wp--preset--spacing--60)\">\n<div class=\"wp-block-group has-global-padding is-layout-constrained wp-block-group-is-layout-constrained\">\n<hr class=\"wp-block-separator alignwide has-text-color has-gray-dark-color has-alpha-channel-opacity has-gray-dark-background-color has-background is-style-wide\"\/>\n\n\n\n<div style=\"height:25px\" aria-hidden=\"true\" class=\"wp-block-spacer\"><\/div>\n\n\n\n<h3 class=\"wp-block-heading alignwide\" id=\"h-autres-services\">Autres services<\/h3>\n\n\n\n<div class=\"wp-block-columns is-layout-flex wp-container-core-columns-is-layout-28f84493 wp-block-columns-is-layout-flex\">\n<div class=\"wp-block-column is-layout-flow wp-block-column-is-layout-flow\">\n<div class=\"wp-block-group has-gray-medium-background-color has-background is-nowrap is-layout-flex wp-container-core-group-is-layout-71bf7122 wp-block-group-is-layout-flex\" style=\"border-radius:20px;padding-top:var(--wp--preset--spacing--40);padding-right:var(--wp--preset--spacing--60);padding-bottom:var(--wp--preset--spacing--40);padding-left:var(--wp--preset--spacing--60)\">\n<figure class=\"wp-block-image size-large is-resized\"><img decoding=\"async\" width=\"104\" height=\"79\" data-src=\"https:\/\/www.winbiz.ch\/wp-content\/uploads\/2024\/06\/faq.svg\" alt=\"\" class=\"wp-image-573 lazyload\" style=\"--smush-placeholder-width: 104px; --smush-placeholder-aspect-ratio: 104\/79;width:auto;height:42px\" src=\"data:image\/svg+xml;base64,PHN2ZyB3aWR0aD0iMSIgaGVpZ2h0PSIxIiB4bWxucz0iaHR0cDovL3d3dy53My5vcmcvMjAwMC9zdmciPjwvc3ZnPg==\" \/><\/figure>\n\n\n\n<div class=\"wp-block-group has-global-padding is-layout-constrained wp-block-group-is-layout-constrained\">\n<h5 class=\"wp-block-heading has-medium-font-size\" id=\"h-faq\" style=\"margin-top:0;margin-right:0;margin-bottom:0;margin-left:0;padding-top:0;padding-bottom:0;font-style:normal;font-weight:300\">FAQ<\/h5>\n\n\n\n<div class=\"wp-block-buttons is-layout-flex wp-block-buttons-is-layout-flex\" style=\"margin-top:var(--wp--preset--spacing--30);margin-bottom:var(--wp--preset--spacing--30)\">\n<div class=\"wp-block-button\"><a class=\"wp-block-button__link has-gray-warm-color has-white-background-color has-text-color has-background has-link-color wp-element-button\" href=\"https:\/\/helpcenter.winbiz.ch\/hc\/fr\">En savoir plus<\/a><\/div>\n<\/div>\n<\/div>\n<\/div>\n<\/div>\n\n\n\n<div class=\"wp-block-column is-layout-flow wp-block-column-is-layout-flow\">\n<div class=\"wp-block-group has-gray-medium-background-color has-background is-nowrap is-layout-flex wp-container-core-group-is-layout-71bf7122 wp-block-group-is-layout-flex\" style=\"border-radius:20px;padding-top:var(--wp--preset--spacing--40);padding-right:var(--wp--preset--spacing--60);padding-bottom:var(--wp--preset--spacing--40);padding-left:var(--wp--preset--spacing--60)\">\n<figure class=\"wp-block-image size-large is-resized\"><img decoding=\"async\" width=\"100\" height=\"88\" data-src=\"https:\/\/www.winbiz.ch\/wp-content\/uploads\/2024\/06\/2021-4-4-13-8-47-644-fJcixM8M78K8gTdiFrFL.svg\" alt=\"\" class=\"wp-image-643 lazyload\" style=\"--smush-placeholder-width: 100px; --smush-placeholder-aspect-ratio: 100\/88;width:auto;height:50px\" src=\"data:image\/svg+xml;base64,PHN2ZyB3aWR0aD0iMSIgaGVpZ2h0PSIxIiB4bWxucz0iaHR0cDovL3d3dy53My5vcmcvMjAwMC9zdmciPjwvc3ZnPg==\" \/><\/figure>\n\n\n\n<div class=\"wp-block-group has-global-padding is-layout-constrained wp-block-group-is-layout-constrained\">\n<h5 class=\"wp-block-heading has-medium-font-size\" id=\"h-mises-a-jour\" style=\"font-style:normal;font-weight:300\">Mises \u00e0 jour<\/h5>\n\n\n\n<div class=\"wp-block-buttons is-layout-flex wp-block-buttons-is-layout-flex\" style=\"margin-top:var(--wp--preset--spacing--20);margin-bottom:var(--wp--preset--spacing--20)\">\n<div class=\"wp-block-button\"><a class=\"wp-block-button__link has-gray-warm-color has-white-background-color has-text-color has-background has-link-color wp-element-button\" href=\"https:\/\/www.winbiz.ch\/fr\/support\/mises-a-jour\/\">En savoir plus<\/a><\/div>\n<\/div>\n<\/div>\n<\/div>\n<\/div>\n\n\n\n<div class=\"wp-block-column is-layout-flow wp-block-column-is-layout-flow\">\n<div class=\"wp-block-group has-gray-medium-background-color has-background is-nowrap is-layout-flex wp-container-core-group-is-layout-71bf7122 wp-block-group-is-layout-flex\" style=\"border-radius:20px;padding-top:var(--wp--preset--spacing--40);padding-right:var(--wp--preset--spacing--60);padding-bottom:var(--wp--preset--spacing--40);padding-left:var(--wp--preset--spacing--60)\">\n<figure class=\"wp-block-image size-large is-resized\"><img decoding=\"async\" width=\"88\" height=\"88\" data-src=\"https:\/\/www.winbiz.ch\/wp-content\/uploads\/2024\/06\/2021-4-4-13-9-6-523-Zh3OfOh7jAOmOmUBrTX3.svg\" alt=\"\" class=\"wp-image-571 lazyload\" style=\"--smush-placeholder-width: 88px; --smush-placeholder-aspect-ratio: 88\/88;width:50px\" src=\"data:image\/svg+xml;base64,PHN2ZyB3aWR0aD0iMSIgaGVpZ2h0PSIxIiB4bWxucz0iaHR0cDovL3d3dy53My5vcmcvMjAwMC9zdmciPjwvc3ZnPg==\" \/><\/figure>\n\n\n\n<div class=\"wp-block-group has-global-padding is-layout-constrained wp-block-group-is-layout-constrained\">\n<h5 class=\"wp-block-heading has-medium-font-size\" id=\"h-telechargement\" style=\"font-style:normal;font-weight:300;letter-spacing:-1px\">T\u00e9l\u00e9chargement<\/h5>\n\n\n\n<div class=\"wp-block-buttons is-layout-flex wp-block-buttons-is-layout-flex\" style=\"margin-top:var(--wp--preset--spacing--20);margin-bottom:var(--wp--preset--spacing--20)\">\n<div class=\"wp-block-button\"><a class=\"wp-block-button__link has-gray-warm-color has-white-background-color has-text-color has-background has-link-color wp-element-button\" href=\"https:\/\/www.winbiz.ch\/fr\/support\/telechargements\/\">En savoir plus<\/a><\/div>\n<\/div>\n<\/div>\n<\/div>\n<\/div>\n\n\n\n<div class=\"wp-block-column is-layout-flow wp-block-column-is-layout-flow\">\n<div class=\"wp-block-group has-gray-medium-background-color has-background is-nowrap is-layout-flex wp-container-core-group-is-layout-71bf7122 wp-block-group-is-layout-flex\" style=\"border-radius:20px;padding-top:var(--wp--preset--spacing--40);padding-right:var(--wp--preset--spacing--60);padding-bottom:var(--wp--preset--spacing--40);padding-left:var(--wp--preset--spacing--60)\">\n<figure class=\"wp-block-image size-large is-resized\"><img decoding=\"async\" width=\"41\" height=\"60\" data-src=\"https:\/\/www.winbiz.ch\/wp-content\/uploads\/2024\/06\/formationIcon.svg\" alt=\"\" class=\"wp-image-644 lazyload\" style=\"--smush-placeholder-width: 41px; --smush-placeholder-aspect-ratio: 41\/60;width:auto;height:50px\" src=\"data:image\/svg+xml;base64,PHN2ZyB3aWR0aD0iMSIgaGVpZ2h0PSIxIiB4bWxucz0iaHR0cDovL3d3dy53My5vcmcvMjAwMC9zdmciPjwvc3ZnPg==\" \/><\/figure>\n\n\n\n<div class=\"wp-block-group has-global-padding is-layout-constrained wp-block-group-is-layout-constrained\">\n<h5 class=\"wp-block-heading has-medium-font-size\" id=\"h-formation\" style=\"font-style:normal;font-weight:300\">Formation<\/h5>\n\n\n\n<div class=\"wp-block-buttons is-layout-flex wp-block-buttons-is-layout-flex\" style=\"margin-top:var(--wp--preset--spacing--20);margin-bottom:var(--wp--preset--spacing--20)\">\n<div class=\"wp-block-button\"><a class=\"wp-block-button__link has-gray-warm-color has-white-background-color has-text-color has-background has-link-color wp-element-button\" href=\"https:\/\/www.winbiz.ch\/fr\/formations\/formations-entrepreneurs\/comptabilite\/\">En savoir plus<\/a><\/div>\n<\/div>\n<\/div>\n<\/div>\n<\/div>\n<\/div>\n\n\n\n<div style=\"height:25px\" aria-hidden=\"true\" class=\"wp-block-spacer\"><\/div>\n<\/div>\n<\/div>\n","protected":false},"excerpt":{"rendered":"<p>TELE-ASSISTANCE Une assistance t\u00e9l\u00e9phonique et visuelle disponible pour vous retour aux services disponibles En d\u00e9marrant la t\u00e9l\u00e9-assistance, vous acceptez les conditions g\u00e9n\u00e9rales ci-dessous : Le syst\u00e8me de t\u00e9l\u00e9maintenance vous permet d\u2019autoriser un agent \u00e0 intervenir sur votre syst\u00e8me en toute s\u00e9curit\u00e9. Vous pouvez utiliser l\u2019application de t\u00e9l\u00e9-assistance lorsque qu\u2019un agent de support doit ouvrir une [&hellip;]<\/p>\n","protected":false},"author":1,"featured_media":0,"parent":20,"menu_order":16,"comment_status":"closed","ping_status":"closed","template":"page-base","meta":{"_acf_changed":false,"footnotes":""},"class_list":["post-575","page","type-page","status-publish","hentry"],"acf":[],"yoast_head":"<!-- This site is optimized with the Yoast SEO Premium plugin v26.0 (Yoast SEO v27.5) - https:\/\/yoast.com\/product\/yoast-seo-premium-wordpress\/ -->\n<title>T\u00e9l\u00e9assistance - Winbiz<\/title>\n<meta name=\"description\" content=\"T\u00e9l\u00e9assistance Winbiz : acc\u00e9dez \u00e0 une aide \u00e0 distance rapide et s\u00e9curis\u00e9e pour r\u00e9soudre vos probl\u00e8mes techniques en toute simplicit\u00e9.\" \/>\n<meta name=\"robots\" content=\"index, follow, max-snippet:-1, max-image-preview:large, max-video-preview:-1\" \/>\n<link rel=\"canonical\" href=\"https:\/\/www.winbiz.ch\/fr\/support\/tele-assistance\/\" \/>\n<meta property=\"og:locale\" content=\"fr_FR\" \/>\n<meta property=\"og:type\" content=\"article\" \/>\n<meta property=\"og:title\" content=\"tele-assistance\" \/>\n<meta property=\"og:description\" content=\"T\u00e9l\u00e9assistance Winbiz : acc\u00e9dez \u00e0 une aide \u00e0 distance rapide et s\u00e9curis\u00e9e pour r\u00e9soudre vos probl\u00e8mes techniques en toute simplicit\u00e9.\" \/>\n<meta property=\"og:url\" content=\"https:\/\/www.winbiz.ch\/fr\/support\/tele-assistance\/\" \/>\n<meta property=\"og:site_name\" content=\"winbiz\" \/>\n<meta property=\"article:modified_time\" content=\"2025-10-14T12:39:58+00:00\" \/>\n<meta name=\"twitter:card\" content=\"summary_large_image\" \/>\n<meta name=\"twitter:label1\" content=\"Dur\u00e9e de lecture estim\u00e9e\" \/>\n\t<meta name=\"twitter:data1\" content=\"3 minutes\" \/>\n<script type=\"application\/ld+json\" class=\"yoast-schema-graph\">{\"@context\":\"https:\\\/\\\/schema.org\",\"@graph\":[{\"@type\":\"WebPage\",\"@id\":\"https:\\\/\\\/www.winbiz.ch\\\/fr\\\/support\\\/tele-assistance\\\/\",\"url\":\"https:\\\/\\\/www.winbiz.ch\\\/fr\\\/support\\\/tele-assistance\\\/\",\"name\":\"T\u00e9l\u00e9assistance - Winbiz\",\"isPartOf\":{\"@id\":\"https:\\\/\\\/www.winbiz.ch\\\/fr\\\/#website\"},\"primaryImageOfPage\":{\"@id\":\"https:\\\/\\\/www.winbiz.ch\\\/fr\\\/support\\\/tele-assistance\\\/#primaryimage\"},\"image\":{\"@id\":\"https:\\\/\\\/www.winbiz.ch\\\/fr\\\/support\\\/tele-assistance\\\/#primaryimage\"},\"thumbnailUrl\":\"https:\\\/\\\/www.winbiz.ch\\\/wp-content\\\/uploads\\\/2024\\\/06\\\/faq.svg\",\"datePublished\":\"2024-06-18T00:12:11+00:00\",\"dateModified\":\"2025-10-14T12:39:58+00:00\",\"description\":\"T\u00e9l\u00e9assistance Winbiz : acc\u00e9dez \u00e0 une aide \u00e0 distance rapide et s\u00e9curis\u00e9e pour r\u00e9soudre vos probl\u00e8mes techniques en toute simplicit\u00e9.\",\"breadcrumb\":{\"@id\":\"https:\\\/\\\/www.winbiz.ch\\\/fr\\\/support\\\/tele-assistance\\\/#breadcrumb\"},\"inLanguage\":\"fr-FR\",\"potentialAction\":[{\"@type\":\"ReadAction\",\"target\":[\"https:\\\/\\\/www.winbiz.ch\\\/fr\\\/support\\\/tele-assistance\\\/\"]}]},{\"@type\":\"ImageObject\",\"inLanguage\":\"fr-FR\",\"@id\":\"https:\\\/\\\/www.winbiz.ch\\\/fr\\\/support\\\/tele-assistance\\\/#primaryimage\",\"url\":\"https:\\\/\\\/www.winbiz.ch\\\/wp-content\\\/uploads\\\/2024\\\/06\\\/faq.svg\",\"contentUrl\":\"https:\\\/\\\/www.winbiz.ch\\\/wp-content\\\/uploads\\\/2024\\\/06\\\/faq.svg\"},{\"@type\":\"BreadcrumbList\",\"@id\":\"https:\\\/\\\/www.winbiz.ch\\\/fr\\\/support\\\/tele-assistance\\\/#breadcrumb\",\"itemListElement\":[{\"@type\":\"ListItem\",\"position\":1,\"name\":\"Accueil\",\"item\":\"https:\\\/\\\/www.winbiz.ch\\\/fr\\\/\"},{\"@type\":\"ListItem\",\"position\":2,\"name\":\"Support\",\"item\":\"https:\\\/\\\/www.winbiz.ch\\\/fr\\\/support\\\/\"},{\"@type\":\"ListItem\",\"position\":3,\"name\":\"tele-assistance\"}]},{\"@type\":\"WebSite\",\"@id\":\"https:\\\/\\\/www.winbiz.ch\\\/fr\\\/#website\",\"url\":\"https:\\\/\\\/www.winbiz.ch\\\/fr\\\/\",\"name\":\"winbiz\",\"description\":\"\",\"publisher\":{\"@id\":\"https:\\\/\\\/www.winbiz.ch\\\/fr\\\/#organization\"},\"potentialAction\":[{\"@type\":\"SearchAction\",\"target\":{\"@type\":\"EntryPoint\",\"urlTemplate\":\"https:\\\/\\\/www.winbiz.ch\\\/fr\\\/?s={search_term_string}\"},\"query-input\":{\"@type\":\"PropertyValueSpecification\",\"valueRequired\":true,\"valueName\":\"search_term_string\"}}],\"inLanguage\":\"fr-FR\"},{\"@type\":\"Organization\",\"@id\":\"https:\\\/\\\/www.winbiz.ch\\\/fr\\\/#organization\",\"name\":\"winbiz\",\"url\":\"https:\\\/\\\/www.winbiz.ch\\\/fr\\\/\",\"logo\":{\"@type\":\"ImageObject\",\"inLanguage\":\"fr-FR\",\"@id\":\"https:\\\/\\\/www.winbiz.ch\\\/fr\\\/#\\\/schema\\\/logo\\\/image\\\/\",\"url\":\"https:\\\/\\\/www.winbiz.ch\\\/wp-content\\\/uploads\\\/2024\\\/09\\\/cropped-FAV-1.png\",\"contentUrl\":\"https:\\\/\\\/www.winbiz.ch\\\/wp-content\\\/uploads\\\/2024\\\/09\\\/cropped-FAV-1.png\",\"width\":512,\"height\":512,\"caption\":\"winbiz\"},\"image\":{\"@id\":\"https:\\\/\\\/www.winbiz.ch\\\/fr\\\/#\\\/schema\\\/logo\\\/image\\\/\"}}]}<\/script>\n<!-- \/ Yoast SEO Premium plugin. -->","yoast_head_json":{"title":"T\u00e9l\u00e9assistance - Winbiz","description":"T\u00e9l\u00e9assistance Winbiz : acc\u00e9dez \u00e0 une aide \u00e0 distance rapide et s\u00e9curis\u00e9e pour r\u00e9soudre vos probl\u00e8mes techniques en toute simplicit\u00e9.","robots":{"index":"index","follow":"follow","max-snippet":"max-snippet:-1","max-image-preview":"max-image-preview:large","max-video-preview":"max-video-preview:-1"},"canonical":"https:\/\/www.winbiz.ch\/fr\/support\/tele-assistance\/","og_locale":"fr_FR","og_type":"article","og_title":"tele-assistance","og_description":"T\u00e9l\u00e9assistance Winbiz : acc\u00e9dez \u00e0 une aide \u00e0 distance rapide et s\u00e9curis\u00e9e pour r\u00e9soudre vos probl\u00e8mes techniques en toute simplicit\u00e9.","og_url":"https:\/\/www.winbiz.ch\/fr\/support\/tele-assistance\/","og_site_name":"winbiz","article_modified_time":"2025-10-14T12:39:58+00:00","twitter_card":"summary_large_image","twitter_misc":{"Dur\u00e9e de lecture estim\u00e9e":"3 minutes"},"schema":{"@context":"https:\/\/schema.org","@graph":[{"@type":"WebPage","@id":"https:\/\/www.winbiz.ch\/fr\/support\/tele-assistance\/","url":"https:\/\/www.winbiz.ch\/fr\/support\/tele-assistance\/","name":"T\u00e9l\u00e9assistance - Winbiz","isPartOf":{"@id":"https:\/\/www.winbiz.ch\/fr\/#website"},"primaryImageOfPage":{"@id":"https:\/\/www.winbiz.ch\/fr\/support\/tele-assistance\/#primaryimage"},"image":{"@id":"https:\/\/www.winbiz.ch\/fr\/support\/tele-assistance\/#primaryimage"},"thumbnailUrl":"https:\/\/www.winbiz.ch\/wp-content\/uploads\/2024\/06\/faq.svg","datePublished":"2024-06-18T00:12:11+00:00","dateModified":"2025-10-14T12:39:58+00:00","description":"T\u00e9l\u00e9assistance Winbiz : acc\u00e9dez \u00e0 une aide \u00e0 distance rapide et s\u00e9curis\u00e9e pour r\u00e9soudre vos probl\u00e8mes techniques en toute simplicit\u00e9.","breadcrumb":{"@id":"https:\/\/www.winbiz.ch\/fr\/support\/tele-assistance\/#breadcrumb"},"inLanguage":"fr-FR","potentialAction":[{"@type":"ReadAction","target":["https:\/\/www.winbiz.ch\/fr\/support\/tele-assistance\/"]}]},{"@type":"ImageObject","inLanguage":"fr-FR","@id":"https:\/\/www.winbiz.ch\/fr\/support\/tele-assistance\/#primaryimage","url":"https:\/\/www.winbiz.ch\/wp-content\/uploads\/2024\/06\/faq.svg","contentUrl":"https:\/\/www.winbiz.ch\/wp-content\/uploads\/2024\/06\/faq.svg"},{"@type":"BreadcrumbList","@id":"https:\/\/www.winbiz.ch\/fr\/support\/tele-assistance\/#breadcrumb","itemListElement":[{"@type":"ListItem","position":1,"name":"Accueil","item":"https:\/\/www.winbiz.ch\/fr\/"},{"@type":"ListItem","position":2,"name":"Support","item":"https:\/\/www.winbiz.ch\/fr\/support\/"},{"@type":"ListItem","position":3,"name":"tele-assistance"}]},{"@type":"WebSite","@id":"https:\/\/www.winbiz.ch\/fr\/#website","url":"https:\/\/www.winbiz.ch\/fr\/","name":"winbiz","description":"","publisher":{"@id":"https:\/\/www.winbiz.ch\/fr\/#organization"},"potentialAction":[{"@type":"SearchAction","target":{"@type":"EntryPoint","urlTemplate":"https:\/\/www.winbiz.ch\/fr\/?s={search_term_string}"},"query-input":{"@type":"PropertyValueSpecification","valueRequired":true,"valueName":"search_term_string"}}],"inLanguage":"fr-FR"},{"@type":"Organization","@id":"https:\/\/www.winbiz.ch\/fr\/#organization","name":"winbiz","url":"https:\/\/www.winbiz.ch\/fr\/","logo":{"@type":"ImageObject","inLanguage":"fr-FR","@id":"https:\/\/www.winbiz.ch\/fr\/#\/schema\/logo\/image\/","url":"https:\/\/www.winbiz.ch\/wp-content\/uploads\/2024\/09\/cropped-FAV-1.png","contentUrl":"https:\/\/www.winbiz.ch\/wp-content\/uploads\/2024\/09\/cropped-FAV-1.png","width":512,"height":512,"caption":"winbiz"},"image":{"@id":"https:\/\/www.winbiz.ch\/fr\/#\/schema\/logo\/image\/"}}]}},"_links":{"self":[{"href":"https:\/\/www.winbiz.ch\/fr\/wp-json\/wp\/v2\/pages\/575","targetHints":{"allow":["GET"]}}],"collection":[{"href":"https:\/\/www.winbiz.ch\/fr\/wp-json\/wp\/v2\/pages"}],"about":[{"href":"https:\/\/www.winbiz.ch\/fr\/wp-json\/wp\/v2\/types\/page"}],"author":[{"embeddable":true,"href":"https:\/\/www.winbiz.ch\/fr\/wp-json\/wp\/v2\/users\/1"}],"replies":[{"embeddable":true,"href":"https:\/\/www.winbiz.ch\/fr\/wp-json\/wp\/v2\/comments?post=575"}],"version-history":[{"count":0,"href":"https:\/\/www.winbiz.ch\/fr\/wp-json\/wp\/v2\/pages\/575\/revisions"}],"up":[{"embeddable":true,"href":"https:\/\/www.winbiz.ch\/fr\/wp-json\/wp\/v2\/pages\/20"}],"wp:attachment":[{"href":"https:\/\/www.winbiz.ch\/fr\/wp-json\/wp\/v2\/media?parent=575"}],"curies":[{"name":"wp","href":"https:\/\/api.w.org\/{rel}","templated":true}]}}