


{"id":24,"date":"2024-05-10T03:25:25","date_gmt":"2024-05-10T01:25:25","guid":{"rendered":"https:\/\/winbiz.unprinted.ch\/?page_id=24"},"modified":"2026-01-15T11:22:06","modified_gmt":"2026-01-15T10:22:06","slug":"winbiz","status":"publish","type":"page","link":"https:\/\/www.winbiz.ch\/fr\/winbiz\/","title":{"rendered":"Winbiz"},"content":{"rendered":"\n<div class=\"wp-block-group alignfull has-gray-light-background-color has-background has-global-padding is-layout-constrained wp-block-group-is-layout-constrained\">\n<div class=\"wp-block-group alignfull has-global-padding is-layout-constrained wp-block-group-is-layout-constrained\" style=\"padding-top:var(--wp--preset--spacing--x-large);padding-bottom:var(--wp--preset--spacing--medium)\">\n<div class=\"wp-block-columns are-vertically-aligned-center has-gray-light-background-color has-background is-layout-flex wp-container-core-columns-is-layout-fd378f84 wp-block-columns-is-layout-flex\" style=\"padding-top:var(--wp--preset--spacing--large);padding-right:0;padding-left:0\">\n<div class=\"wp-block-column is-vertically-aligned-center is-layout-flow wp-block-column-is-layout-flow\">\n<figure class=\"wp-block-image aligncenter size-full is-resized\"><img decoding=\"async\" width=\"512\" height=\"512\" data-src=\"https:\/\/www.winbiz.ch\/wp-content\/smush-webp\/2024\/09\/cropped-FAV-1.png.webp\" alt=\"\" class=\"wp-image-6921 lazyload\" style=\"--smush-placeholder-width: 512px; --smush-placeholder-aspect-ratio: 512\/512;width:250px\" data-srcset=\"https:\/\/www.winbiz.ch\/wp-content\/smush-webp\/2024\/09\/cropped-FAV-1.png.webp 512w, https:\/\/www.winbiz.ch\/wp-content\/smush-webp\/2024\/09\/cropped-FAV-1-300x300.png.webp 300w, https:\/\/www.winbiz.ch\/wp-content\/smush-webp\/2024\/09\/cropped-FAV-1-150x150.png.webp 150w, https:\/\/www.winbiz.ch\/wp-content\/smush-webp\/2024\/09\/cropped-FAV-1-270x270.png.webp 270w, https:\/\/www.winbiz.ch\/wp-content\/smush-webp\/2024\/09\/cropped-FAV-1-192x192.png.webp 192w, https:\/\/www.winbiz.ch\/wp-content\/smush-webp\/2024\/09\/cropped-FAV-1-180x180.png.webp 180w, https:\/\/www.winbiz.ch\/wp-content\/smush-webp\/2024\/09\/cropped-FAV-1-32x32.png.webp 32w\" data-sizes=\"(max-width: 512px) 100vw, 512px\" src=\"data:image\/svg+xml;base64,PHN2ZyB3aWR0aD0iMSIgaGVpZ2h0PSIxIiB4bWxucz0iaHR0cDovL3d3dy53My5vcmcvMjAwMC9zdmciPjwvc3ZnPg==\" \/><\/figure>\n<\/div>\n\n\n\n<div class=\"wp-block-column is-vertically-aligned-center has-gray-light-background-color has-background is-layout-flow wp-block-column-is-layout-flow\">\n<div class=\"wp-block-group h-full has-gray-light-background-color has-background has-global-padding is-layout-constrained wp-container-core-group-is-layout-d9f58ab3 wp-block-group-is-layout-constrained\" style=\"padding-top:0;padding-right:var(--wp--preset--spacing--x-small);padding-bottom:0;padding-left:var(--wp--preset--spacing--x-small)\">\n<p class=\"has-text-align-left has-medium-font-size\">Winbiz est depuis la fin des ann\u00e9es 90 l\u2019\u00e9diteur de r\u00e9f\u00e9rence en Suisse pour la gestion des PME, des TPE, des ind\u00e9pendants et des startups. Winbiz fournit une solution compl\u00e8te, productive et \u00e9prouv\u00e9e aux entrepreneurs et \u00e0 leur \u00e9cosyst\u00e8me pour assurer toutes les t\u00e2ches de gestion quotidienne de leur activit\u00e9.<\/p>\n\n\n\n<p class=\"has-text-align-left has-medium-font-size\">Winbiz b\u00e9n\u00e9ficie du support d\u2019un groupe international et de l\u2019agilit\u00e9 d\u2019une PME avec une implantation locale forte et historique pour \u00eatre au plus proche du quotidien et des besoins de ses clients.<\/p>\n<\/div>\n<\/div>\n<\/div>\n\n\n\n<div class=\"wp-block-buttons is-content-justification-center is-layout-flex wp-container-core-buttons-is-layout-a89b3969 wp-block-buttons-is-layout-flex\">\n<div class=\"wp-block-button\"><a class=\"wp-block-button__link has-white-color has-primary-background-color has-text-color has-background has-link-color wp-element-button\" href=\"https:\/\/www.winbiz.ch\/fr\/produit\/\">D\u00e9couvrir le logiciel<\/a><\/div>\n\n\n\n<div class=\"wp-block-button\"><a class=\"wp-block-button__link has-primary-color has-white-background-color has-text-color has-background has-link-color wp-element-button\" href=\"#jobs\">Nos offres d&#8217;emploi<\/a><\/div>\n<\/div>\n<\/div>\n<\/div>\n\n\n\n<div class=\"wp-block-group alignfull has-white-background-color has-background has-global-padding is-content-justification-center is-layout-constrained wp-container-core-group-is-layout-343b9131 wp-block-group-is-layout-constrained\" style=\"padding-top:var(--wp--preset--spacing--x-small);padding-right:var(--wp--preset--spacing--large);padding-bottom:var(--wp--preset--spacing--x-small);padding-left:var(--wp--preset--spacing--large)\">\n<h3 class=\"wp-block-heading alignwide has-text-align-left\" id=\"h-actualites\" style=\"text-transform:uppercase\">ACTUALIT\u00c9S<\/h3>\n\n\n\n<div class=\"wp-block-group alignwide is-nowrap is-layout-flex wp-container-core-group-is-layout-cdab40c6 wp-block-group-is-layout-flex\">\n<ul class=\"wp-block-list is-style-default has-primary-color has-text-color has-link-color wp-elements-93ac8b4b1d58cfa8930d77d24b457154\">\n<li><a href=\"https:\/\/www.winbiz.ch\/fr\/start-up\/\"><\/a><a href=\"https:\/\/www.winbiz.ch\/fr\/produit\/commander-le-pack\/camt-rapprochement-bancaire\/\" target=\"_blank\" rel=\"noreferrer noopener\">Sortie produit\u00a0: Rapprochement bancaire automatis\u00e9<\/a>s<\/li>\n\n\n\n<li><a href=\"https:\/\/www.winbiz.ch\/fr\/start-up\/\" target=\"_blank\" rel=\"noreferrer noopener\">Nouvelle offre: Winbiz Startups<\/a><\/li>\n\n\n\n<li><a href=\"https:\/\/neuchatel-vins-terroir.ch\/wp-content\/uploads\/2026\/01\/2024_Broschure-Chur_61.-MV.pdf\" target=\"_blank\" rel=\"noreferrer noopener\">AG Treuhand Suisse \u2013 29 novembre 2025<\/a><\/li>\n\n\n\n<li><a href=\"https:\/\/www.winbiz.ch\/fr\/midi-fiduciaire\/\" target=\"_blank\" rel=\"noreferrer noopener\">Midi Fiduciaires Suisses \u2013 Sion, Lausanne, Gen\u00e8ve, Murten du 18 au 27 novembre 2025<\/a><\/li>\n<\/ul>\n<\/div>\n\n\n\n<p><\/p>\n<\/div>\n\n\n\n<div class=\"wp-block-group alignfull has-white-background-color has-background has-global-padding is-content-justification-center is-layout-constrained wp-container-core-group-is-layout-343b9131 wp-block-group-is-layout-constrained\" style=\"padding-top:var(--wp--preset--spacing--x-small);padding-right:var(--wp--preset--spacing--large);padding-bottom:var(--wp--preset--spacing--x-small);padding-left:var(--wp--preset--spacing--large)\">\n<h3 class=\"wp-block-heading alignwide has-text-align-left\" id=\"h-nos-5-chiffres-cles\" style=\"text-transform:uppercase\">Nos 5 chiffres cl\u00e9s<\/h3>\n\n\n\n<div class=\"wp-block-group alignwide is-layout-flex wp-container-core-group-is-layout-c4226590 wp-block-group-is-layout-flex\">\n<div class=\"wp-block-group has-global-padding is-content-justification-left is-layout-constrained wp-container-core-group-is-layout-12dd3699 wp-block-group-is-layout-constrained\">\n<hr class=\"wp-block-separator has-text-color has-primary-color has-alpha-channel-opacity has-primary-background-color has-background is-style-thick-line\"\/>\n\n\n\n<p>Cr\u00e9ation de Winbiz \u00e0 Martigny<\/p>\n\n\n\n<h2 class=\"wp-block-heading has-primary-color has-text-color has-link-color wp-elements-334c189ee2ddee2d0e560baf9de99171\" id=\"h-1992\" style=\"font-size:clamp(50.171px, 3.136rem + ((1vw - 3.2px) * 3.775), 100px);\">1992<\/h2>\n<\/div>\n\n\n\n<div class=\"wp-block-group wp-container-content-9cfa9a5a has-global-padding is-content-justification-left is-layout-constrained wp-container-core-group-is-layout-12dd3699 wp-block-group-is-layout-constrained\">\n<hr class=\"wp-block-separator has-text-color has-primary-color has-alpha-channel-opacity has-primary-background-color has-background is-style-thick-line\"\/>\n\n\n\n<p>Nombre de partenaires dans notre r\u00e9seau<\/p>\n\n\n\n<h2 class=\"wp-block-heading has-primary-color has-text-color has-link-color wp-elements-13383e62763bf096b4b4ec549d9a0f18\" id=\"h-200\" style=\"font-size:clamp(50.171px, 3.136rem + ((1vw - 3.2px) * 3.775), 100px);\">+200<\/h2>\n<\/div>\n\n\n\n<div class=\"wp-block-group has-global-padding is-content-justification-left is-layout-constrained wp-container-core-group-is-layout-12dd3699 wp-block-group-is-layout-constrained\">\n<hr class=\"wp-block-separator has-text-color has-primary-color has-alpha-channel-opacity has-primary-background-color has-background is-style-thick-line\"\/>\n\n\n\n<p>Nombre de clients qui nous font confiance<\/p>\n\n\n\n<h2 class=\"wp-block-heading has-primary-color has-text-color has-link-color wp-elements-b9158eaedb49a07733ca3865f2435888\" id=\"h-50-000\" style=\"font-size:clamp(50.171px, 3.136rem + ((1vw - 3.2px) * 3.775), 100px);\">+50&rsquo;000   <\/h2>\n<\/div>\n<\/div>\n\n\n\n<div class=\"wp-block-group alignwide is-nowrap is-layout-flex wp-container-core-group-is-layout-cdab40c6 wp-block-group-is-layout-flex\">\n<div class=\"wp-block-group has-global-padding is-content-justification-left is-layout-constrained wp-container-core-group-is-layout-12dd3699 wp-block-group-is-layout-constrained\">\n<hr class=\"wp-block-separator has-text-color has-primary-color has-alpha-channel-opacity has-primary-background-color has-background is-style-thick-line\"\/>\n\n\n\n<p>Nombre de bureaux fiduciaire qui nous font confiance<\/p>\n\n\n\n<h2 class=\"wp-block-heading has-primary-color has-text-color has-link-color wp-elements-203160a03ce3bd37b32c8ef50f7fdf8d\" id=\"h-1-000\" style=\"font-size:clamp(50.171px, 3.136rem + ((1vw - 3.2px) * 3.775), 100px);\">+1&rsquo;000<\/h2>\n<\/div>\n\n\n\n<div class=\"wp-block-group has-global-padding is-content-justification-left is-layout-constrained wp-container-core-group-is-layout-12dd3699 wp-block-group-is-layout-constrained\">\n<hr class=\"wp-block-separator has-text-color has-primary-color has-alpha-channel-opacity has-primary-background-color has-background is-style-thick-line\"\/>\n\n\n\n<p>Langues disponibles<\/p>\n\n\n\n<h2 class=\"wp-block-heading has-primary-color has-text-color has-link-color wp-elements-1f1fce77fb5da878e9c520b2ab358d6a\" id=\"h-4\" style=\"font-size:clamp(50.171px, 3.136rem + ((1vw - 3.2px) * 3.775), 100px);\">4<\/h2>\n<\/div>\n<\/div>\n<\/div>\n\n\n\n<div class=\"wp-block-cover alignfull is-light has-custom-content-position is-position-center-right z-20\" style=\"padding-right:var(--wp--preset--spacing--70);padding-left:var(--wp--preset--spacing--70);min-height:580px;aspect-ratio:unset;\"><img decoding=\"async\" width=\"1024\" height=\"288\" class=\"wp-block-cover__image-background wp-image-22062 size-large lazyload\" alt=\"\" data-src=\"https:\/\/www.winbiz.ch\/wp-content\/smush-webp\/2025\/09\/thumbnail_image003-1-1024x288.png.webp\" style=\"--smush-placeholder-width: 1024px; --smush-placeholder-aspect-ratio: 1024\/288;object-position:73% 74%\" data-object-fit=\"cover\" data-object-position=\"73% 74%\" data-srcset=\"https:\/\/www.winbiz.ch\/wp-content\/smush-webp\/2025\/09\/thumbnail_image003-1-1024x288.png.webp 1024w, https:\/\/www.winbiz.ch\/wp-content\/smush-webp\/2025\/09\/thumbnail_image003-1-300x84.png.webp 300w, https:\/\/www.winbiz.ch\/wp-content\/smush-webp\/2025\/09\/thumbnail_image003-1-768x216.png.webp 768w, https:\/\/www.winbiz.ch\/wp-content\/smush-webp\/2025\/09\/thumbnail_image003-1-1536x432.png.webp 1536w, https:\/\/www.winbiz.ch\/wp-content\/smush-webp\/2025\/09\/thumbnail_image003-1.png.webp 1920w\" data-sizes=\"(max-width: 1024px) 100vw, 1024px\" src=\"data:image\/svg+xml;base64,PHN2ZyB3aWR0aD0iMSIgaGVpZ2h0PSIxIiB4bWxucz0iaHR0cDovL3d3dy53My5vcmcvMjAwMC9zdmciPjwvc3ZnPg==\" \/><span aria-hidden=\"true\" class=\"wp-block-cover__background has-background-dim-0 has-background-dim\" style=\"background-color:#777574\"><\/span><div class=\"wp-block-cover__inner-container has-global-padding is-layout-constrained wp-container-core-cover-is-layout-c8ee93ac wp-block-cover-is-layout-constrained\">\n<div class=\"wp-block-group has-global-padding is-layout-constrained wp-container-core-group-is-layout-b42d8546 wp-block-group-is-layout-constrained\">\n<h2 class=\"wp-block-heading has-text-align-left has-white-color has-text-color has-link-color wp-elements-b5b16d2fbc1fd3b989862c6930c07c74\" id=\"h-besoin-de-bouger-emportez-winbiz-avec-vous\" style=\"font-size:clamp(31.609px, 1.976rem + ((1vw - 3.2px) * 1.848), 56px);line-height:1\">BESOIN DE BOUGER? EMPORTEZ WINBIZ AVEC VOUS.<\/h2>\n\n\n\n<div class=\"wp-block-group is-nowrap is-layout-flex wp-container-core-group-is-layout-6c531013 wp-block-group-is-layout-flex\">\n<figure class=\"wp-block-image size-large\"><a href=\"https:\/\/apps.apple.com\/ch\/app\/winbiz\/id1530518600?l=fr\"><img decoding=\"async\" width=\"142\" height=\"41\" data-src=\"https:\/\/www.winbiz.ch\/wp-content\/uploads\/2024\/06\/appStore-download.svg\" alt=\"\" class=\"wp-image-336 lazyload\" src=\"data:image\/svg+xml;base64,PHN2ZyB3aWR0aD0iMSIgaGVpZ2h0PSIxIiB4bWxucz0iaHR0cDovL3d3dy53My5vcmcvMjAwMC9zdmciPjwvc3ZnPg==\" style=\"--smush-placeholder-width: 142px; --smush-placeholder-aspect-ratio: 142\/41;\" \/><\/a><\/figure>\n\n\n\n<figure class=\"wp-block-image size-large\"><a href=\"https:\/\/play.google.com\/store\/apps\/details?id=app.winbiz&amp;gl=CH&amp;pli=1\"><img decoding=\"async\" width=\"142\" height=\"41\" data-src=\"https:\/\/www.winbiz.ch\/wp-content\/uploads\/2024\/06\/playStore-download-1.svg\" alt=\"\" class=\"wp-image-337 lazyload\" src=\"data:image\/svg+xml;base64,PHN2ZyB3aWR0aD0iMSIgaGVpZ2h0PSIxIiB4bWxucz0iaHR0cDovL3d3dy53My5vcmcvMjAwMC9zdmciPjwvc3ZnPg==\" style=\"--smush-placeholder-width: 142px; --smush-placeholder-aspect-ratio: 142\/41;\" \/><\/a><\/figure>\n<\/div>\n<\/div>\n<\/div><\/div>\n\n\n\n<div id=\"jobs\" class=\"wp-block-group has-white-color has-gray-dark-background-color has-text-color has-background has-link-color wp-elements-f8249bb5721a5e2a9c3a7e0ce5e58829 has-global-padding is-layout-constrained wp-container-core-group-is-layout-e20e7e2d wp-block-group-is-layout-constrained\" style=\"padding-top:var(--wp--preset--spacing--large);padding-right:var(--wp--preset--spacing--large);padding-bottom:var(--wp--preset--spacing--large);padding-left:var(--wp--preset--spacing--large)\">\n<h2 class=\"wp-block-heading has-text-align-center\" id=\"h-vous-souhaitez-nous-rejoindre\">Vous souhaitez nous rejoindre?<\/h2>\n\n\n\n<div style=\"height:20px\" aria-hidden=\"true\" class=\"wp-block-spacer\"><\/div>\n\n\n\n<p class=\"has-text-align-center\">Nous mettons r\u00e9guli\u00e8rement \u00e0 jour nos offres d\u2019emploi. Vous pouvez les retrouver ici. Sinon, postulez spontan\u00e9ment, nous serons heureux de vous rencontrer.<\/p>\n\n\n\n<div class=\"wp-block-buttons is-content-justification-center is-layout-flex wp-container-core-buttons-is-layout-a89b3969 wp-block-buttons-is-layout-flex\">\n<div class=\"wp-block-button\"><a class=\"wp-block-button__link wp-element-button\" href=\"mailto:jobs@winbiz.ch\">CANDIDATURE SPONTAN\u00c9E<\/a><\/div>\n<\/div>\n<\/div>\n","protected":false},"excerpt":{"rendered":"<p>Winbiz est depuis la fin des ann\u00e9es 90 l\u2019\u00e9diteur de r\u00e9f\u00e9rence en Suisse pour la gestion des PME, des TPE, des ind\u00e9pendants et des startups. Winbiz fournit une solution compl\u00e8te, productive et \u00e9prouv\u00e9e aux entrepreneurs et \u00e0 leur \u00e9cosyst\u00e8me pour assurer toutes les t\u00e2ches de gestion quotidienne de leur activit\u00e9. Winbiz b\u00e9n\u00e9ficie du support d\u2019un [&hellip;]<\/p>\n","protected":false},"author":1,"featured_media":0,"parent":0,"menu_order":23,"comment_status":"closed","ping_status":"closed","template":"page-base","meta":{"_acf_changed":false,"footnotes":""},"class_list":["post-24","page","type-page","status-publish","hentry"],"acf":[],"yoast_head":"<!-- This site is optimized with the Yoast SEO Premium plugin v26.0 (Yoast SEO v27.3) - https:\/\/yoast.com\/product\/yoast-seo-premium-wordpress\/ -->\n<title>\u00c2 propos - Winbiz<\/title>\n<meta name=\"description\" content=\"Logiciel de gestion Winbiz pour les entreprises suisses : Accessible, s\u00e9curis\u00e9 et toujours \u00e0 jour, testez-le gratuitement d\u00e8s aujourd&#039;hui.\" \/>\n<meta name=\"robots\" content=\"index, follow, max-snippet:-1, max-image-preview:large, max-video-preview:-1\" \/>\n<link rel=\"canonical\" href=\"https:\/\/www.winbiz.ch\/fr\/winbiz\/\" \/>\n<meta property=\"og:locale\" content=\"fr_FR\" \/>\n<meta property=\"og:type\" content=\"article\" \/>\n<meta property=\"og:title\" content=\"Winbiz\" \/>\n<meta property=\"og:description\" content=\"Logiciel de gestion Winbiz pour les entreprises suisses : Accessible, s\u00e9curis\u00e9 et toujours \u00e0 jour, testez-le gratuitement d\u00e8s aujourd&#039;hui.\" \/>\n<meta property=\"og:url\" content=\"https:\/\/www.winbiz.ch\/fr\/winbiz\/\" \/>\n<meta property=\"og:site_name\" content=\"winbiz\" \/>\n<meta property=\"article:modified_time\" content=\"2026-01-15T10:22:06+00:00\" \/>\n<meta property=\"og:image\" content=\"https:\/\/www.winbiz.ch\/wp-content\/uploads\/2024\/09\/cropped-FAV-1.png\" \/>\n\t<meta property=\"og:image:width\" content=\"512\" \/>\n\t<meta property=\"og:image:height\" content=\"512\" \/>\n\t<meta property=\"og:image:type\" content=\"image\/png\" \/>\n<meta name=\"twitter:card\" content=\"summary_large_image\" \/>\n<meta name=\"twitter:label1\" content=\"Dur\u00e9e de lecture estim\u00e9e\" \/>\n\t<meta name=\"twitter:data1\" content=\"2 minutes\" \/>\n<script type=\"application\/ld+json\" class=\"yoast-schema-graph\">{\"@context\":\"https:\\\/\\\/schema.org\",\"@graph\":[{\"@type\":\"WebPage\",\"@id\":\"https:\\\/\\\/www.winbiz.ch\\\/fr\\\/winbiz\\\/\",\"url\":\"https:\\\/\\\/www.winbiz.ch\\\/fr\\\/winbiz\\\/\",\"name\":\"\u00c2 propos - Winbiz\",\"isPartOf\":{\"@id\":\"https:\\\/\\\/www.winbiz.ch\\\/fr\\\/#website\"},\"primaryImageOfPage\":{\"@id\":\"https:\\\/\\\/www.winbiz.ch\\\/fr\\\/winbiz\\\/#primaryimage\"},\"image\":{\"@id\":\"https:\\\/\\\/www.winbiz.ch\\\/fr\\\/winbiz\\\/#primaryimage\"},\"thumbnailUrl\":\"https:\\\/\\\/www.winbiz.ch\\\/wp-content\\\/uploads\\\/2024\\\/09\\\/cropped-FAV-1.png\",\"datePublished\":\"2024-05-10T01:25:25+00:00\",\"dateModified\":\"2026-01-15T10:22:06+00:00\",\"description\":\"Logiciel de gestion Winbiz pour les entreprises suisses : Accessible, s\u00e9curis\u00e9 et toujours \u00e0 jour, testez-le gratuitement d\u00e8s aujourd'hui.\",\"breadcrumb\":{\"@id\":\"https:\\\/\\\/www.winbiz.ch\\\/fr\\\/winbiz\\\/#breadcrumb\"},\"inLanguage\":\"fr-FR\",\"potentialAction\":[{\"@type\":\"ReadAction\",\"target\":[\"https:\\\/\\\/www.winbiz.ch\\\/fr\\\/winbiz\\\/\"]}]},{\"@type\":\"ImageObject\",\"inLanguage\":\"fr-FR\",\"@id\":\"https:\\\/\\\/www.winbiz.ch\\\/fr\\\/winbiz\\\/#primaryimage\",\"url\":\"https:\\\/\\\/www.winbiz.ch\\\/wp-content\\\/uploads\\\/2024\\\/09\\\/cropped-FAV-1.png\",\"contentUrl\":\"https:\\\/\\\/www.winbiz.ch\\\/wp-content\\\/uploads\\\/2024\\\/09\\\/cropped-FAV-1.png\"},{\"@type\":\"BreadcrumbList\",\"@id\":\"https:\\\/\\\/www.winbiz.ch\\\/fr\\\/winbiz\\\/#breadcrumb\",\"itemListElement\":[{\"@type\":\"ListItem\",\"position\":1,\"name\":\"Accueil\",\"item\":\"https:\\\/\\\/www.winbiz.ch\\\/fr\\\/\"},{\"@type\":\"ListItem\",\"position\":2,\"name\":\"Winbiz\"}]},{\"@type\":\"WebSite\",\"@id\":\"https:\\\/\\\/www.winbiz.ch\\\/fr\\\/#website\",\"url\":\"https:\\\/\\\/www.winbiz.ch\\\/fr\\\/\",\"name\":\"winbiz\",\"description\":\"\",\"publisher\":{\"@id\":\"https:\\\/\\\/www.winbiz.ch\\\/fr\\\/#organization\"},\"potentialAction\":[{\"@type\":\"SearchAction\",\"target\":{\"@type\":\"EntryPoint\",\"urlTemplate\":\"https:\\\/\\\/www.winbiz.ch\\\/fr\\\/?s={search_term_string}\"},\"query-input\":{\"@type\":\"PropertyValueSpecification\",\"valueRequired\":true,\"valueName\":\"search_term_string\"}}],\"inLanguage\":\"fr-FR\"},{\"@type\":\"Organization\",\"@id\":\"https:\\\/\\\/www.winbiz.ch\\\/fr\\\/#organization\",\"name\":\"winbiz\",\"url\":\"https:\\\/\\\/www.winbiz.ch\\\/fr\\\/\",\"logo\":{\"@type\":\"ImageObject\",\"inLanguage\":\"fr-FR\",\"@id\":\"https:\\\/\\\/www.winbiz.ch\\\/fr\\\/#\\\/schema\\\/logo\\\/image\\\/\",\"url\":\"https:\\\/\\\/www.winbiz.ch\\\/wp-content\\\/uploads\\\/2024\\\/09\\\/cropped-FAV-1.png\",\"contentUrl\":\"https:\\\/\\\/www.winbiz.ch\\\/wp-content\\\/uploads\\\/2024\\\/09\\\/cropped-FAV-1.png\",\"width\":512,\"height\":512,\"caption\":\"winbiz\"},\"image\":{\"@id\":\"https:\\\/\\\/www.winbiz.ch\\\/fr\\\/#\\\/schema\\\/logo\\\/image\\\/\"}}]}<\/script>\n<!-- \/ Yoast SEO Premium plugin. -->","yoast_head_json":{"title":"\u00c2 propos - Winbiz","description":"Logiciel de gestion Winbiz pour les entreprises suisses : Accessible, s\u00e9curis\u00e9 et toujours \u00e0 jour, testez-le gratuitement d\u00e8s aujourd'hui.","robots":{"index":"index","follow":"follow","max-snippet":"max-snippet:-1","max-image-preview":"max-image-preview:large","max-video-preview":"max-video-preview:-1"},"canonical":"https:\/\/www.winbiz.ch\/fr\/winbiz\/","og_locale":"fr_FR","og_type":"article","og_title":"Winbiz","og_description":"Logiciel de gestion Winbiz pour les entreprises suisses : Accessible, s\u00e9curis\u00e9 et toujours \u00e0 jour, testez-le gratuitement d\u00e8s aujourd'hui.","og_url":"https:\/\/www.winbiz.ch\/fr\/winbiz\/","og_site_name":"winbiz","article_modified_time":"2026-01-15T10:22:06+00:00","og_image":[{"width":512,"height":512,"url":"https:\/\/www.winbiz.ch\/wp-content\/uploads\/2024\/09\/cropped-FAV-1.png","type":"image\/png"}],"twitter_card":"summary_large_image","twitter_misc":{"Dur\u00e9e de lecture estim\u00e9e":"2 minutes"},"schema":{"@context":"https:\/\/schema.org","@graph":[{"@type":"WebPage","@id":"https:\/\/www.winbiz.ch\/fr\/winbiz\/","url":"https:\/\/www.winbiz.ch\/fr\/winbiz\/","name":"\u00c2 propos - Winbiz","isPartOf":{"@id":"https:\/\/www.winbiz.ch\/fr\/#website"},"primaryImageOfPage":{"@id":"https:\/\/www.winbiz.ch\/fr\/winbiz\/#primaryimage"},"image":{"@id":"https:\/\/www.winbiz.ch\/fr\/winbiz\/#primaryimage"},"thumbnailUrl":"https:\/\/www.winbiz.ch\/wp-content\/uploads\/2024\/09\/cropped-FAV-1.png","datePublished":"2024-05-10T01:25:25+00:00","dateModified":"2026-01-15T10:22:06+00:00","description":"Logiciel de gestion Winbiz pour les entreprises suisses : Accessible, s\u00e9curis\u00e9 et toujours \u00e0 jour, testez-le gratuitement d\u00e8s aujourd'hui.","breadcrumb":{"@id":"https:\/\/www.winbiz.ch\/fr\/winbiz\/#breadcrumb"},"inLanguage":"fr-FR","potentialAction":[{"@type":"ReadAction","target":["https:\/\/www.winbiz.ch\/fr\/winbiz\/"]}]},{"@type":"ImageObject","inLanguage":"fr-FR","@id":"https:\/\/www.winbiz.ch\/fr\/winbiz\/#primaryimage","url":"https:\/\/www.winbiz.ch\/wp-content\/uploads\/2024\/09\/cropped-FAV-1.png","contentUrl":"https:\/\/www.winbiz.ch\/wp-content\/uploads\/2024\/09\/cropped-FAV-1.png"},{"@type":"BreadcrumbList","@id":"https:\/\/www.winbiz.ch\/fr\/winbiz\/#breadcrumb","itemListElement":[{"@type":"ListItem","position":1,"name":"Accueil","item":"https:\/\/www.winbiz.ch\/fr\/"},{"@type":"ListItem","position":2,"name":"Winbiz"}]},{"@type":"WebSite","@id":"https:\/\/www.winbiz.ch\/fr\/#website","url":"https:\/\/www.winbiz.ch\/fr\/","name":"winbiz","description":"","publisher":{"@id":"https:\/\/www.winbiz.ch\/fr\/#organization"},"potentialAction":[{"@type":"SearchAction","target":{"@type":"EntryPoint","urlTemplate":"https:\/\/www.winbiz.ch\/fr\/?s={search_term_string}"},"query-input":{"@type":"PropertyValueSpecification","valueRequired":true,"valueName":"search_term_string"}}],"inLanguage":"fr-FR"},{"@type":"Organization","@id":"https:\/\/www.winbiz.ch\/fr\/#organization","name":"winbiz","url":"https:\/\/www.winbiz.ch\/fr\/","logo":{"@type":"ImageObject","inLanguage":"fr-FR","@id":"https:\/\/www.winbiz.ch\/fr\/#\/schema\/logo\/image\/","url":"https:\/\/www.winbiz.ch\/wp-content\/uploads\/2024\/09\/cropped-FAV-1.png","contentUrl":"https:\/\/www.winbiz.ch\/wp-content\/uploads\/2024\/09\/cropped-FAV-1.png","width":512,"height":512,"caption":"winbiz"},"image":{"@id":"https:\/\/www.winbiz.ch\/fr\/#\/schema\/logo\/image\/"}}]}},"_links":{"self":[{"href":"https:\/\/www.winbiz.ch\/fr\/wp-json\/wp\/v2\/pages\/24","targetHints":{"allow":["GET"]}}],"collection":[{"href":"https:\/\/www.winbiz.ch\/fr\/wp-json\/wp\/v2\/pages"}],"about":[{"href":"https:\/\/www.winbiz.ch\/fr\/wp-json\/wp\/v2\/types\/page"}],"author":[{"embeddable":true,"href":"https:\/\/www.winbiz.ch\/fr\/wp-json\/wp\/v2\/users\/1"}],"replies":[{"embeddable":true,"href":"https:\/\/www.winbiz.ch\/fr\/wp-json\/wp\/v2\/comments?post=24"}],"version-history":[{"count":0,"href":"https:\/\/www.winbiz.ch\/fr\/wp-json\/wp\/v2\/pages\/24\/revisions"}],"wp:attachment":[{"href":"https:\/\/www.winbiz.ch\/fr\/wp-json\/wp\/v2\/media?parent=24"}],"curies":[{"name":"wp","href":"https:\/\/api.w.org\/{rel}","templated":true}]}}