


{"id":23660,"date":"2026-05-05T17:56:56","date_gmt":"2026-05-05T15:56:56","guid":{"rendered":"https:\/\/www.winbiz.ch\/?page_id=23660"},"modified":"2026-05-05T18:41:07","modified_gmt":"2026-05-05T16:41:07","slug":"fonctionnalites","status":"publish","type":"page","link":"https:\/\/www.winbiz.ch\/fr\/fonctionnalites\/","title":{"rendered":"Fonctionnalit\u00e9s"},"content":{"rendered":"\n<div style=\"height:30px\" aria-hidden=\"true\" class=\"wp-block-spacer\"><\/div>\n\n\n\n<h1 class=\"wp-block-heading has-text-align-center\" id=\"h-decouvrez-toutes-les-fonctionnalites-de-winbiz\">D\u00e9couvrez toutes <br>les fonctionnalit\u00e9s de Winbiz<\/h1>\n\n\n\n<div style=\"height:30px\" aria-hidden=\"true\" class=\"wp-block-spacer\"><\/div>\n\n\n<div id=\"block_4c8a11c8a0e78b827c32649932176e69\" class=\"dc24-block-fonctionnalites\">\n    <div class=\"grid grid-cols-1 md:grid-cols-2 lg:grid-cols-3 gap-6\">\n                <a href=\"https:\/\/www.winbiz.ch\/fr\/fonctionnalites\/comptabilite\/\"\n           class=\"dc24-fonctionnalite-card group flex flex-col justify-between gap-6 bg-white rounded-2xl p-8 border border-gray-medium shadow-sm hover:shadow-lg transition-all duration-300 no-underline\">\n            <div class=\"flex flex-col gap-2\">\n                <h4 class=\"text-primary font-semibold text-[22px] leading-tight\">\n                    Winbiz Comptabilit\u00e9                <\/h4>\n                                    <p class=\"text-gray-warm text-[15px]\">Passez vos \u00e9critures avec facilit\u00e9 pour une comptabilit\u00e9 \u00e0 jour en quelques clics.<\/p>\n                            <\/div>\n            <i class=\"fa-solid fa-arrow-right text-primary text-lg transition-transform duration-300 group-hover:translate-x-1 self-end\"><\/i>\n        <\/a>\n                <a href=\"https:\/\/www.winbiz.ch\/fr\/fonctionnalites\/commerce\/\"\n           class=\"dc24-fonctionnalite-card group flex flex-col justify-between gap-6 bg-white rounded-2xl p-8 border border-gray-medium shadow-sm hover:shadow-lg transition-all duration-300 no-underline\">\n            <div class=\"flex flex-col gap-2\">\n                <h4 class=\"text-primary font-semibold text-[22px] leading-tight\">\n                    Winbiz Commerce                <\/h4>\n                                    <p class=\"text-gray-warm text-[15px]\">\u00c9mettez des factures, r\u00e9ceptionnez des paiements et payez vos fournisseurs.<\/p>\n                            <\/div>\n            <i class=\"fa-solid fa-arrow-right text-primary text-lg transition-transform duration-300 group-hover:translate-x-1 self-end\"><\/i>\n        <\/a>\n                <a href=\"https:\/\/www.winbiz.ch\/fr\/fonctionnalites\/salaires\/\"\n           class=\"dc24-fonctionnalite-card group flex flex-col justify-between gap-6 bg-white rounded-2xl p-8 border border-gray-medium shadow-sm hover:shadow-lg transition-all duration-300 no-underline\">\n            <div class=\"flex flex-col gap-2\">\n                <h4 class=\"text-primary font-semibold text-[22px] leading-tight\">\n                    Winbiz Salaires                <\/h4>\n                                    <p class=\"text-gray-warm text-[15px]\">Automatisez les calculs, simplifiez les paiements et g\u00e9n\u00e9rez les certificats de vos salari\u00e9s.<\/p>\n                            <\/div>\n            <i class=\"fa-solid fa-arrow-right text-primary text-lg transition-transform duration-300 group-hover:translate-x-1 self-end\"><\/i>\n        <\/a>\n                <a href=\"https:\/\/www.winbiz.ch\/fr\/fonctionnalites\/projets\/\"\n           class=\"dc24-fonctionnalite-card group flex flex-col justify-between gap-6 bg-white rounded-2xl p-8 border border-gray-medium shadow-sm hover:shadow-lg transition-all duration-300 no-underline\">\n            <div class=\"flex flex-col gap-2\">\n                <h4 class=\"text-primary font-semibold text-[22px] leading-tight\">\n                    Winbiz Projets                <\/h4>\n                                    <p class=\"text-gray-warm text-[15px]\">G\u00e9rez les heures et les activit\u00e9s et analysez la rentabilit\u00e9 brute de chaque projet.<\/p>\n                            <\/div>\n            <i class=\"fa-solid fa-arrow-right text-primary text-lg transition-transform duration-300 group-hover:translate-x-1 self-end\"><\/i>\n        <\/a>\n                <a href=\"https:\/\/www.winbiz.ch\/fr\/fonctionnalites\/caisse\/\"\n           class=\"dc24-fonctionnalite-card group flex flex-col justify-between gap-6 bg-white rounded-2xl p-8 border border-gray-medium shadow-sm hover:shadow-lg transition-all duration-300 no-underline\">\n            <div class=\"flex flex-col gap-2\">\n                <h4 class=\"text-primary font-semibold text-[22px] leading-tight\">\n                    Winbiz Caisse                <\/h4>\n                                    <p class=\"text-gray-warm text-[15px]\">Gestion de stock et tenue automatique de la comptabilit\u00e9.<\/p>\n                            <\/div>\n            <i class=\"fa-solid fa-arrow-right text-primary text-lg transition-transform duration-300 group-hover:translate-x-1 self-end\"><\/i>\n        <\/a>\n            <\/div>\n<\/div>\n","protected":false},"excerpt":{"rendered":"<p>D\u00e9couvrez toutes les fonctionnalit\u00e9s de Winbiz<\/p>\n","protected":false},"author":1,"featured_media":0,"parent":0,"menu_order":0,"comment_status":"closed","ping_status":"closed","template":"page_base","meta":{"_acf_changed":true,"footnotes":""},"class_list":["post-23660","page","type-page","status-publish","hentry"],"acf":[],"yoast_head":"<!-- This site is optimized with the Yoast SEO Premium plugin v27.5 (Yoast SEO v27.6) - https:\/\/yoast.com\/product\/yoast-seo-premium-wordpress\/ -->\n<title>Fonctionnalit\u00e9s - winbiz<\/title>\n<meta name=\"robots\" content=\"index, follow, max-snippet:-1, max-image-preview:large, max-video-preview:-1\" \/>\n<link rel=\"canonical\" href=\"https:\/\/www.winbiz.ch\/fr\/fonctionnalites\/\" \/>\n<meta property=\"og:locale\" content=\"fr_FR\" \/>\n<meta property=\"og:type\" content=\"article\" \/>\n<meta property=\"og:title\" content=\"Fonctionnalit\u00e9s\" \/>\n<meta property=\"og:description\" content=\"D\u00e9couvrez toutes les fonctionnalit\u00e9s de Winbiz\" \/>\n<meta property=\"og:url\" content=\"https:\/\/www.winbiz.ch\/fr\/fonctionnalites\/\" \/>\n<meta property=\"og:site_name\" content=\"winbiz\" \/>\n<meta property=\"article:modified_time\" content=\"2026-05-05T16:41:07+00:00\" \/>\n<meta name=\"twitter:card\" content=\"summary_large_image\" \/>\n<meta name=\"twitter:label1\" content=\"Dur\u00e9e de lecture estim\u00e9e\" \/>\n\t<meta name=\"twitter:data1\" content=\"1 minute\" \/>\n<script type=\"application\/ld+json\" class=\"yoast-schema-graph\">{\"@context\":\"https:\\\/\\\/schema.org\",\"@graph\":[{\"@type\":\"WebPage\",\"@id\":\"https:\\\/\\\/www.winbiz.ch\\\/fr\\\/fonctionnalites\\\/\",\"url\":\"https:\\\/\\\/www.winbiz.ch\\\/fr\\\/fonctionnalites\\\/\",\"name\":\"Fonctionnalit\u00e9s - winbiz\",\"isPartOf\":{\"@id\":\"https:\\\/\\\/www.winbiz.ch\\\/fr\\\/#website\"},\"datePublished\":\"2026-05-05T15:56:56+00:00\",\"dateModified\":\"2026-05-05T16:41:07+00:00\",\"breadcrumb\":{\"@id\":\"https:\\\/\\\/www.winbiz.ch\\\/fr\\\/fonctionnalites\\\/#breadcrumb\"},\"inLanguage\":\"fr-FR\",\"potentialAction\":[{\"@type\":\"ReadAction\",\"target\":[\"https:\\\/\\\/www.winbiz.ch\\\/fr\\\/fonctionnalites\\\/\"]}]},{\"@type\":\"BreadcrumbList\",\"@id\":\"https:\\\/\\\/www.winbiz.ch\\\/fr\\\/fonctionnalites\\\/#breadcrumb\",\"itemListElement\":[{\"@type\":\"ListItem\",\"position\":1,\"name\":\"Accueil\",\"item\":\"https:\\\/\\\/www.winbiz.ch\\\/fr\\\/\"},{\"@type\":\"ListItem\",\"position\":2,\"name\":\"Fonctionnalit\u00e9s\"}]},{\"@type\":\"WebSite\",\"@id\":\"https:\\\/\\\/www.winbiz.ch\\\/fr\\\/#website\",\"url\":\"https:\\\/\\\/www.winbiz.ch\\\/fr\\\/\",\"name\":\"winbiz\",\"description\":\"\",\"publisher\":{\"@id\":\"https:\\\/\\\/www.winbiz.ch\\\/fr\\\/#organization\"},\"potentialAction\":[{\"@type\":\"SearchAction\",\"target\":{\"@type\":\"EntryPoint\",\"urlTemplate\":\"https:\\\/\\\/www.winbiz.ch\\\/fr\\\/?s={search_term_string}\"},\"query-input\":{\"@type\":\"PropertyValueSpecification\",\"valueRequired\":true,\"valueName\":\"search_term_string\"}}],\"inLanguage\":\"fr-FR\"},{\"@type\":\"Organization\",\"@id\":\"https:\\\/\\\/www.winbiz.ch\\\/fr\\\/#organization\",\"name\":\"winbiz\",\"url\":\"https:\\\/\\\/www.winbiz.ch\\\/fr\\\/\",\"logo\":{\"@type\":\"ImageObject\",\"inLanguage\":\"fr-FR\",\"@id\":\"https:\\\/\\\/www.winbiz.ch\\\/fr\\\/#\\\/schema\\\/logo\\\/image\\\/\",\"url\":\"https:\\\/\\\/www.winbiz.ch\\\/wp-content\\\/uploads\\\/2024\\\/09\\\/cropped-FAV-1.png\",\"contentUrl\":\"https:\\\/\\\/www.winbiz.ch\\\/wp-content\\\/uploads\\\/2024\\\/09\\\/cropped-FAV-1.png\",\"width\":512,\"height\":512,\"caption\":\"winbiz\"},\"image\":{\"@id\":\"https:\\\/\\\/www.winbiz.ch\\\/fr\\\/#\\\/schema\\\/logo\\\/image\\\/\"}}]}<\/script>\n<!-- \/ Yoast SEO Premium plugin. -->","yoast_head_json":{"title":"Fonctionnalit\u00e9s - winbiz","robots":{"index":"index","follow":"follow","max-snippet":"max-snippet:-1","max-image-preview":"max-image-preview:large","max-video-preview":"max-video-preview:-1"},"canonical":"https:\/\/www.winbiz.ch\/fr\/fonctionnalites\/","og_locale":"fr_FR","og_type":"article","og_title":"Fonctionnalit\u00e9s","og_description":"D\u00e9couvrez toutes les fonctionnalit\u00e9s de Winbiz","og_url":"https:\/\/www.winbiz.ch\/fr\/fonctionnalites\/","og_site_name":"winbiz","article_modified_time":"2026-05-05T16:41:07+00:00","twitter_card":"summary_large_image","twitter_misc":{"Dur\u00e9e de lecture estim\u00e9e":"1 minute"},"schema":{"@context":"https:\/\/schema.org","@graph":[{"@type":"WebPage","@id":"https:\/\/www.winbiz.ch\/fr\/fonctionnalites\/","url":"https:\/\/www.winbiz.ch\/fr\/fonctionnalites\/","name":"Fonctionnalit\u00e9s - winbiz","isPartOf":{"@id":"https:\/\/www.winbiz.ch\/fr\/#website"},"datePublished":"2026-05-05T15:56:56+00:00","dateModified":"2026-05-05T16:41:07+00:00","breadcrumb":{"@id":"https:\/\/www.winbiz.ch\/fr\/fonctionnalites\/#breadcrumb"},"inLanguage":"fr-FR","potentialAction":[{"@type":"ReadAction","target":["https:\/\/www.winbiz.ch\/fr\/fonctionnalites\/"]}]},{"@type":"BreadcrumbList","@id":"https:\/\/www.winbiz.ch\/fr\/fonctionnalites\/#breadcrumb","itemListElement":[{"@type":"ListItem","position":1,"name":"Accueil","item":"https:\/\/www.winbiz.ch\/fr\/"},{"@type":"ListItem","position":2,"name":"Fonctionnalit\u00e9s"}]},{"@type":"WebSite","@id":"https:\/\/www.winbiz.ch\/fr\/#website","url":"https:\/\/www.winbiz.ch\/fr\/","name":"winbiz","description":"","publisher":{"@id":"https:\/\/www.winbiz.ch\/fr\/#organization"},"potentialAction":[{"@type":"SearchAction","target":{"@type":"EntryPoint","urlTemplate":"https:\/\/www.winbiz.ch\/fr\/?s={search_term_string}"},"query-input":{"@type":"PropertyValueSpecification","valueRequired":true,"valueName":"search_term_string"}}],"inLanguage":"fr-FR"},{"@type":"Organization","@id":"https:\/\/www.winbiz.ch\/fr\/#organization","name":"winbiz","url":"https:\/\/www.winbiz.ch\/fr\/","logo":{"@type":"ImageObject","inLanguage":"fr-FR","@id":"https:\/\/www.winbiz.ch\/fr\/#\/schema\/logo\/image\/","url":"https:\/\/www.winbiz.ch\/wp-content\/uploads\/2024\/09\/cropped-FAV-1.png","contentUrl":"https:\/\/www.winbiz.ch\/wp-content\/uploads\/2024\/09\/cropped-FAV-1.png","width":512,"height":512,"caption":"winbiz"},"image":{"@id":"https:\/\/www.winbiz.ch\/fr\/#\/schema\/logo\/image\/"}}]}},"_links":{"self":[{"href":"https:\/\/www.winbiz.ch\/fr\/wp-json\/wp\/v2\/pages\/23660","targetHints":{"allow":["GET"]}}],"collection":[{"href":"https:\/\/www.winbiz.ch\/fr\/wp-json\/wp\/v2\/pages"}],"about":[{"href":"https:\/\/www.winbiz.ch\/fr\/wp-json\/wp\/v2\/types\/page"}],"author":[{"embeddable":true,"href":"https:\/\/www.winbiz.ch\/fr\/wp-json\/wp\/v2\/users\/1"}],"replies":[{"embeddable":true,"href":"https:\/\/www.winbiz.ch\/fr\/wp-json\/wp\/v2\/comments?post=23660"}],"version-history":[{"count":0,"href":"https:\/\/www.winbiz.ch\/fr\/wp-json\/wp\/v2\/pages\/23660\/revisions"}],"wp:attachment":[{"href":"https:\/\/www.winbiz.ch\/fr\/wp-json\/wp\/v2\/media?parent=23660"}],"curies":[{"name":"wp","href":"https:\/\/api.w.org\/{rel}","templated":true}]}}