


{"id":21992,"date":"2025-09-17T12:54:13","date_gmt":"2025-09-17T10:54:13","guid":{"rendered":"https:\/\/www.winbiz.ch\/?page_id=21992"},"modified":"2026-04-21T16:28:29","modified_gmt":"2026-04-21T14:28:29","slug":"midi-fiduciaire","status":"publish","type":"page","link":"https:\/\/www.winbiz.ch\/fr\/midi-fiduciaire\/","title":{"rendered":"Midi Fiduciaire"},"content":{"rendered":"\n<div class=\"wp-block-group alignwide has-global-padding is-layout-constrained wp-block-group-is-layout-constrained\">\n<div class=\"wp-block-group alignwide is-vertical is-content-justification-center is-layout-flex wp-container-core-group-is-layout-650ce88a wp-block-group-is-layout-flex\" style=\"min-height:40vh;padding-top:var(--wp--preset--spacing--70);padding-bottom:var(--wp--preset--spacing--70)\">\n<h1 class=\"wp-block-heading has-text-align-center aos-fade\" id=\"h-winbiz-midi-fiduciaire\" style=\"font-size:clamp(31.609px, 1.976rem + ((1vw - 3.2px) * 1.848), 56px);\">Winbiz Midi Fiduciaire<\/h1>\n\n\n\n<p class=\"has-text-align-center aos-fade\"><strong>Une rencontre d\u00e9di\u00e9e aux Partenaires Fiduciaires Winbiz : actualit\u00e9s Winbiz, nouveaut\u00e9s produits.<\/strong><\/p>\n\n\n\n<p class=\"has-text-align-center aos-fade\"><strong>Sion &#8211; Lausanne &#8211; Gen\u00e8ve &#8211; Murten<\/strong><\/p>\n<\/div>\n\n\n\n<div class=\"wp-block-group is-layout-flow wp-block-group-is-layout-flow\">\n<p class=\"has-text-align-left has-primary-color has-text-color has-link-color wp-elements-fd9ec547f3facebe0a4d61ddc293aadf\"><a href=\"https:\/\/www.winbiz.ch\/fr\/support\"><br><\/a><i class=\"fal fa-chevron-left\"><\/i> <a href=\"https:\/\/www.winbiz.ch\/fr\/produit\/commander-le-pack\/\">retour aux services disponibles<\/a><\/p>\n\n\n\n<p><\/p>\n\n\n\n<div style=\"height:10px\" aria-hidden=\"true\" class=\"wp-block-spacer\"><\/div>\n\n\n\n<hr class=\"wp-block-separator has-text-color has-gray-dark-color has-alpha-channel-opacity has-gray-dark-background-color has-background is-style-wide\"\/>\n<\/div>\n\n\n\n<div style=\"height:29px\" aria-hidden=\"true\" class=\"wp-block-spacer\"><\/div>\n\n\n\n<p style=\"font-size:clamp(14px, 0.875rem + ((1vw - 3.2px) * 0.455), 20px);\">Nous avons le plaisir de vous convier \u00e0 notre <strong>Winbiz Midi Fiduciaire<\/strong>.<br><br>Ces rencontres sont l\u2019occasion de d\u00e9couvrir les actualit\u00e9s, nouveaut\u00e9s et perspectives des produits Winbiz, d\u2019\u00e9changer avec notre \u00e9quipe et de partager un moment convivial autour d\u2019un ap\u00e9ritif d\u00eenatoire.<\/p>\n\n\n\n<div style=\"height:36px\" aria-hidden=\"true\" class=\"wp-block-spacer\"><\/div>\n\n\n\n<div class=\"wp-block-columns is-layout-flex wp-container-core-columns-is-layout-28f84493 wp-block-columns-is-layout-flex\">\n<div class=\"wp-block-column is-layout-flow wp-block-column-is-layout-flow\">\n<figure class=\"wp-block-image size-full\"><img decoding=\"async\" width=\"650\" height=\"380\" data-src=\"https:\/\/www.winbiz.ch\/wp-content\/smush-webp\/2025\/10\/Design-sans-titre-10-1.jpg.webp\" alt=\"\" class=\"wp-image-22353 lazyload\" data-srcset=\"https:\/\/www.winbiz.ch\/wp-content\/smush-webp\/2025\/10\/Design-sans-titre-10-1.jpg.webp 650w, https:\/\/www.winbiz.ch\/wp-content\/smush-webp\/2025\/10\/Design-sans-titre-10-1-300x175.jpg.webp 300w\" data-sizes=\"(max-width: 650px) 100vw, 650px\" src=\"data:image\/svg+xml;base64,PHN2ZyB3aWR0aD0iMSIgaGVpZ2h0PSIxIiB4bWxucz0iaHR0cDovL3d3dy53My5vcmcvMjAwMC9zdmciPjwvc3ZnPg==\" style=\"--smush-placeholder-width: 650px; --smush-placeholder-aspect-ratio: 650\/380;\" \/><\/figure>\n<\/div>\n\n\n\n<div class=\"wp-block-column is-layout-flow wp-block-column-is-layout-flow\">\n<ul class=\"wp-block-list\">\n<li><strong>Dates et lieux<\/strong><\/li>\n\n\n\n<li><\/li>\n\n\n\n<li><strong>Mardi 18 novembre 2025<\/strong> &#8211; 11h \u00e0 14h &#8211; <strong>COMPLET<\/strong><br>H\u00f4tel Holiday Inn, Av. de Tourbillon 18, Sion <\/li>\n\n\n\n<li><strong>Jeudi 20 novembre 2025<\/strong> &#8211; 11h \u00e0 14h &#8211; <strong>COMPLET<\/strong><br><mark style=\"background-color:rgba(0, 0, 0, 0)\" class=\"has-inline-color has-secondary-color\">GARE12, Place de la Gare 12 (changement de lieu)<\/mark>, Lausanne<\/li>\n\n\n\n<li><strong>Mardi 25 novembre 2025<\/strong> &#8211; 11h \u00e0 14h <br>Winbiz, Bd Emile-Jaques-Dalcroze 5, Gen\u00e8ve<\/li>\n\n\n\n<li><strong>Jeudi 27 novembre 2025<\/strong> &#8211; 11h \u00e0 14h &#8211; <strong>COMPLET<\/strong><br>H\u00f4tel Murtenhof, Rathausgasse 3, Murten <\/li>\n<\/ul>\n<\/div>\n<\/div>\n\n\n\n<div style=\"height:40px\" aria-hidden=\"true\" class=\"wp-block-spacer\"><\/div>\n\n\n\n<p><strong>Programme<\/strong><\/p>\n\n\n\n<ul class=\"wp-block-list\">\n<li>&#8211; Mot de bienvenue<\/li>\n\n\n\n<li>&#8211; Feuille de route, perspectives et nouveaut\u00e9s produit<\/li>\n\n\n\n<li>&#8211; D\u00e9mo \/ pr\u00e9sentation : Rapprochement bancaire Winbiz 9, Nouveau Winbiz.<\/li>\n\n\n\n<li>&#8211; Services Winbiz<\/li>\n\n\n\n<li>&#8211; H\u00e9bergement (avec la participation de Convotis AG)<\/li>\n\n\n\n<li>&#8211; \u00c9changes et ap\u00e9ritif d\u00eenatoire<\/li>\n<\/ul>\n\n\n\n<p style=\"font-size:clamp(14px, 0.875rem + ((1vw - 3.2px) * 0.455), 20px);\"><strong>Inscription<\/strong><br><br>La participation est gratuite et ouverte \u00e0 tous les partenaires fiduciaires Winbiz.<br>Merci de remplir le formulaire ci-dessous en choisissant la date et le lieu de votre choix.<\/p>\n\n\n\n<p style=\"font-size:clamp(14px, 0.875rem + ((1vw - 3.2px) * 0.455), 20px);\">\u00c9v\u00e9nement en fran\u00e7ais et en anglais.<\/p>\n\n\n\n<div style=\"height:71px\" aria-hidden=\"true\" class=\"wp-block-spacer\"><\/div>\n<\/div>\n\n\n\n<p class=\"has-text-align-center has-gray-light-background-color has-background\"><br><br><br><strong>Winbiz Midi Fiduciaire est termin\u00e9 pour cette ann\u00e9e.<br><br>Nous vous remercions pour votre pr\u00e9sence et de vos \u00e9change qui consolides notre partenariat avec vous.<\/strong><br><br><br><\/p>\n","protected":false},"excerpt":{"rendered":"<p>Winbiz Midi Fiduciaire Une rencontre d\u00e9di\u00e9e aux Partenaires Fiduciaires Winbiz : actualit\u00e9s Winbiz, nouveaut\u00e9s produits. Sion &#8211; Lausanne &#8211; Gen\u00e8ve &#8211; Murten retour aux services disponibles Nous avons le plaisir de vous convier \u00e0 notre Winbiz Midi Fiduciaire. Ces rencontres sont l\u2019occasion de d\u00e9couvrir les actualit\u00e9s, nouveaut\u00e9s et perspectives des produits Winbiz, d\u2019\u00e9changer avec notre [&hellip;]<\/p>\n","protected":false},"author":1,"featured_media":0,"parent":0,"menu_order":0,"comment_status":"closed","ping_status":"closed","template":"page-base","meta":{"_acf_changed":false,"footnotes":""},"class_list":["post-21992","page","type-page","status-publish","hentry"],"acf":[],"yoast_head":"<!-- This site is optimized with the Yoast SEO Premium plugin v26.0 (Yoast SEO v27.5) - https:\/\/yoast.com\/product\/yoast-seo-premium-wordpress\/ -->\n<title>Winbiz Midi Fiduciaire - novembre 2025<\/title>\n<meta name=\"description\" content=\"Ces rencontres sont l\u2019occasion de d\u00e9couvrir les actualit\u00e9s, nouveaut\u00e9s et perspectives des produits Winbiz.\" \/>\n<meta name=\"robots\" content=\"index, follow, max-snippet:-1, max-image-preview:large, max-video-preview:-1\" \/>\n<link rel=\"canonical\" href=\"https:\/\/www.winbiz.ch\/fr\/midi-fiduciaire\/\" \/>\n<meta property=\"og:locale\" content=\"fr_FR\" \/>\n<meta property=\"og:type\" content=\"article\" \/>\n<meta property=\"og:title\" content=\"Midi Fiduciaire\" \/>\n<meta property=\"og:description\" content=\"Ces rencontres sont l\u2019occasion de d\u00e9couvrir les actualit\u00e9s, nouveaut\u00e9s et perspectives des produits Winbiz.\" \/>\n<meta property=\"og:url\" content=\"https:\/\/www.winbiz.ch\/fr\/midi-fiduciaire\/\" \/>\n<meta property=\"og:site_name\" content=\"winbiz\" \/>\n<meta property=\"article:modified_time\" content=\"2026-04-21T14:28:29+00:00\" \/>\n<meta property=\"og:image\" content=\"https:\/\/www.winbiz.ch\/wp-content\/uploads\/2025\/10\/Design-sans-titre-10-1.jpg\" \/>\n\t<meta property=\"og:image:width\" content=\"650\" \/>\n\t<meta property=\"og:image:height\" content=\"380\" \/>\n\t<meta property=\"og:image:type\" content=\"image\/jpeg\" \/>\n<meta name=\"twitter:card\" content=\"summary_large_image\" \/>\n<meta name=\"twitter:label1\" content=\"Dur\u00e9e de lecture estim\u00e9e\" \/>\n\t<meta name=\"twitter:data1\" content=\"2 minutes\" \/>\n<script type=\"application\/ld+json\" class=\"yoast-schema-graph\">{\"@context\":\"https:\\\/\\\/schema.org\",\"@graph\":[{\"@type\":\"WebPage\",\"@id\":\"https:\\\/\\\/www.winbiz.ch\\\/fr\\\/midi-fiduciaire\\\/\",\"url\":\"https:\\\/\\\/www.winbiz.ch\\\/fr\\\/midi-fiduciaire\\\/\",\"name\":\"Winbiz Midi Fiduciaire - novembre 2025\",\"isPartOf\":{\"@id\":\"https:\\\/\\\/www.winbiz.ch\\\/fr\\\/#website\"},\"primaryImageOfPage\":{\"@id\":\"https:\\\/\\\/www.winbiz.ch\\\/fr\\\/midi-fiduciaire\\\/#primaryimage\"},\"image\":{\"@id\":\"https:\\\/\\\/www.winbiz.ch\\\/fr\\\/midi-fiduciaire\\\/#primaryimage\"},\"thumbnailUrl\":\"https:\\\/\\\/www.winbiz.ch\\\/wp-content\\\/uploads\\\/2025\\\/10\\\/Design-sans-titre-10-1.jpg\",\"datePublished\":\"2025-09-17T10:54:13+00:00\",\"dateModified\":\"2026-04-21T14:28:29+00:00\",\"description\":\"Ces rencontres sont l\u2019occasion de d\u00e9couvrir les actualit\u00e9s, nouveaut\u00e9s et perspectives des produits Winbiz.\",\"breadcrumb\":{\"@id\":\"https:\\\/\\\/www.winbiz.ch\\\/fr\\\/midi-fiduciaire\\\/#breadcrumb\"},\"inLanguage\":\"fr-FR\",\"potentialAction\":[{\"@type\":\"ReadAction\",\"target\":[\"https:\\\/\\\/www.winbiz.ch\\\/fr\\\/midi-fiduciaire\\\/\"]}]},{\"@type\":\"ImageObject\",\"inLanguage\":\"fr-FR\",\"@id\":\"https:\\\/\\\/www.winbiz.ch\\\/fr\\\/midi-fiduciaire\\\/#primaryimage\",\"url\":\"https:\\\/\\\/www.winbiz.ch\\\/wp-content\\\/uploads\\\/2025\\\/10\\\/Design-sans-titre-10-1.jpg\",\"contentUrl\":\"https:\\\/\\\/www.winbiz.ch\\\/wp-content\\\/uploads\\\/2025\\\/10\\\/Design-sans-titre-10-1.jpg\"},{\"@type\":\"BreadcrumbList\",\"@id\":\"https:\\\/\\\/www.winbiz.ch\\\/fr\\\/midi-fiduciaire\\\/#breadcrumb\",\"itemListElement\":[{\"@type\":\"ListItem\",\"position\":1,\"name\":\"Accueil\",\"item\":\"https:\\\/\\\/www.winbiz.ch\\\/fr\\\/\"},{\"@type\":\"ListItem\",\"position\":2,\"name\":\"Midi Fiduciaire\"}]},{\"@type\":\"WebSite\",\"@id\":\"https:\\\/\\\/www.winbiz.ch\\\/fr\\\/#website\",\"url\":\"https:\\\/\\\/www.winbiz.ch\\\/fr\\\/\",\"name\":\"winbiz\",\"description\":\"\",\"publisher\":{\"@id\":\"https:\\\/\\\/www.winbiz.ch\\\/fr\\\/#organization\"},\"potentialAction\":[{\"@type\":\"SearchAction\",\"target\":{\"@type\":\"EntryPoint\",\"urlTemplate\":\"https:\\\/\\\/www.winbiz.ch\\\/fr\\\/?s={search_term_string}\"},\"query-input\":{\"@type\":\"PropertyValueSpecification\",\"valueRequired\":true,\"valueName\":\"search_term_string\"}}],\"inLanguage\":\"fr-FR\"},{\"@type\":\"Organization\",\"@id\":\"https:\\\/\\\/www.winbiz.ch\\\/fr\\\/#organization\",\"name\":\"winbiz\",\"url\":\"https:\\\/\\\/www.winbiz.ch\\\/fr\\\/\",\"logo\":{\"@type\":\"ImageObject\",\"inLanguage\":\"fr-FR\",\"@id\":\"https:\\\/\\\/www.winbiz.ch\\\/fr\\\/#\\\/schema\\\/logo\\\/image\\\/\",\"url\":\"https:\\\/\\\/www.winbiz.ch\\\/wp-content\\\/uploads\\\/2024\\\/09\\\/cropped-FAV-1.png\",\"contentUrl\":\"https:\\\/\\\/www.winbiz.ch\\\/wp-content\\\/uploads\\\/2024\\\/09\\\/cropped-FAV-1.png\",\"width\":512,\"height\":512,\"caption\":\"winbiz\"},\"image\":{\"@id\":\"https:\\\/\\\/www.winbiz.ch\\\/fr\\\/#\\\/schema\\\/logo\\\/image\\\/\"}}]}<\/script>\n<!-- \/ Yoast SEO Premium plugin. -->","yoast_head_json":{"title":"Winbiz Midi Fiduciaire - novembre 2025","description":"Ces rencontres sont l\u2019occasion de d\u00e9couvrir les actualit\u00e9s, nouveaut\u00e9s et perspectives des produits Winbiz.","robots":{"index":"index","follow":"follow","max-snippet":"max-snippet:-1","max-image-preview":"max-image-preview:large","max-video-preview":"max-video-preview:-1"},"canonical":"https:\/\/www.winbiz.ch\/fr\/midi-fiduciaire\/","og_locale":"fr_FR","og_type":"article","og_title":"Midi Fiduciaire","og_description":"Ces rencontres sont l\u2019occasion de d\u00e9couvrir les actualit\u00e9s, nouveaut\u00e9s et perspectives des produits Winbiz.","og_url":"https:\/\/www.winbiz.ch\/fr\/midi-fiduciaire\/","og_site_name":"winbiz","article_modified_time":"2026-04-21T14:28:29+00:00","og_image":[{"width":650,"height":380,"url":"https:\/\/www.winbiz.ch\/wp-content\/uploads\/2025\/10\/Design-sans-titre-10-1.jpg","type":"image\/jpeg"}],"twitter_card":"summary_large_image","twitter_misc":{"Dur\u00e9e de lecture estim\u00e9e":"2 minutes"},"schema":{"@context":"https:\/\/schema.org","@graph":[{"@type":"WebPage","@id":"https:\/\/www.winbiz.ch\/fr\/midi-fiduciaire\/","url":"https:\/\/www.winbiz.ch\/fr\/midi-fiduciaire\/","name":"Winbiz Midi Fiduciaire - novembre 2025","isPartOf":{"@id":"https:\/\/www.winbiz.ch\/fr\/#website"},"primaryImageOfPage":{"@id":"https:\/\/www.winbiz.ch\/fr\/midi-fiduciaire\/#primaryimage"},"image":{"@id":"https:\/\/www.winbiz.ch\/fr\/midi-fiduciaire\/#primaryimage"},"thumbnailUrl":"https:\/\/www.winbiz.ch\/wp-content\/uploads\/2025\/10\/Design-sans-titre-10-1.jpg","datePublished":"2025-09-17T10:54:13+00:00","dateModified":"2026-04-21T14:28:29+00:00","description":"Ces rencontres sont l\u2019occasion de d\u00e9couvrir les actualit\u00e9s, nouveaut\u00e9s et perspectives des produits Winbiz.","breadcrumb":{"@id":"https:\/\/www.winbiz.ch\/fr\/midi-fiduciaire\/#breadcrumb"},"inLanguage":"fr-FR","potentialAction":[{"@type":"ReadAction","target":["https:\/\/www.winbiz.ch\/fr\/midi-fiduciaire\/"]}]},{"@type":"ImageObject","inLanguage":"fr-FR","@id":"https:\/\/www.winbiz.ch\/fr\/midi-fiduciaire\/#primaryimage","url":"https:\/\/www.winbiz.ch\/wp-content\/uploads\/2025\/10\/Design-sans-titre-10-1.jpg","contentUrl":"https:\/\/www.winbiz.ch\/wp-content\/uploads\/2025\/10\/Design-sans-titre-10-1.jpg"},{"@type":"BreadcrumbList","@id":"https:\/\/www.winbiz.ch\/fr\/midi-fiduciaire\/#breadcrumb","itemListElement":[{"@type":"ListItem","position":1,"name":"Accueil","item":"https:\/\/www.winbiz.ch\/fr\/"},{"@type":"ListItem","position":2,"name":"Midi Fiduciaire"}]},{"@type":"WebSite","@id":"https:\/\/www.winbiz.ch\/fr\/#website","url":"https:\/\/www.winbiz.ch\/fr\/","name":"winbiz","description":"","publisher":{"@id":"https:\/\/www.winbiz.ch\/fr\/#organization"},"potentialAction":[{"@type":"SearchAction","target":{"@type":"EntryPoint","urlTemplate":"https:\/\/www.winbiz.ch\/fr\/?s={search_term_string}"},"query-input":{"@type":"PropertyValueSpecification","valueRequired":true,"valueName":"search_term_string"}}],"inLanguage":"fr-FR"},{"@type":"Organization","@id":"https:\/\/www.winbiz.ch\/fr\/#organization","name":"winbiz","url":"https:\/\/www.winbiz.ch\/fr\/","logo":{"@type":"ImageObject","inLanguage":"fr-FR","@id":"https:\/\/www.winbiz.ch\/fr\/#\/schema\/logo\/image\/","url":"https:\/\/www.winbiz.ch\/wp-content\/uploads\/2024\/09\/cropped-FAV-1.png","contentUrl":"https:\/\/www.winbiz.ch\/wp-content\/uploads\/2024\/09\/cropped-FAV-1.png","width":512,"height":512,"caption":"winbiz"},"image":{"@id":"https:\/\/www.winbiz.ch\/fr\/#\/schema\/logo\/image\/"}}]}},"_links":{"self":[{"href":"https:\/\/www.winbiz.ch\/fr\/wp-json\/wp\/v2\/pages\/21992","targetHints":{"allow":["GET"]}}],"collection":[{"href":"https:\/\/www.winbiz.ch\/fr\/wp-json\/wp\/v2\/pages"}],"about":[{"href":"https:\/\/www.winbiz.ch\/fr\/wp-json\/wp\/v2\/types\/page"}],"author":[{"embeddable":true,"href":"https:\/\/www.winbiz.ch\/fr\/wp-json\/wp\/v2\/users\/1"}],"replies":[{"embeddable":true,"href":"https:\/\/www.winbiz.ch\/fr\/wp-json\/wp\/v2\/comments?post=21992"}],"version-history":[{"count":0,"href":"https:\/\/www.winbiz.ch\/fr\/wp-json\/wp\/v2\/pages\/21992\/revisions"}],"wp:attachment":[{"href":"https:\/\/www.winbiz.ch\/fr\/wp-json\/wp\/v2\/media?parent=21992"}],"curies":[{"name":"wp","href":"https:\/\/api.w.org\/{rel}","templated":true}]}}