


{"id":2716,"date":"2024-05-10T03:25:25","date_gmt":"2024-05-10T01:25:25","guid":{"rendered":"https:\/\/winbiz.unprinted.ch\/winbiz\/"},"modified":"2025-09-25T14:22:33","modified_gmt":"2025-09-25T12:22:33","slug":"winbiz","status":"publish","type":"page","link":"https:\/\/www.winbiz.ch\/de\/winbiz\/","title":{"rendered":"Winbiz"},"content":{"rendered":"\n<div class=\"wp-block-group alignfull has-global-padding is-layout-constrained wp-block-group-is-layout-constrained\">\n<div class=\"wp-block-columns alignwide is-layout-flex wp-container-core-columns-is-layout-e0e4babd wp-block-columns-is-layout-flex\" style=\"padding-right:0;padding-left:0\">\n<div class=\"wp-block-column is-vertically-aligned-center has-white-background-color has-background is-layout-flow wp-block-column-is-layout-flow\">\n<div style=\"height:100px\" aria-hidden=\"true\" class=\"wp-block-spacer\"><\/div>\n\n\n\n<div class=\"wp-block-group has-global-padding is-layout-constrained wp-block-group-is-layout-constrained\" style=\"padding-top:var(--wp--preset--spacing--x-large);padding-bottom:var(--wp--preset--spacing--x-large)\">\n<figure class=\"wp-block-image aligncenter size-full is-resized\"><img decoding=\"async\" width=\"512\" height=\"512\" data-src=\"https:\/\/www.winbiz.ch\/wp-content\/smush-webp\/2024\/09\/cropped-FAV-1.png.webp\" alt=\"\" class=\"wp-image-6921 lazyload\" style=\"--smush-placeholder-width: 512px; --smush-placeholder-aspect-ratio: 512\/512;width:326px;height:auto\" data-srcset=\"https:\/\/www.winbiz.ch\/wp-content\/smush-webp\/2024\/09\/cropped-FAV-1.png.webp 512w, https:\/\/www.winbiz.ch\/wp-content\/smush-webp\/2024\/09\/cropped-FAV-1-300x300.png.webp 300w, https:\/\/www.winbiz.ch\/wp-content\/smush-webp\/2024\/09\/cropped-FAV-1-150x150.png.webp 150w, https:\/\/www.winbiz.ch\/wp-content\/smush-webp\/2024\/09\/cropped-FAV-1-270x270.png.webp 270w, https:\/\/www.winbiz.ch\/wp-content\/smush-webp\/2024\/09\/cropped-FAV-1-192x192.png.webp 192w, https:\/\/www.winbiz.ch\/wp-content\/smush-webp\/2024\/09\/cropped-FAV-1-180x180.png.webp 180w, https:\/\/www.winbiz.ch\/wp-content\/smush-webp\/2024\/09\/cropped-FAV-1-32x32.png.webp 32w\" data-sizes=\"(max-width: 512px) 100vw, 512px\" src=\"data:image\/svg+xml;base64,PHN2ZyB3aWR0aD0iMSIgaGVpZ2h0PSIxIiB4bWxucz0iaHR0cDovL3d3dy53My5vcmcvMjAwMC9zdmciPjwvc3ZnPg==\" \/><\/figure>\n\n\n\n<div style=\"height:34px\" aria-hidden=\"true\" class=\"wp-block-spacer\"><\/div>\n\n\n\n<div class=\"wp-block-buttons is-content-justification-center is-layout-flex wp-container-core-buttons-is-layout-a89b3969 wp-block-buttons-is-layout-flex\">\n<div class=\"wp-block-button\"><a class=\"wp-block-button__link has-white-color has-primary-background-color has-text-color has-background has-link-color wp-element-button\" href=\"https:\/\/www.winbiz.ch\/de\/produkt\/\">Software entdecken<\/a><\/div>\n\n\n\n<div class=\"wp-block-button\"><a class=\"wp-block-button__link has-primary-color has-white-background-color has-text-color has-background has-link-color wp-element-button\" href=\"#jobs\">Unsere Stellenangebote<\/a><\/div>\n<\/div>\n<\/div>\n<\/div>\n\n\n\n<div class=\"wp-block-column is-vertically-aligned-stretch has-gray-light-background-color has-background is-layout-flow wp-block-column-is-layout-flow\" style=\"flex-basis:750px\">\n<div class=\"wp-block-group h-full has-gray-light-background-color has-background is-vertical is-layout-flex wp-container-core-group-is-layout-38eb6eb1 wp-block-group-is-layout-flex\" style=\"padding-top:var(--wp--preset--spacing--x-large);padding-right:var(--wp--preset--spacing--small);padding-bottom:var(--wp--preset--spacing--x-large);padding-left:var(--wp--preset--spacing--small)\">\n<div style=\"height:40px\" aria-hidden=\"true\" class=\"wp-block-spacer wp-container-content-28f0cd9b\"><\/div>\n\n\n\n<div style=\"height:31px\" aria-hidden=\"true\" class=\"wp-block-spacer wp-container-content-38cd910e\"><\/div>\n\n\n\n<p class=\"has-text-align-left\" style=\"font-size:clamp(15.197px, 0.95rem + ((1vw - 3.2px) * 0.591), 23px);\">Winbiz ist seit Ende der 90er Jahre in der Schweiz der f\u00fchrende Anbieter von Software f\u00fcr die Verwaltung von KMU, Kleinstunternehmen, Selbstst\u00e4ndigen und Start-ups. Winbiz bietet eine komplette, produktive und bew\u00e4hrte L\u00f6sung f\u00fcr Unternehmer und ihr \u00d6kosystem, um alle Aufgaben der t\u00e4glichen Verwaltung ihres Unternehmens zu \u00fcbernehmen.<\/p>\n\n\n\n<p><p class=\"has-text-align-left\" style=\"font-size:23px\">Winbiz profitiert von der Unterst\u00fctzung eines internationalen Konzerns und der Agilit\u00e4t eines KMU mit einer starken und historisch gewachsenen lokalen Pr\u00e4senz, um dem Alltag und den Bed\u00fcrfnissen seiner Kunden so nah wie m\u00f6glich zu sein.<\/p>\n<\/div>\n<\/div>\n<\/div>\n<\/div>\n\n\n\n<div class=\"wp-block-group alignfull has-white-background-color has-background has-global-padding is-content-justification-left is-layout-constrained wp-container-core-group-is-layout-3d0444fc wp-block-group-is-layout-constrained\" style=\"padding-top:var(--wp--preset--spacing--80);padding-right:var(--wp--preset--spacing--70);padding-bottom:var(--wp--preset--spacing--80);padding-left:var(--wp--preset--spacing--70)\">\n<h3 class=\"wp-block-heading alignwide has-text-align-left\" id=\"h-unsere-5-schlusselzahlen\" style=\"text-transform:uppercase\">UNSERE 5 SCHL\u00dcSSELZAHLEN<\/h3>\n\n\n\n<div class=\"wp-block-group alignwide is-nowrap is-layout-flex wp-container-core-group-is-layout-cdab40c6 wp-block-group-is-layout-flex\">\n<div class=\"wp-block-group has-global-padding is-layout-constrained wp-block-group-is-layout-constrained\">\n<hr class=\"wp-block-separator has-text-color has-primary-color has-alpha-channel-opacity has-primary-background-color has-background is-style-thick-line\"\/>\n\n\n\n<p>Gr\u00fcndung von Winbiz in Martigny<\/p>\n\n\n\n<h2 class=\"wp-block-heading has-primary-color has-text-color has-link-color wp-elements-334c189ee2ddee2d0e560baf9de99171\" id=\"h-1992\" style=\"font-size:clamp(50.171px, 3.136rem + ((1vw - 3.2px) * 3.775), 100px);\">1992<\/h2>\n<\/div>\n\n\n\n<div class=\"wp-block-group wp-container-content-9cfa9a5a has-global-padding is-layout-constrained wp-block-group-is-layout-constrained\">\n<hr class=\"wp-block-separator has-text-color has-primary-color has-alpha-channel-opacity has-primary-background-color has-background is-style-thick-line\"\/>\n\n\n\n<p>Anzahl der Partner in unserem Netzwerk<\/p>\n\n\n\n<h2 class=\"wp-block-heading has-primary-color has-text-color has-link-color wp-elements-13383e62763bf096b4b4ec549d9a0f18\" id=\"h-200\" style=\"font-size:clamp(50.171px, 3.136rem + ((1vw - 3.2px) * 3.775), 100px);\">+200<\/h2>\n<\/div>\n\n\n\n<div class=\"wp-block-group has-global-padding is-layout-constrained wp-block-group-is-layout-constrained\">\n<hr class=\"wp-block-separator has-text-color has-primary-color has-alpha-channel-opacity has-primary-background-color has-background is-style-thick-line\"\/>\n\n\n\n<p>Anzahl der Kunden, die uns vertrauen<\/p>\n\n\n\n<h2 class=\"wp-block-heading has-primary-color has-text-color has-link-color wp-elements-b9158eaedb49a07733ca3865f2435888\" id=\"h-50-000\" style=\"font-size:clamp(50.171px, 3.136rem + ((1vw - 3.2px) * 3.775), 100px);\">+50&#8217;000   <\/h2>\n<\/div>\n<\/div>\n\n\n\n<div class=\"wp-block-group alignwide is-nowrap is-layout-flex wp-container-core-group-is-layout-cdab40c6 wp-block-group-is-layout-flex\">\n<div class=\"wp-block-group has-global-padding is-layout-constrained wp-block-group-is-layout-constrained\">\n<hr class=\"wp-block-separator has-text-color has-primary-color has-alpha-channel-opacity has-primary-background-color has-background is-style-thick-line\"\/>\n\n\n\n<p>Anzahl der Treuhandb\u00fcros, die uns vertrauen<\/p>\n\n\n\n<h2 class=\"wp-block-heading has-primary-color has-text-color has-link-color wp-elements-203160a03ce3bd37b32c8ef50f7fdf8d\" id=\"h-1-000\" style=\"font-size:clamp(50.171px, 3.136rem + ((1vw - 3.2px) * 3.775), 100px);\">+1&#8217;000<\/h2>\n<\/div>\n\n\n\n<div class=\"wp-block-group has-global-padding is-layout-constrained wp-block-group-is-layout-constrained\">\n<hr class=\"wp-block-separator has-text-color has-primary-color has-alpha-channel-opacity has-primary-background-color has-background is-style-thick-line\"\/>\n\n\n\n<p>Verf\u00fcgbare Sprachen<\/p>\n\n\n\n<h2 class=\"wp-block-heading has-primary-color has-text-color has-link-color wp-elements-1f1fce77fb5da878e9c520b2ab358d6a\" id=\"h-4\" style=\"font-size:clamp(50.171px, 3.136rem + ((1vw - 3.2px) * 3.775), 100px);\">4<\/h2>\n<\/div>\n<\/div>\n<\/div>\n\n\n\n<div class=\"wp-block-group has-global-padding is-layout-constrained wp-block-group-is-layout-constrained\">\n<div class=\"wp-block-cover alignfull is-light\" style=\"min-height:35vw;aspect-ratio:unset;\"><img decoding=\"async\" width=\"1920\" height=\"694\" class=\"wp-block-cover__image-background wp-image-733 lazyload\" alt=\"\" data-src=\"https:\/\/www.winbiz.ch\/wp-content\/uploads\/2024\/06\/2023-11-8-20-10-55-710-sH872l36KV94LjuTQCGJ.webp\" data-object-fit=\"cover\" data-srcset=\"https:\/\/www.winbiz.ch\/wp-content\/uploads\/2024\/06\/2023-11-8-20-10-55-710-sH872l36KV94LjuTQCGJ.webp 1920w, https:\/\/www.winbiz.ch\/wp-content\/uploads\/2024\/06\/2023-11-8-20-10-55-710-sH872l36KV94LjuTQCGJ-300x108.webp 300w, https:\/\/www.winbiz.ch\/wp-content\/uploads\/2024\/06\/2023-11-8-20-10-55-710-sH872l36KV94LjuTQCGJ-1024x370.webp 1024w, https:\/\/www.winbiz.ch\/wp-content\/uploads\/2024\/06\/2023-11-8-20-10-55-710-sH872l36KV94LjuTQCGJ-768x278.webp 768w, https:\/\/www.winbiz.ch\/wp-content\/uploads\/2024\/06\/2023-11-8-20-10-55-710-sH872l36KV94LjuTQCGJ-1536x555.webp 1536w\" data-sizes=\"(max-width: 1920px) 100vw, 1920px\" src=\"data:image\/svg+xml;base64,PHN2ZyB3aWR0aD0iMSIgaGVpZ2h0PSIxIiB4bWxucz0iaHR0cDovL3d3dy53My5vcmcvMjAwMC9zdmciPjwvc3ZnPg==\" style=\"--smush-placeholder-width: 1920px; --smush-placeholder-aspect-ratio: 1920\/694;\" \/><span aria-hidden=\"true\" class=\"wp-block-cover__background has-background-dim-0 has-background-dim\" style=\"background-color:#9c9a99\"><\/span><div class=\"wp-block-cover__inner-container has-global-padding is-layout-constrained wp-block-cover-is-layout-constrained\">\n<p class=\"has-text-align-center has-large-font-size\"><\/p>\n<\/div><\/div>\n<\/div>\n\n\n\n\n\n<div id=\"jobs\" class=\"wp-block-group has-white-color has-gray-dark-background-color has-text-color has-background has-link-color wp-elements-bb3caee1f02eba8faf055fa0e898b0c4 has-global-padding is-layout-constrained wp-container-core-group-is-layout-7ac918b0 wp-block-group-is-layout-constrained\" style=\"padding-top:7.5rem;padding-right:10rem;padding-bottom:7.5rem;padding-left:10rem\">\n<h2 class=\"wp-block-heading has-text-align-center\" id=\"h-mochten-sie-sich-uns-anschliessen\">M\u00f6chten Sie sich uns anschlie\u00dfen?<\/h2>\n\n\n\n<div style=\"height:20px\" aria-hidden=\"true\" class=\"wp-block-spacer\"><\/div>\n\n\n\n<p class=\"has-text-align-center\">Wir aktualisieren unser Stellenangebot regelm\u00e4\u00dfig. Sie k\u00f6nnen sie hier finden. Ansonsten bewerben Sie sich spontan, wir freuen uns auf Sie.<\/p>\n\n\n\n<div class=\"wp-block-buttons is-content-justification-center is-layout-flex wp-container-core-buttons-is-layout-a89b3969 wp-block-buttons-is-layout-flex\">\n<div class=\"wp-block-button\"><a class=\"wp-block-button__link wp-element-button\" href=\"mailto:jobs@winbiz.ch\">SPONTANBEWERBUNG<\/a><\/div>\n<\/div>\n<\/div>\n\n\n","protected":false},"excerpt":{"rendered":"<p>Winbiz ist seit Ende der 90er Jahre in der Schweiz der f\u00fchrende Anbieter von Software f\u00fcr die Verwaltung von KMU, Kleinstunternehmen, Selbstst\u00e4ndigen und Start-ups. Winbiz bietet eine komplette, produktive und bew\u00e4hrte L\u00f6sung f\u00fcr Unternehmer und ihr \u00d6kosystem, um alle Aufgaben der t\u00e4glichen Verwaltung ihres Unternehmens zu \u00fcbernehmen. Winbiz profitiert von der Unterst\u00fctzung eines internationalen Konzerns [&hellip;]<\/p>\n","protected":false},"author":1,"featured_media":0,"parent":0,"menu_order":23,"comment_status":"closed","ping_status":"closed","template":"page-base","meta":{"_acf_changed":false,"footnotes":""},"class_list":["post-2716","page","type-page","status-publish","hentry"],"acf":[],"yoast_head":"<!-- This site is optimized with the Yoast SEO Premium plugin v26.0 (Yoast SEO v27.5) - https:\/\/yoast.com\/product\/yoast-seo-premium-wordpress\/ -->\n<title>\u00dcber uns - Winbiz<\/title>\n<meta name=\"description\" content=\"Winbiz-Verwaltungssoftware f\u00fcr Schweizer Unternehmen: Zug\u00e4nglich, sicher und immer auf dem neuesten Stand. Testen Sie es noch heute kostenlos.\" \/>\n<meta name=\"robots\" content=\"index, follow, max-snippet:-1, max-image-preview:large, max-video-preview:-1\" \/>\n<link rel=\"canonical\" href=\"https:\/\/www.winbiz.ch\/de\/winbiz\/\" \/>\n<meta property=\"og:locale\" content=\"de_DE\" \/>\n<meta property=\"og:type\" content=\"article\" \/>\n<meta property=\"og:title\" content=\"Winbiz\" \/>\n<meta property=\"og:description\" content=\"Winbiz-Verwaltungssoftware f\u00fcr Schweizer Unternehmen: Zug\u00e4nglich, sicher und immer auf dem neuesten Stand. Testen Sie es noch heute kostenlos.\" \/>\n<meta property=\"og:url\" content=\"https:\/\/www.winbiz.ch\/de\/winbiz\/\" \/>\n<meta property=\"og:site_name\" content=\"winbiz\" \/>\n<meta property=\"article:modified_time\" content=\"2025-09-25T12:22:33+00:00\" \/>\n<meta property=\"og:image\" content=\"https:\/\/www.winbiz.ch\/wp-content\/uploads\/2024\/09\/cropped-FAV-1.png\" \/>\n\t<meta property=\"og:image:width\" content=\"512\" \/>\n\t<meta property=\"og:image:height\" content=\"512\" \/>\n\t<meta property=\"og:image:type\" content=\"image\/png\" \/>\n<meta name=\"twitter:card\" content=\"summary_large_image\" \/>\n<meta name=\"twitter:label1\" content=\"Est. reading time\" \/>\n\t<meta name=\"twitter:data1\" content=\"2 minutes\" \/>\n<script type=\"application\/ld+json\" class=\"yoast-schema-graph\">{\"@context\":\"https:\\\/\\\/schema.org\",\"@graph\":[{\"@type\":\"WebPage\",\"@id\":\"https:\\\/\\\/www.winbiz.ch\\\/de\\\/winbiz\\\/\",\"url\":\"https:\\\/\\\/www.winbiz.ch\\\/de\\\/winbiz\\\/\",\"name\":\"\u00dcber uns - Winbiz\",\"isPartOf\":{\"@id\":\"https:\\\/\\\/www.winbiz.ch\\\/fr\\\/#website\"},\"primaryImageOfPage\":{\"@id\":\"https:\\\/\\\/www.winbiz.ch\\\/de\\\/winbiz\\\/#primaryimage\"},\"image\":{\"@id\":\"https:\\\/\\\/www.winbiz.ch\\\/de\\\/winbiz\\\/#primaryimage\"},\"thumbnailUrl\":\"https:\\\/\\\/www.winbiz.ch\\\/wp-content\\\/uploads\\\/2024\\\/09\\\/cropped-FAV-1.png\",\"datePublished\":\"2024-05-10T01:25:25+00:00\",\"dateModified\":\"2025-09-25T12:22:33+00:00\",\"description\":\"Winbiz-Verwaltungssoftware f\u00fcr Schweizer Unternehmen: Zug\u00e4nglich, sicher und immer auf dem neuesten Stand. Testen Sie es noch heute kostenlos.\",\"breadcrumb\":{\"@id\":\"https:\\\/\\\/www.winbiz.ch\\\/de\\\/winbiz\\\/#breadcrumb\"},\"inLanguage\":\"de-DE\",\"potentialAction\":[{\"@type\":\"ReadAction\",\"target\":[\"https:\\\/\\\/www.winbiz.ch\\\/de\\\/winbiz\\\/\"]}]},{\"@type\":\"ImageObject\",\"inLanguage\":\"de-DE\",\"@id\":\"https:\\\/\\\/www.winbiz.ch\\\/de\\\/winbiz\\\/#primaryimage\",\"url\":\"https:\\\/\\\/www.winbiz.ch\\\/wp-content\\\/uploads\\\/2024\\\/09\\\/cropped-FAV-1.png\",\"contentUrl\":\"https:\\\/\\\/www.winbiz.ch\\\/wp-content\\\/uploads\\\/2024\\\/09\\\/cropped-FAV-1.png\"},{\"@type\":\"BreadcrumbList\",\"@id\":\"https:\\\/\\\/www.winbiz.ch\\\/de\\\/winbiz\\\/#breadcrumb\",\"itemListElement\":[{\"@type\":\"ListItem\",\"position\":1,\"name\":\"Accueil\",\"item\":\"https:\\\/\\\/www.winbiz.ch\\\/de\\\/\"},{\"@type\":\"ListItem\",\"position\":2,\"name\":\"Winbiz\"}]},{\"@type\":\"WebSite\",\"@id\":\"https:\\\/\\\/www.winbiz.ch\\\/fr\\\/#website\",\"url\":\"https:\\\/\\\/www.winbiz.ch\\\/fr\\\/\",\"name\":\"winbiz\",\"description\":\"\",\"publisher\":{\"@id\":\"https:\\\/\\\/www.winbiz.ch\\\/fr\\\/#organization\"},\"potentialAction\":[{\"@type\":\"SearchAction\",\"target\":{\"@type\":\"EntryPoint\",\"urlTemplate\":\"https:\\\/\\\/www.winbiz.ch\\\/fr\\\/?s={search_term_string}\"},\"query-input\":{\"@type\":\"PropertyValueSpecification\",\"valueRequired\":true,\"valueName\":\"search_term_string\"}}],\"inLanguage\":\"de-DE\"},{\"@type\":\"Organization\",\"@id\":\"https:\\\/\\\/www.winbiz.ch\\\/fr\\\/#organization\",\"name\":\"winbiz\",\"url\":\"https:\\\/\\\/www.winbiz.ch\\\/fr\\\/\",\"logo\":{\"@type\":\"ImageObject\",\"inLanguage\":\"de-DE\",\"@id\":\"https:\\\/\\\/www.winbiz.ch\\\/fr\\\/#\\\/schema\\\/logo\\\/image\\\/\",\"url\":\"https:\\\/\\\/www.winbiz.ch\\\/wp-content\\\/uploads\\\/2024\\\/09\\\/cropped-FAV-1.png\",\"contentUrl\":\"https:\\\/\\\/www.winbiz.ch\\\/wp-content\\\/uploads\\\/2024\\\/09\\\/cropped-FAV-1.png\",\"width\":512,\"height\":512,\"caption\":\"winbiz\"},\"image\":{\"@id\":\"https:\\\/\\\/www.winbiz.ch\\\/fr\\\/#\\\/schema\\\/logo\\\/image\\\/\"}}]}<\/script>\n<!-- \/ Yoast SEO Premium plugin. -->","yoast_head_json":{"title":"\u00dcber uns - Winbiz","description":"Winbiz-Verwaltungssoftware f\u00fcr Schweizer Unternehmen: Zug\u00e4nglich, sicher und immer auf dem neuesten Stand. Testen Sie es noch heute kostenlos.","robots":{"index":"index","follow":"follow","max-snippet":"max-snippet:-1","max-image-preview":"max-image-preview:large","max-video-preview":"max-video-preview:-1"},"canonical":"https:\/\/www.winbiz.ch\/de\/winbiz\/","og_locale":"de_DE","og_type":"article","og_title":"Winbiz","og_description":"Winbiz-Verwaltungssoftware f\u00fcr Schweizer Unternehmen: Zug\u00e4nglich, sicher und immer auf dem neuesten Stand. Testen Sie es noch heute kostenlos.","og_url":"https:\/\/www.winbiz.ch\/de\/winbiz\/","og_site_name":"winbiz","article_modified_time":"2025-09-25T12:22:33+00:00","og_image":[{"width":512,"height":512,"url":"https:\/\/www.winbiz.ch\/wp-content\/uploads\/2024\/09\/cropped-FAV-1.png","type":"image\/png"}],"twitter_card":"summary_large_image","twitter_misc":{"Est. reading time":"2 minutes"},"schema":{"@context":"https:\/\/schema.org","@graph":[{"@type":"WebPage","@id":"https:\/\/www.winbiz.ch\/de\/winbiz\/","url":"https:\/\/www.winbiz.ch\/de\/winbiz\/","name":"\u00dcber uns - Winbiz","isPartOf":{"@id":"https:\/\/www.winbiz.ch\/fr\/#website"},"primaryImageOfPage":{"@id":"https:\/\/www.winbiz.ch\/de\/winbiz\/#primaryimage"},"image":{"@id":"https:\/\/www.winbiz.ch\/de\/winbiz\/#primaryimage"},"thumbnailUrl":"https:\/\/www.winbiz.ch\/wp-content\/uploads\/2024\/09\/cropped-FAV-1.png","datePublished":"2024-05-10T01:25:25+00:00","dateModified":"2025-09-25T12:22:33+00:00","description":"Winbiz-Verwaltungssoftware f\u00fcr Schweizer Unternehmen: Zug\u00e4nglich, sicher und immer auf dem neuesten Stand. Testen Sie es noch heute kostenlos.","breadcrumb":{"@id":"https:\/\/www.winbiz.ch\/de\/winbiz\/#breadcrumb"},"inLanguage":"de-DE","potentialAction":[{"@type":"ReadAction","target":["https:\/\/www.winbiz.ch\/de\/winbiz\/"]}]},{"@type":"ImageObject","inLanguage":"de-DE","@id":"https:\/\/www.winbiz.ch\/de\/winbiz\/#primaryimage","url":"https:\/\/www.winbiz.ch\/wp-content\/uploads\/2024\/09\/cropped-FAV-1.png","contentUrl":"https:\/\/www.winbiz.ch\/wp-content\/uploads\/2024\/09\/cropped-FAV-1.png"},{"@type":"BreadcrumbList","@id":"https:\/\/www.winbiz.ch\/de\/winbiz\/#breadcrumb","itemListElement":[{"@type":"ListItem","position":1,"name":"Accueil","item":"https:\/\/www.winbiz.ch\/de\/"},{"@type":"ListItem","position":2,"name":"Winbiz"}]},{"@type":"WebSite","@id":"https:\/\/www.winbiz.ch\/fr\/#website","url":"https:\/\/www.winbiz.ch\/fr\/","name":"winbiz","description":"","publisher":{"@id":"https:\/\/www.winbiz.ch\/fr\/#organization"},"potentialAction":[{"@type":"SearchAction","target":{"@type":"EntryPoint","urlTemplate":"https:\/\/www.winbiz.ch\/fr\/?s={search_term_string}"},"query-input":{"@type":"PropertyValueSpecification","valueRequired":true,"valueName":"search_term_string"}}],"inLanguage":"de-DE"},{"@type":"Organization","@id":"https:\/\/www.winbiz.ch\/fr\/#organization","name":"winbiz","url":"https:\/\/www.winbiz.ch\/fr\/","logo":{"@type":"ImageObject","inLanguage":"de-DE","@id":"https:\/\/www.winbiz.ch\/fr\/#\/schema\/logo\/image\/","url":"https:\/\/www.winbiz.ch\/wp-content\/uploads\/2024\/09\/cropped-FAV-1.png","contentUrl":"https:\/\/www.winbiz.ch\/wp-content\/uploads\/2024\/09\/cropped-FAV-1.png","width":512,"height":512,"caption":"winbiz"},"image":{"@id":"https:\/\/www.winbiz.ch\/fr\/#\/schema\/logo\/image\/"}}]}},"_links":{"self":[{"href":"https:\/\/www.winbiz.ch\/de\/wp-json\/wp\/v2\/pages\/2716","targetHints":{"allow":["GET"]}}],"collection":[{"href":"https:\/\/www.winbiz.ch\/de\/wp-json\/wp\/v2\/pages"}],"about":[{"href":"https:\/\/www.winbiz.ch\/de\/wp-json\/wp\/v2\/types\/page"}],"author":[{"embeddable":true,"href":"https:\/\/www.winbiz.ch\/de\/wp-json\/wp\/v2\/users\/1"}],"replies":[{"embeddable":true,"href":"https:\/\/www.winbiz.ch\/de\/wp-json\/wp\/v2\/comments?post=2716"}],"version-history":[{"count":0,"href":"https:\/\/www.winbiz.ch\/de\/wp-json\/wp\/v2\/pages\/2716\/revisions"}],"wp:attachment":[{"href":"https:\/\/www.winbiz.ch\/de\/wp-json\/wp\/v2\/media?parent=2716"}],"curies":[{"name":"wp","href":"https:\/\/api.w.org\/{rel}","templated":true}]}}