


{"id":2696,"date":"2024-06-18T00:12:11","date_gmt":"2024-06-17T22:12:11","guid":{"rendered":"https:\/\/winbiz.unprinted.ch\/unterstutzung\/tele-assistenz\/"},"modified":"2024-12-09T10:09:16","modified_gmt":"2024-12-09T09:09:16","slug":"tele-assistenz","status":"publish","type":"page","link":"https:\/\/www.winbiz.ch\/de\/unterstutzung\/tele-assistenz\/","title":{"rendered":"TELE-ASSISTENZ"},"content":{"rendered":"\n<div class=\"wp-block-group alignfull has-global-padding is-layout-constrained wp-block-group-is-layout-constrained\">\n<div class=\"wp-block-group alignwide is-vertical is-content-justification-center is-layout-flex wp-container-core-group-is-layout-650ce88a wp-block-group-is-layout-flex\" style=\"min-height:40vh;padding-top:var(--wp--preset--spacing--70);padding-bottom:var(--wp--preset--spacing--70)\">\n<div style=\"height:0px\" aria-hidden=\"true\" class=\"wp-block-spacer wp-container-content-6388d5dc\"><\/div>\n\n\n\n<h2 class=\"wp-block-heading has-text-align-center aos-fade\" id=\"h-tele-assistenz\">TELE-ASSISTENZ<\/h2>\n\n\n\n<p class=\"has-text-align-center aos-fade\">Telefonische und visuelle Unterst\u00fctzung ist f\u00fcr Sie verf\u00fcgbar.<\/p>\n\n\n\n<div class=\"wp-block-buttons is-layout-flex wp-block-buttons-is-layout-flex\">\n<div class=\"wp-block-button\"><a class=\"wp-block-button__link wp-element-button\" href=\"https:\/\/www.islonline.net\/start\/ISLLightClient\">LADEN SIE DAS SUPPORT-TOOL HERUNTER<\/a><\/div>\n<\/div>\n<\/div>\n\n\n\n<div class=\"wp-block-group is-layout-flow wp-block-group-is-layout-flow\">\n<p class=\"has-text-align-left has-primary-color has-text-color has-link-color wp-elements-4cde15565d6ddc8ce134befa0173b786\"><a href=\"https:\/\/www.winbiz.ch\/fr\/support\"><br><\/a><i class=\"fal fa-chevron-left\"><\/i> <a href=\"https:\/\/www.winbiz.ch\/de\/unterstutzung\/\" data-type=\"page\" data-id=\"20\">Zur\u00fcck zu den verf\u00fcgbaren Diensten<\/a><\/p>\n\n\n\n<div style=\"height:10px\" aria-hidden=\"true\" class=\"wp-block-spacer\"><\/div>\n\n\n\n<hr class=\"wp-block-separator has-text-color has-gray-dark-color has-alpha-channel-opacity has-gray-dark-background-color has-background is-style-wide\"\/>\n<\/div>\n\n\n\n<div class=\"wp-block-group has-global-padding is-layout-constrained wp-block-group-is-layout-constrained\">\n<div style=\"height:50px\" aria-hidden=\"true\" class=\"wp-block-spacer\"><\/div>\n\n\n\n<div class=\"wp-block-columns is-layout-flex wp-container-core-columns-is-layout-28f84493 wp-block-columns-is-layout-flex\">\n<div class=\"wp-block-column is-layout-flow wp-block-column-is-layout-flow\">\n<div class=\"wp-block-group has-global-padding is-content-justification-left is-layout-constrained wp-container-core-group-is-layout-12dd3699 wp-block-group-is-layout-constrained\">\n<h5 class=\"wp-block-heading\" id=\"h-mit-dem-start-des-telecare-erklaren-sie-sich-mit-den-folgenden-allgemeinen-bedingungen-einverstanden\" style=\"font-style:normal;font-weight:200\">Mit dem Start des Telecare erkl\u00e4ren Sie sich mit den folgenden allgemeinen Bedingungen einverstanden:<\/h5>\n\n\n\n<p style=\"font-style:normal;font-weight:300\">Das Fernwartungssystem erm\u00f6glicht es Ihnen, einen Agenten zu autorisieren, an Ihrer Anlage in v\u00f6lliger Sicherheit zu arbeiten. Sie k\u00f6nnen die Fernwartungsanwendung verwenden, wenn ein Supportmitarbeiter eine Sitzung auf Ihrem Computer er\u00f6ffnen muss. Sie haben die st\u00e4ndige Kontrolle \u00fcber alle Vorg\u00e4nge, die durchgef\u00fchrt werden. Der Zugang muss bei jeder Sitzung akzeptiert werden und es ist keine weitere Verbindung in Ihrer Abwesenheit und ohne Ihre Zustimmung bei jeder Verbindung m\u00f6glich.   <\/p>\n\n\n\n<div style=\"height:40px\" aria-hidden=\"true\" class=\"wp-block-spacer\"><\/div>\n\n\n\n<h5 class=\"wp-block-heading\" id=\"h-haftungsausschluss\" style=\"font-style:normal;font-weight:200\">HAFTUNGSAUSSCHLUSS<\/h5>\n\n\n\n<p style=\"font-style:normal;font-weight:300\">Wichtig: FIDUCIAL WINBIZ SA \u00fcbernimmt KEINE VERANTWORTUNG im Falle eines Datenverlustes oder einer Ver\u00e4nderung Ihres Systems vor, w\u00e4hrend oder nach dem Eingriff des Support-Mitarbeiters. Sie sind allein daf\u00fcr verantwortlich, dass Sie vor jedem Eingriff die notwendigen Sicherungen vorgenommen haben. Nach einem technischen Eingriff durch einen Supportmitarbeiter kann kein Anspruch auf Schadensersatz geltend gemacht werden, unabh\u00e4ngig davon, ob der Eingriff per Telefon, E-Mail, Internet oder per Fernwartung erfolgt ist. Mit dem Starten der Fernbedienungsanwendung akzeptieren Sie stillschweigend diese Bedingungen des Haftungsausschlusses.   <\/p>\n\n\n\n<div style=\"height:30px\" aria-hidden=\"true\" class=\"wp-block-spacer\"><\/div>\n\n\n\n<p class=\"has-primary-color has-text-color has-link-color wp-elements-449d2c33137c701c6c7108357c7fad1b\"><a href=\"https:\/\/helpcenter.winbiz.ch\/hc\/fr\/articles\/115004013873-Comment-sauvegarder-les-donn%C3%A9es-depuis-Winbiz-Cloud-sur-PC-\" target=\"_blank\" rel=\"noreferrer noopener\">Vorgehensweise bei der Sicherung von Winbiz-Daten<\/a><\/p>\n<\/div>\n<\/div>\n\n\n\n<div class=\"wp-block-column is-layout-flow wp-block-column-is-layout-flow\" style=\"flex-basis:25%\">\n<div class=\"wp-block-group has-gray-medium-background-color has-background is-vertical is-content-justification-center is-layout-flex wp-container-core-group-is-layout-f0403e0a wp-block-group-is-layout-flex\" style=\"border-radius:20px;margin-top:0;margin-bottom:0;padding-top:var(--wp--preset--spacing--70);padding-right:var(--wp--preset--spacing--60);padding-bottom:var(--wp--preset--spacing--70);padding-left:var(--wp--preset--spacing--60)\">\n<figure class=\"wp-block-image size-large\"><img decoding=\"async\" width=\"104\" height=\"79\" data-src=\"https:\/\/www.winbiz.ch\/wp-content\/uploads\/2024\/06\/faq.svg\" alt=\"\" class=\"wp-image-573 lazyload\" style=\"--smush-placeholder-width: 104px; --smush-placeholder-aspect-ratio: 104\/79;object-fit:cover\" src=\"data:image\/svg+xml;base64,PHN2ZyB3aWR0aD0iMSIgaGVpZ2h0PSIxIiB4bWxucz0iaHR0cDovL3d3dy53My5vcmcvMjAwMC9zdmciPjwvc3ZnPg==\" \/><\/figure>\n\n\n\n<p>FAQ<\/p>\n\n\n\n<div class=\"wp-block-buttons is-layout-flex wp-block-buttons-is-layout-flex\">\n<div class=\"wp-block-button\"><a class=\"wp-block-button__link has-primary-color has-white-background-color has-text-color has-background has-link-color wp-element-button\" href=\"https:\/\/helpcenter.winbiz.ch\/hc\/de\">mehr<\/a><\/div>\n<\/div>\n<\/div>\n<\/div>\n<\/div>\n\n\n\n<div style=\"height:50px\" aria-hidden=\"true\" class=\"wp-block-spacer\"><\/div>\n<\/div>\n<\/div>\n\n\n\n<div class=\"wp-block-group has-white-background-color has-background has-global-padding is-layout-constrained wp-block-group-is-layout-constrained\" style=\"padding-top:var(--wp--preset--spacing--60);padding-bottom:var(--wp--preset--spacing--60)\">\n<div class=\"wp-block-group has-global-padding is-layout-constrained wp-block-group-is-layout-constrained\">\n<hr class=\"wp-block-separator alignwide has-text-color has-gray-dark-color has-alpha-channel-opacity has-gray-dark-background-color has-background is-style-wide\"\/>\n\n\n\n<div style=\"height:25px\" aria-hidden=\"true\" class=\"wp-block-spacer\"><\/div>\n\n\n\n<h3 class=\"wp-block-heading alignwide\" id=\"h-sonstige-dienstleistungen\">Sonstige Dienstleistungen<\/h3>\n\n\n\n<div class=\"wp-block-columns is-layout-flex wp-container-core-columns-is-layout-28f84493 wp-block-columns-is-layout-flex\">\n<div class=\"wp-block-column is-layout-flow wp-block-column-is-layout-flow\">\n<div class=\"wp-block-group has-gray-medium-background-color has-background is-nowrap is-layout-flex wp-container-core-group-is-layout-71bf7122 wp-block-group-is-layout-flex\" style=\"border-radius:20px;padding-top:var(--wp--preset--spacing--40);padding-right:var(--wp--preset--spacing--60);padding-bottom:var(--wp--preset--spacing--40);padding-left:var(--wp--preset--spacing--60)\">\n<figure class=\"wp-block-image size-large is-resized\"><img decoding=\"async\" width=\"104\" height=\"79\" data-src=\"https:\/\/www.winbiz.ch\/wp-content\/uploads\/2024\/06\/faq.svg\" alt=\"\" class=\"wp-image-573 lazyload\" style=\"--smush-placeholder-width: 104px; --smush-placeholder-aspect-ratio: 104\/79;width:auto;height:42px\" src=\"data:image\/svg+xml;base64,PHN2ZyB3aWR0aD0iMSIgaGVpZ2h0PSIxIiB4bWxucz0iaHR0cDovL3d3dy53My5vcmcvMjAwMC9zdmciPjwvc3ZnPg==\" \/><\/figure>\n\n\n\n<div class=\"wp-block-group has-global-padding is-layout-constrained wp-block-group-is-layout-constrained\">\n<h5 class=\"wp-block-heading has-medium-font-size\" id=\"h-faq\" style=\"margin-top:0;margin-right:0;margin-bottom:0;margin-left:0;padding-top:0;padding-bottom:0;font-style:normal;font-weight:300\">FAQ<\/h5>\n\n\n\n<div class=\"wp-block-buttons is-layout-flex wp-block-buttons-is-layout-flex\" style=\"margin-top:var(--wp--preset--spacing--30);margin-bottom:var(--wp--preset--spacing--30)\">\n<div class=\"wp-block-button\"><a class=\"wp-block-button__link has-gray-warm-color has-white-background-color has-text-color has-background has-link-color wp-element-button\" href=\"https:\/\/helpcenter.winbiz.ch\/hc\/de\">Mehr anzeigen<\/a><\/div>\n<\/div>\n<\/div>\n<\/div>\n<\/div>\n\n\n\n<div class=\"wp-block-column is-layout-flow wp-block-column-is-layout-flow\">\n<div class=\"wp-block-group has-gray-medium-background-color has-background is-nowrap is-layout-flex wp-container-core-group-is-layout-71bf7122 wp-block-group-is-layout-flex\" style=\"border-radius:20px;padding-top:var(--wp--preset--spacing--40);padding-right:var(--wp--preset--spacing--60);padding-bottom:var(--wp--preset--spacing--40);padding-left:var(--wp--preset--spacing--60)\">\n<figure class=\"wp-block-image size-large is-resized\"><img decoding=\"async\" width=\"100\" height=\"88\" data-src=\"https:\/\/www.winbiz.ch\/wp-content\/uploads\/2024\/06\/2021-4-4-13-8-47-644-fJcixM8M78K8gTdiFrFL.svg\" alt=\"\" class=\"wp-image-643 lazyload\" style=\"--smush-placeholder-width: 100px; --smush-placeholder-aspect-ratio: 100\/88;width:auto;height:50px\" src=\"data:image\/svg+xml;base64,PHN2ZyB3aWR0aD0iMSIgaGVpZ2h0PSIxIiB4bWxucz0iaHR0cDovL3d3dy53My5vcmcvMjAwMC9zdmciPjwvc3ZnPg==\" \/><\/figure>\n\n\n\n<div class=\"wp-block-group has-global-padding is-layout-constrained wp-block-group-is-layout-constrained\">\n<h5 class=\"wp-block-heading has-medium-font-size\" id=\"h-aktualisierungen\" style=\"font-style:normal;font-weight:300\">Aktualisierungen<\/h5>\n\n\n\n<div class=\"wp-block-buttons is-layout-flex wp-block-buttons-is-layout-flex\" style=\"margin-top:var(--wp--preset--spacing--20);margin-bottom:var(--wp--preset--spacing--20)\">\n<div class=\"wp-block-button\"><a class=\"wp-block-button__link has-gray-warm-color has-white-background-color has-text-color has-background has-link-color wp-element-button\" href=\"https:\/\/www.winbiz.ch\/de\/unterstutzung\/aktualisierungen\/\">Mehr anzeigen<\/a><\/div>\n<\/div>\n<\/div>\n<\/div>\n<\/div>\n\n\n\n<div class=\"wp-block-column is-layout-flow wp-block-column-is-layout-flow\">\n<div class=\"wp-block-group has-gray-medium-background-color has-background is-nowrap is-layout-flex wp-container-core-group-is-layout-71bf7122 wp-block-group-is-layout-flex\" style=\"border-radius:20px;padding-top:var(--wp--preset--spacing--40);padding-right:var(--wp--preset--spacing--60);padding-bottom:var(--wp--preset--spacing--40);padding-left:var(--wp--preset--spacing--60)\">\n<figure class=\"wp-block-image size-large is-resized\"><img decoding=\"async\" width=\"88\" height=\"88\" data-src=\"https:\/\/www.winbiz.ch\/wp-content\/uploads\/2024\/06\/2021-4-4-13-9-6-523-Zh3OfOh7jAOmOmUBrTX3.svg\" alt=\"\" class=\"wp-image-571 lazyload\" style=\"--smush-placeholder-width: 88px; --smush-placeholder-aspect-ratio: 88\/88;width:50px\" src=\"data:image\/svg+xml;base64,PHN2ZyB3aWR0aD0iMSIgaGVpZ2h0PSIxIiB4bWxucz0iaHR0cDovL3d3dy53My5vcmcvMjAwMC9zdmciPjwvc3ZnPg==\" \/><\/figure>\n\n\n\n<div class=\"wp-block-group has-global-padding is-layout-constrained wp-block-group-is-layout-constrained\">\n<h5 class=\"wp-block-heading has-medium-font-size\" id=\"h-download\" style=\"font-style:normal;font-weight:300;letter-spacing:-1px\">Download<\/h5>\n\n\n\n<div class=\"wp-block-buttons is-layout-flex wp-block-buttons-is-layout-flex\" style=\"margin-top:var(--wp--preset--spacing--20);margin-bottom:var(--wp--preset--spacing--20)\">\n<div class=\"wp-block-button\"><a class=\"wp-block-button__link has-gray-warm-color has-white-background-color has-text-color has-background has-link-color wp-element-button\" href=\"https:\/\/www.winbiz.ch\/de\/unterstutzung\/downloads\/\">Mehr anzeigen<\/a><\/div>\n<\/div>\n<\/div>\n<\/div>\n<\/div>\n\n\n\n<div class=\"wp-block-column is-layout-flow wp-block-column-is-layout-flow\">\n<div class=\"wp-block-group has-gray-medium-background-color has-background is-nowrap is-layout-flex wp-container-core-group-is-layout-71bf7122 wp-block-group-is-layout-flex\" style=\"border-radius:20px;padding-top:var(--wp--preset--spacing--40);padding-right:var(--wp--preset--spacing--60);padding-bottom:var(--wp--preset--spacing--40);padding-left:var(--wp--preset--spacing--60)\">\n<figure class=\"wp-block-image size-large is-resized\"><img decoding=\"async\" width=\"41\" height=\"60\" data-src=\"https:\/\/www.winbiz.ch\/wp-content\/uploads\/2024\/06\/formationIcon.svg\" alt=\"\" class=\"wp-image-644 lazyload\" style=\"--smush-placeholder-width: 41px; --smush-placeholder-aspect-ratio: 41\/60;width:auto;height:50px\" src=\"data:image\/svg+xml;base64,PHN2ZyB3aWR0aD0iMSIgaGVpZ2h0PSIxIiB4bWxucz0iaHR0cDovL3d3dy53My5vcmcvMjAwMC9zdmciPjwvc3ZnPg==\" \/><\/figure>\n\n\n\n<div class=\"wp-block-group has-global-padding is-layout-constrained wp-block-group-is-layout-constrained\">\n<h5 class=\"wp-block-heading has-medium-font-size\" id=\"h-schulungsangebot\" style=\"font-style:normal;font-weight:300\">SCHULUNGSANGEBOT<\/h5>\n\n\n\n<div class=\"wp-block-buttons is-layout-flex wp-block-buttons-is-layout-flex\" style=\"margin-top:var(--wp--preset--spacing--20);margin-bottom:var(--wp--preset--spacing--20)\">\n<div class=\"wp-block-button\"><a class=\"wp-block-button__link has-gray-warm-color has-white-background-color has-text-color has-background has-link-color wp-element-button\" href=\"https:\/\/www.winbiz.ch\/de\/trainings\/unternehmerische-ausbildung\/buchhaltung\/\">Mehr anzeigen<\/a><\/div>\n<\/div>\n<\/div>\n<\/div>\n<\/div>\n<\/div>\n\n\n\n<div style=\"height:25px\" aria-hidden=\"true\" class=\"wp-block-spacer\"><\/div>\n<\/div>\n<\/div>\n","protected":false},"excerpt":{"rendered":"<p>TELE-ASSISTENZ Telefonische und visuelle Unterst\u00fctzung ist f\u00fcr Sie verf\u00fcgbar. Zur\u00fcck zu den verf\u00fcgbaren Diensten Mit dem Start des Telecare erkl\u00e4ren Sie sich mit den folgenden allgemeinen Bedingungen einverstanden: Das Fernwartungssystem erm\u00f6glicht es Ihnen, einen Agenten zu autorisieren, an Ihrer Anlage in v\u00f6lliger Sicherheit zu arbeiten. Sie k\u00f6nnen die Fernwartungsanwendung verwenden, wenn ein Supportmitarbeiter eine Sitzung [&hellip;]<\/p>\n","protected":false},"author":1,"featured_media":0,"parent":2671,"menu_order":16,"comment_status":"closed","ping_status":"closed","template":"page-base","meta":{"_acf_changed":false,"footnotes":""},"class_list":["post-2696","page","type-page","status-publish","hentry"],"acf":[],"yoast_head":"<!-- This site is optimized with the Yoast SEO Premium plugin v26.0 (Yoast SEO v27.3) - https:\/\/yoast.com\/product\/yoast-seo-premium-wordpress\/ -->\n<title>Tele-assistenz - Winbiz<\/title>\n<meta name=\"description\" content=\"Winbiz-Fernwartung: Nutzen Sie den Fernzugriff, um Ihre Probleme schnell zu l\u00f6sen, mit voller Kontrolle \u00fcber jeden technischen Eingriff.\" \/>\n<meta name=\"robots\" content=\"index, follow, max-snippet:-1, max-image-preview:large, max-video-preview:-1\" \/>\n<link rel=\"canonical\" href=\"https:\/\/www.winbiz.ch\/de\/unterstutzung\/tele-assistenz\/\" \/>\n<meta property=\"og:locale\" content=\"de_DE\" \/>\n<meta property=\"og:type\" content=\"article\" \/>\n<meta property=\"og:title\" content=\"TELE-ASSISTENZ\" \/>\n<meta property=\"og:description\" content=\"Winbiz-Fernwartung: Nutzen Sie den Fernzugriff, um Ihre Probleme schnell zu l\u00f6sen, mit voller Kontrolle \u00fcber jeden technischen Eingriff.\" \/>\n<meta property=\"og:url\" content=\"https:\/\/www.winbiz.ch\/de\/unterstutzung\/tele-assistenz\/\" \/>\n<meta property=\"og:site_name\" content=\"winbiz\" \/>\n<meta property=\"article:modified_time\" content=\"2024-12-09T09:09:16+00:00\" \/>\n<meta name=\"twitter:card\" content=\"summary_large_image\" \/>\n<meta name=\"twitter:label1\" content=\"Est. reading time\" \/>\n\t<meta name=\"twitter:data1\" content=\"3 minutes\" \/>\n<script type=\"application\/ld+json\" class=\"yoast-schema-graph\">{\"@context\":\"https:\\\/\\\/schema.org\",\"@graph\":[{\"@type\":\"WebPage\",\"@id\":\"https:\\\/\\\/www.winbiz.ch\\\/de\\\/unterstutzung\\\/tele-assistenz\\\/\",\"url\":\"https:\\\/\\\/www.winbiz.ch\\\/de\\\/unterstutzung\\\/tele-assistenz\\\/\",\"name\":\"Tele-assistenz - Winbiz\",\"isPartOf\":{\"@id\":\"https:\\\/\\\/www.winbiz.ch\\\/fr\\\/#website\"},\"primaryImageOfPage\":{\"@id\":\"https:\\\/\\\/www.winbiz.ch\\\/de\\\/unterstutzung\\\/tele-assistenz\\\/#primaryimage\"},\"image\":{\"@id\":\"https:\\\/\\\/www.winbiz.ch\\\/de\\\/unterstutzung\\\/tele-assistenz\\\/#primaryimage\"},\"thumbnailUrl\":\"https:\\\/\\\/www.winbiz.ch\\\/wp-content\\\/uploads\\\/2024\\\/06\\\/faq.svg\",\"datePublished\":\"2024-06-17T22:12:11+00:00\",\"dateModified\":\"2024-12-09T09:09:16+00:00\",\"description\":\"Winbiz-Fernwartung: Nutzen Sie den Fernzugriff, um Ihre Probleme schnell zu l\u00f6sen, mit voller Kontrolle \u00fcber jeden technischen Eingriff.\",\"breadcrumb\":{\"@id\":\"https:\\\/\\\/www.winbiz.ch\\\/de\\\/unterstutzung\\\/tele-assistenz\\\/#breadcrumb\"},\"inLanguage\":\"de-DE\",\"potentialAction\":[{\"@type\":\"ReadAction\",\"target\":[\"https:\\\/\\\/www.winbiz.ch\\\/de\\\/unterstutzung\\\/tele-assistenz\\\/\"]}]},{\"@type\":\"ImageObject\",\"inLanguage\":\"de-DE\",\"@id\":\"https:\\\/\\\/www.winbiz.ch\\\/de\\\/unterstutzung\\\/tele-assistenz\\\/#primaryimage\",\"url\":\"https:\\\/\\\/www.winbiz.ch\\\/wp-content\\\/uploads\\\/2024\\\/06\\\/faq.svg\",\"contentUrl\":\"https:\\\/\\\/www.winbiz.ch\\\/wp-content\\\/uploads\\\/2024\\\/06\\\/faq.svg\"},{\"@type\":\"BreadcrumbList\",\"@id\":\"https:\\\/\\\/www.winbiz.ch\\\/de\\\/unterstutzung\\\/tele-assistenz\\\/#breadcrumb\",\"itemListElement\":[{\"@type\":\"ListItem\",\"position\":1,\"name\":\"Accueil\",\"item\":\"https:\\\/\\\/www.winbiz.ch\\\/de\\\/\"},{\"@type\":\"ListItem\",\"position\":2,\"name\":\"unterstutzung\",\"item\":\"https:\\\/\\\/www.winbiz.ch\\\/de\\\/unterstutzung\\\/\"},{\"@type\":\"ListItem\",\"position\":3,\"name\":\"TELE-ASSISTENZ\"}]},{\"@type\":\"WebSite\",\"@id\":\"https:\\\/\\\/www.winbiz.ch\\\/fr\\\/#website\",\"url\":\"https:\\\/\\\/www.winbiz.ch\\\/fr\\\/\",\"name\":\"winbiz\",\"description\":\"\",\"publisher\":{\"@id\":\"https:\\\/\\\/www.winbiz.ch\\\/fr\\\/#organization\"},\"potentialAction\":[{\"@type\":\"SearchAction\",\"target\":{\"@type\":\"EntryPoint\",\"urlTemplate\":\"https:\\\/\\\/www.winbiz.ch\\\/fr\\\/?s={search_term_string}\"},\"query-input\":{\"@type\":\"PropertyValueSpecification\",\"valueRequired\":true,\"valueName\":\"search_term_string\"}}],\"inLanguage\":\"de-DE\"},{\"@type\":\"Organization\",\"@id\":\"https:\\\/\\\/www.winbiz.ch\\\/fr\\\/#organization\",\"name\":\"winbiz\",\"url\":\"https:\\\/\\\/www.winbiz.ch\\\/fr\\\/\",\"logo\":{\"@type\":\"ImageObject\",\"inLanguage\":\"de-DE\",\"@id\":\"https:\\\/\\\/www.winbiz.ch\\\/fr\\\/#\\\/schema\\\/logo\\\/image\\\/\",\"url\":\"https:\\\/\\\/www.winbiz.ch\\\/wp-content\\\/uploads\\\/2024\\\/09\\\/cropped-FAV-1.png\",\"contentUrl\":\"https:\\\/\\\/www.winbiz.ch\\\/wp-content\\\/uploads\\\/2024\\\/09\\\/cropped-FAV-1.png\",\"width\":512,\"height\":512,\"caption\":\"winbiz\"},\"image\":{\"@id\":\"https:\\\/\\\/www.winbiz.ch\\\/fr\\\/#\\\/schema\\\/logo\\\/image\\\/\"}}]}<\/script>\n<!-- \/ Yoast SEO Premium plugin. -->","yoast_head_json":{"title":"Tele-assistenz - Winbiz","description":"Winbiz-Fernwartung: Nutzen Sie den Fernzugriff, um Ihre Probleme schnell zu l\u00f6sen, mit voller Kontrolle \u00fcber jeden technischen Eingriff.","robots":{"index":"index","follow":"follow","max-snippet":"max-snippet:-1","max-image-preview":"max-image-preview:large","max-video-preview":"max-video-preview:-1"},"canonical":"https:\/\/www.winbiz.ch\/de\/unterstutzung\/tele-assistenz\/","og_locale":"de_DE","og_type":"article","og_title":"TELE-ASSISTENZ","og_description":"Winbiz-Fernwartung: Nutzen Sie den Fernzugriff, um Ihre Probleme schnell zu l\u00f6sen, mit voller Kontrolle \u00fcber jeden technischen Eingriff.","og_url":"https:\/\/www.winbiz.ch\/de\/unterstutzung\/tele-assistenz\/","og_site_name":"winbiz","article_modified_time":"2024-12-09T09:09:16+00:00","twitter_card":"summary_large_image","twitter_misc":{"Est. reading time":"3 minutes"},"schema":{"@context":"https:\/\/schema.org","@graph":[{"@type":"WebPage","@id":"https:\/\/www.winbiz.ch\/de\/unterstutzung\/tele-assistenz\/","url":"https:\/\/www.winbiz.ch\/de\/unterstutzung\/tele-assistenz\/","name":"Tele-assistenz - Winbiz","isPartOf":{"@id":"https:\/\/www.winbiz.ch\/fr\/#website"},"primaryImageOfPage":{"@id":"https:\/\/www.winbiz.ch\/de\/unterstutzung\/tele-assistenz\/#primaryimage"},"image":{"@id":"https:\/\/www.winbiz.ch\/de\/unterstutzung\/tele-assistenz\/#primaryimage"},"thumbnailUrl":"https:\/\/www.winbiz.ch\/wp-content\/uploads\/2024\/06\/faq.svg","datePublished":"2024-06-17T22:12:11+00:00","dateModified":"2024-12-09T09:09:16+00:00","description":"Winbiz-Fernwartung: Nutzen Sie den Fernzugriff, um Ihre Probleme schnell zu l\u00f6sen, mit voller Kontrolle \u00fcber jeden technischen Eingriff.","breadcrumb":{"@id":"https:\/\/www.winbiz.ch\/de\/unterstutzung\/tele-assistenz\/#breadcrumb"},"inLanguage":"de-DE","potentialAction":[{"@type":"ReadAction","target":["https:\/\/www.winbiz.ch\/de\/unterstutzung\/tele-assistenz\/"]}]},{"@type":"ImageObject","inLanguage":"de-DE","@id":"https:\/\/www.winbiz.ch\/de\/unterstutzung\/tele-assistenz\/#primaryimage","url":"https:\/\/www.winbiz.ch\/wp-content\/uploads\/2024\/06\/faq.svg","contentUrl":"https:\/\/www.winbiz.ch\/wp-content\/uploads\/2024\/06\/faq.svg"},{"@type":"BreadcrumbList","@id":"https:\/\/www.winbiz.ch\/de\/unterstutzung\/tele-assistenz\/#breadcrumb","itemListElement":[{"@type":"ListItem","position":1,"name":"Accueil","item":"https:\/\/www.winbiz.ch\/de\/"},{"@type":"ListItem","position":2,"name":"unterstutzung","item":"https:\/\/www.winbiz.ch\/de\/unterstutzung\/"},{"@type":"ListItem","position":3,"name":"TELE-ASSISTENZ"}]},{"@type":"WebSite","@id":"https:\/\/www.winbiz.ch\/fr\/#website","url":"https:\/\/www.winbiz.ch\/fr\/","name":"winbiz","description":"","publisher":{"@id":"https:\/\/www.winbiz.ch\/fr\/#organization"},"potentialAction":[{"@type":"SearchAction","target":{"@type":"EntryPoint","urlTemplate":"https:\/\/www.winbiz.ch\/fr\/?s={search_term_string}"},"query-input":{"@type":"PropertyValueSpecification","valueRequired":true,"valueName":"search_term_string"}}],"inLanguage":"de-DE"},{"@type":"Organization","@id":"https:\/\/www.winbiz.ch\/fr\/#organization","name":"winbiz","url":"https:\/\/www.winbiz.ch\/fr\/","logo":{"@type":"ImageObject","inLanguage":"de-DE","@id":"https:\/\/www.winbiz.ch\/fr\/#\/schema\/logo\/image\/","url":"https:\/\/www.winbiz.ch\/wp-content\/uploads\/2024\/09\/cropped-FAV-1.png","contentUrl":"https:\/\/www.winbiz.ch\/wp-content\/uploads\/2024\/09\/cropped-FAV-1.png","width":512,"height":512,"caption":"winbiz"},"image":{"@id":"https:\/\/www.winbiz.ch\/fr\/#\/schema\/logo\/image\/"}}]}},"_links":{"self":[{"href":"https:\/\/www.winbiz.ch\/de\/wp-json\/wp\/v2\/pages\/2696","targetHints":{"allow":["GET"]}}],"collection":[{"href":"https:\/\/www.winbiz.ch\/de\/wp-json\/wp\/v2\/pages"}],"about":[{"href":"https:\/\/www.winbiz.ch\/de\/wp-json\/wp\/v2\/types\/page"}],"author":[{"embeddable":true,"href":"https:\/\/www.winbiz.ch\/de\/wp-json\/wp\/v2\/users\/1"}],"replies":[{"embeddable":true,"href":"https:\/\/www.winbiz.ch\/de\/wp-json\/wp\/v2\/comments?post=2696"}],"version-history":[{"count":0,"href":"https:\/\/www.winbiz.ch\/de\/wp-json\/wp\/v2\/pages\/2696\/revisions"}],"up":[{"embeddable":true,"href":"https:\/\/www.winbiz.ch\/de\/wp-json\/wp\/v2\/pages\/2671"}],"wp:attachment":[{"href":"https:\/\/www.winbiz.ch\/de\/wp-json\/wp\/v2\/media?parent=2696"}],"curies":[{"name":"wp","href":"https:\/\/api.w.org\/{rel}","templated":true}]}}