


{"id":2677,"date":"2024-06-18T00:13:05","date_gmt":"2024-06-17T22:13:05","guid":{"rendered":"https:\/\/winbiz.unprinted.ch\/unterstutzung\/assistenz-vip\/"},"modified":"2024-12-09T10:05:14","modified_gmt":"2024-12-09T09:05:14","slug":"vip-unterstutzung","status":"publish","type":"page","link":"https:\/\/www.winbiz.ch\/de\/unterstutzung\/vip-unterstutzung\/","title":{"rendered":"ASSISTENZ VIP"},"content":{"rendered":"\n<div class=\"wp-block-group alignfull has-global-padding is-layout-constrained wp-block-group-is-layout-constrained\">\n<div class=\"wp-block-group alignwide is-vertical is-content-justification-center is-layout-flex wp-container-core-group-is-layout-650ce88a wp-block-group-is-layout-flex\" style=\"min-height:40vh;padding-top:var(--wp--preset--spacing--70);padding-bottom:var(--wp--preset--spacing--70)\">\n<div style=\"height:0px\" aria-hidden=\"true\" class=\"wp-block-spacer wp-container-content-6388d5dc\"><\/div>\n\n\n\n<h1 class=\"wp-block-heading has-text-align-center aos-fade\" style=\"font-size:clamp(31.609px, 1.976rem + ((1vw - 3.2px) * 1.848), 56px);\">ASSISTENZ VIP<\/h1>\n\n\n\n<p class=\"has-text-align-center aos-fade\">Telefonische und visuelle Unterst\u00fctzung ist f\u00fcr Sie verf\u00fcgbar.<\/p>\n<\/div>\n\n\n\n<div class=\"wp-block-group is-layout-flow wp-block-group-is-layout-flow\">\n<p class=\"has-text-align-left has-primary-color has-text-color has-link-color wp-elements-4cde15565d6ddc8ce134befa0173b786\"><a href=\"https:\/\/www.winbiz.ch\/fr\/support\"><br><\/a><i class=\"fal fa-chevron-left\"><\/i> <a href=\"https:\/\/www.winbiz.ch\/de\/unterstutzung\/\" data-type=\"page\" data-id=\"20\">Zur\u00fcck zu den verf\u00fcgbaren Diensten<\/a><\/p>\n\n\n\n<div style=\"height:10px\" aria-hidden=\"true\" class=\"wp-block-spacer\"><\/div>\n\n\n\n<hr class=\"wp-block-separator has-text-color has-gray-dark-color has-alpha-channel-opacity has-gray-dark-background-color has-background is-style-wide\"\/>\n<\/div>\n\n\n\n<div style=\"height:50px\" aria-hidden=\"true\" class=\"wp-block-spacer\"><\/div>\n\n\n\n<div class=\"wp-block-group has-global-padding is-layout-constrained wp-block-group-is-layout-constrained\">\n<div class=\"wp-block-columns alignwide is-layout-flex wp-container-core-columns-is-layout-28f84493 wp-block-columns-is-layout-flex\">\n<div class=\"wp-block-column is-layout-flow wp-block-column-is-layout-flow\">\n<div class=\"wp-block-group has-global-padding is-content-justification-left is-layout-constrained wp-container-core-group-is-layout-4aa91cc0 wp-block-group-is-layout-constrained\">\n<p>Sie haben keine Zeit zu warten, Sie wollen, dass Ihre Anfragen vorrangig behandelt werden?<\/p>\n\n\n\n<h4 class=\"wp-block-heading\">V.I.P. Priority Assistance ist f\u00fcr Sie.<\/h4>\n\n\n\n<p>F\u00fcr weniger als einen Franken pro Tag und Zugang bietet Ihnen die V.I.P. Priority Assistance folgende Leistungen:<\/p>\n\n\n\n<p><strong>F\u00fcr WinbizCloud-Kunden<\/strong><\/p>\n\n\n\n<p>Telefonische Unterst\u00fctzung mit Vorrang<\/p>\n\n\n\n<p><strong>F\u00fcr WinbizLocal-Kunden<\/strong><\/p>\n\n\n\n<p>Telefonische Unterst\u00fctzung mit Vorrang<\/p>\n\n\n\n<h4 class=\"wp-block-heading\">Wie Sie V.I.P.-Priorit\u00e4tssupport erhalten?<\/h4>\n\n\n\n<p><strong>Sie sind noch kein Winbiz Cloud Kunde<\/strong><\/p>\n\n\n\n<p>Wenn Sie Ihre Bestellung aufgeben, k\u00f6nnen Sie das V.I.P.-Abonnement hinzuf\u00fcgen, indem Sie die Option auf der rechten Seite Ihres Warenkorbs aktivieren.<\/p>\n\n\n\n<p><strong>Sie sind bereits Winbiz Cloud Kunde<\/strong><\/p>\n\n\n\n<p>Sie k\u00f6nnen das V.I.P.-Abonnement direkt in Ihrem Mitgliederbereich aktivieren. (<a href=\"https:\/\/helpcenter.winbiz.ch\/hc\/fr\/articles\/360008257839-Comment-ajouter-un-abonnement-V-I-P-sur-mes-acc%C3%A8s-Winbiz-cloud-\" target=\"_blank\" rel=\"noreferrer noopener\">Hilfe<\/a>)<\/p>\n\n\n\n<p><\/p>\n\n\n\n<hr class=\"wp-block-separator has-alpha-channel-opacity\"\/>\n\n\n\n<p><em>Gesch\u00e4ftsbedingungen<\/em><\/p>\n\n\n\n<p><em>Das Abonnement ist nur f\u00fcr WinbizCloud- oder WinbizLocal-Abonnenten verf\u00fcgbar. Dieser Service ist f\u00fcr \u00e4ltere gekaufte Versionen (Lizenzen) nicht verf\u00fcgbar. Das Abonnement ist f\u00fcr 1 Monat g\u00fcltig und verl\u00e4ngert sich nach diesem Zeitraum automatisch, sofern Sie es nicht im Kundenbereich f\u00fcr WinbizCloud und per E-Mail f\u00fcr WinbizLocal k\u00fcndigen.<\/em><\/p>\n\n\n\n<p><em>Das Abonnement wird nach der Anzahl der Zugriffe berechnet. Sie ist f\u00fcr alle Zugriffe abonniert.<\/em><\/p>\n\n\n\n<p><em>Der technische Support bietet keine Schulungen an. &#8211;<\/em><\/p>\n\n\n\n<p><em>Der technische Support f\u00fchrt keine individuellen Layouts durch. Hierzu bitten wir Sie, die F.A.Q. oder einen Winbiz-Partner zu konsultieren. port technique ne dispense pas de formation.<\/em><\/p>\n\n\n\n<p><em>Der technische Support erstellt keine benutzerdefinierten Layouts. Bitte konsultieren Sie dazu die F.A.Q. oder einen Winbiz-Partner.<\/em><\/p>\n<\/div>\n<\/div>\n\n\n\n<div class=\"wp-block-column is-layout-flow wp-block-column-is-layout-flow\" style=\"flex-basis:25%\">\n<div class=\"wp-block-group has-gray-medium-background-color has-background is-vertical is-content-justification-center is-layout-flex wp-container-core-group-is-layout-f0403e0a wp-block-group-is-layout-flex\" style=\"border-radius:20px;margin-top:0;margin-bottom:0;padding-top:var(--wp--preset--spacing--70);padding-right:var(--wp--preset--spacing--60);padding-bottom:var(--wp--preset--spacing--70);padding-left:var(--wp--preset--spacing--60)\">\n<figure class=\"wp-block-image size-large\"><img decoding=\"async\" width=\"104\" height=\"79\" data-src=\"https:\/\/www.winbiz.ch\/wp-content\/uploads\/2024\/06\/faq.svg\" alt=\"\" class=\"wp-image-573 lazyload\" style=\"--smush-placeholder-width: 104px; --smush-placeholder-aspect-ratio: 104\/79;object-fit:cover\" src=\"data:image\/svg+xml;base64,PHN2ZyB3aWR0aD0iMSIgaGVpZ2h0PSIxIiB4bWxucz0iaHR0cDovL3d3dy53My5vcmcvMjAwMC9zdmciPjwvc3ZnPg==\" \/><\/figure>\n\n\n\n<p>FAQ<\/p>\n\n\n\n<div class=\"wp-block-buttons is-layout-flex wp-block-buttons-is-layout-flex\">\n<div class=\"wp-block-button\"><a class=\"wp-block-button__link has-primary-color has-white-background-color has-text-color has-background has-link-color wp-element-button\" href=\"https:\/\/helpcenter.winbiz.ch\/hc\/de\">mehr<\/a><\/div>\n<\/div>\n<\/div>\n<\/div>\n<\/div>\n<\/div>\n\n\n\n<div style=\"height:50px\" aria-hidden=\"true\" class=\"wp-block-spacer\"><\/div>\n<\/div>\n\n\n\n<div class=\"wp-block-group has-white-background-color has-background has-global-padding is-layout-constrained wp-block-group-is-layout-constrained\" style=\"padding-top:var(--wp--preset--spacing--60);padding-bottom:var(--wp--preset--spacing--60)\">\n<div class=\"wp-block-group has-global-padding is-layout-constrained wp-block-group-is-layout-constrained\">\n<hr class=\"wp-block-separator alignwide has-text-color has-gray-dark-color has-alpha-channel-opacity has-gray-dark-background-color has-background is-style-wide\"\/>\n\n\n\n<div style=\"height:25px\" aria-hidden=\"true\" class=\"wp-block-spacer\"><\/div>\n\n\n\n<h3 class=\"wp-block-heading alignwide\">Sonstige Dienstleistungen<\/h3>\n\n\n\n<div class=\"wp-block-columns alignwide is-layout-flex wp-container-core-columns-is-layout-28f84493 wp-block-columns-is-layout-flex\">\n<div class=\"wp-block-column is-layout-flow wp-block-column-is-layout-flow\">\n<div class=\"wp-block-group has-gray-medium-background-color has-background is-nowrap is-layout-flex wp-container-core-group-is-layout-e0b099ed wp-block-group-is-layout-flex\" style=\"border-radius:20px;padding-top:var(--wp--preset--spacing--40);padding-right:var(--wp--preset--spacing--40);padding-bottom:var(--wp--preset--spacing--40);padding-left:var(--wp--preset--spacing--40)\">\n<figure class=\"wp-block-image size-large is-resized\"><img decoding=\"async\" width=\"104\" height=\"79\" data-src=\"https:\/\/www.winbiz.ch\/wp-content\/uploads\/2024\/06\/faq.svg\" alt=\"\" class=\"wp-image-573 lazyload\" style=\"--smush-placeholder-width: 104px; --smush-placeholder-aspect-ratio: 104\/79;width:auto;height:42px\" src=\"data:image\/svg+xml;base64,PHN2ZyB3aWR0aD0iMSIgaGVpZ2h0PSIxIiB4bWxucz0iaHR0cDovL3d3dy53My5vcmcvMjAwMC9zdmciPjwvc3ZnPg==\" \/><\/figure>\n\n\n\n<div class=\"wp-block-group has-global-padding is-layout-constrained wp-block-group-is-layout-constrained\">\n<h5 class=\"wp-block-heading has-medium-font-size\" style=\"margin-top:0;margin-right:0;margin-bottom:0;margin-left:0;padding-top:0;padding-bottom:0;font-style:normal;font-weight:300\">FAQ<\/h5>\n\n\n\n<div class=\"wp-block-buttons is-layout-flex wp-block-buttons-is-layout-flex\" style=\"margin-top:var(--wp--preset--spacing--30);margin-bottom:var(--wp--preset--spacing--30)\">\n<div class=\"wp-block-button\"><a class=\"wp-block-button__link has-gray-warm-color has-white-background-color has-text-color has-background has-link-color wp-element-button\" href=\"https:\/\/helpcenter.winbiz.ch\/hc\/de\">Mehr anzeigen<\/a><\/div>\n<\/div>\n<\/div>\n<\/div>\n\n\n\n<div class=\"wp-block-group has-gray-medium-background-color has-background is-nowrap is-layout-flex wp-container-core-group-is-layout-e0b099ed wp-block-group-is-layout-flex\" style=\"border-radius:20px;padding-top:var(--wp--preset--spacing--40);padding-right:var(--wp--preset--spacing--40);padding-bottom:var(--wp--preset--spacing--40);padding-left:var(--wp--preset--spacing--40)\">\n<figure class=\"wp-block-image size-large is-resized\"><img decoding=\"async\" width=\"41\" height=\"60\" data-src=\"https:\/\/www.winbiz.ch\/wp-content\/uploads\/2024\/06\/formationIcon.svg\" alt=\"\" class=\"wp-image-644 lazyload\" style=\"--smush-placeholder-width: 41px; --smush-placeholder-aspect-ratio: 41\/60;width:auto;height:50px\" src=\"data:image\/svg+xml;base64,PHN2ZyB3aWR0aD0iMSIgaGVpZ2h0PSIxIiB4bWxucz0iaHR0cDovL3d3dy53My5vcmcvMjAwMC9zdmciPjwvc3ZnPg==\" \/><\/figure>\n\n\n\n<div class=\"wp-block-group has-global-padding is-layout-constrained wp-block-group-is-layout-constrained\">\n<h5 class=\"wp-block-heading has-medium-font-size\" style=\"font-style:normal;font-weight:300\">Ausbildung<\/h5>\n\n\n\n<div class=\"wp-block-buttons is-layout-flex wp-block-buttons-is-layout-flex\" style=\"margin-top:var(--wp--preset--spacing--20);margin-bottom:var(--wp--preset--spacing--20)\">\n<div class=\"wp-block-button\"><a class=\"wp-block-button__link has-gray-warm-color has-white-background-color has-text-color has-background has-link-color wp-element-button\" href=\"https:\/\/www.winbiz.ch\/de\/gemeinschaft\/\">Mehr anzeigen<\/a><\/div>\n<\/div>\n<\/div>\n<\/div>\n<\/div>\n\n\n\n<div class=\"wp-block-column is-layout-flow wp-block-column-is-layout-flow\">\n<div class=\"wp-block-group has-gray-medium-background-color has-background is-nowrap is-layout-flex wp-container-core-group-is-layout-e0b099ed wp-block-group-is-layout-flex\" style=\"border-radius:20px;padding-top:var(--wp--preset--spacing--40);padding-right:var(--wp--preset--spacing--40);padding-bottom:var(--wp--preset--spacing--40);padding-left:var(--wp--preset--spacing--40)\">\n<figure class=\"wp-block-image size-large is-resized\"><img decoding=\"async\" width=\"100\" height=\"88\" data-src=\"https:\/\/www.winbiz.ch\/wp-content\/uploads\/2024\/06\/2021-4-4-13-8-47-644-fJcixM8M78K8gTdiFrFL.svg\" alt=\"\" class=\"wp-image-643 lazyload\" style=\"--smush-placeholder-width: 100px; --smush-placeholder-aspect-ratio: 100\/88;width:auto;height:50px\" src=\"data:image\/svg+xml;base64,PHN2ZyB3aWR0aD0iMSIgaGVpZ2h0PSIxIiB4bWxucz0iaHR0cDovL3d3dy53My5vcmcvMjAwMC9zdmciPjwvc3ZnPg==\" \/><\/figure>\n\n\n\n<div class=\"wp-block-group has-global-padding is-layout-constrained wp-block-group-is-layout-constrained\">\n<h5 class=\"wp-block-heading has-medium-font-size\" style=\"font-style:normal;font-weight:300\">Aktualisierungen<\/h5>\n\n\n\n<div class=\"wp-block-buttons is-layout-flex wp-block-buttons-is-layout-flex\" style=\"margin-top:var(--wp--preset--spacing--20);margin-bottom:var(--wp--preset--spacing--20)\">\n<div class=\"wp-block-button\"><a class=\"wp-block-button__link has-gray-warm-color has-white-background-color has-text-color has-background has-link-color wp-element-button\" href=\"https:\/\/www.winbiz.ch\/de\/unterstutzung\/aktualisierungen\/\">Mehr anzeigen<\/a><\/div>\n<\/div>\n<\/div>\n<\/div>\n<\/div>\n\n\n\n<div class=\"wp-block-column is-layout-flow wp-block-column-is-layout-flow\">\n<div class=\"wp-block-group has-gray-medium-background-color has-background is-nowrap is-layout-flex wp-container-core-group-is-layout-e0b099ed wp-block-group-is-layout-flex\" style=\"border-radius:20px;padding-top:var(--wp--preset--spacing--40);padding-right:var(--wp--preset--spacing--40);padding-bottom:var(--wp--preset--spacing--40);padding-left:var(--wp--preset--spacing--40)\">\n<figure class=\"wp-block-image size-large is-resized\"><img decoding=\"async\" width=\"88\" height=\"88\" data-src=\"https:\/\/www.winbiz.ch\/wp-content\/uploads\/2024\/06\/2021-4-4-13-9-6-523-Zh3OfOh7jAOmOmUBrTX3.svg\" alt=\"\" class=\"wp-image-571 lazyload\" style=\"--smush-placeholder-width: 88px; --smush-placeholder-aspect-ratio: 88\/88;width:auto;height:50px\" src=\"data:image\/svg+xml;base64,PHN2ZyB3aWR0aD0iMSIgaGVpZ2h0PSIxIiB4bWxucz0iaHR0cDovL3d3dy53My5vcmcvMjAwMC9zdmciPjwvc3ZnPg==\" \/><\/figure>\n\n\n\n<div class=\"wp-block-group has-global-padding is-layout-constrained wp-block-group-is-layout-constrained\">\n<h5 class=\"wp-block-heading has-medium-font-size\" style=\"font-style:normal;font-weight:300;letter-spacing:-1px\">Download<\/h5>\n\n\n\n<div class=\"wp-block-buttons is-layout-flex wp-block-buttons-is-layout-flex\" style=\"margin-top:var(--wp--preset--spacing--20);margin-bottom:var(--wp--preset--spacing--20)\">\n<div class=\"wp-block-button\"><a class=\"wp-block-button__link has-gray-warm-color has-white-background-color has-text-color has-background has-link-color wp-element-button\" href=\"https:\/\/www.winbiz.ch\/de\/unterstutzung\/downloads\/\">Mehr anzeigen<\/a><\/div>\n<\/div>\n<\/div>\n<\/div>\n<\/div>\n\n\n\n<div class=\"wp-block-column is-layout-flow wp-block-column-is-layout-flow\">\n<div class=\"wp-block-group has-gray-medium-background-color has-background is-nowrap is-layout-flex wp-container-core-group-is-layout-e0b099ed wp-block-group-is-layout-flex\" style=\"border-radius:20px;padding-top:var(--wp--preset--spacing--40);padding-right:var(--wp--preset--spacing--40);padding-bottom:var(--wp--preset--spacing--40);padding-left:var(--wp--preset--spacing--40)\">\n<figure class=\"wp-block-image size-large is-resized\"><img decoding=\"async\" width=\"90\" height=\"90\" data-src=\"https:\/\/www.winbiz.ch\/wp-content\/uploads\/2024\/06\/2021-6-3-19-37-24-566-xmTNyPZ5l8mz7zq989Oy.svg\" alt=\"\" class=\"wp-image-560 lazyload\" style=\"--smush-placeholder-width: 90px; --smush-placeholder-aspect-ratio: 90\/90;width:auto;height:50px\" src=\"data:image\/svg+xml;base64,PHN2ZyB3aWR0aD0iMSIgaGVpZ2h0PSIxIiB4bWxucz0iaHR0cDovL3d3dy53My5vcmcvMjAwMC9zdmciPjwvc3ZnPg==\" \/><\/figure>\n\n\n\n<div class=\"wp-block-group has-global-padding is-layout-constrained wp-block-group-is-layout-constrained\">\n<h5 class=\"wp-block-heading has-medium-font-size\" style=\"font-style:normal;font-weight:300;letter-spacing:-1px\">Tele-assistance<\/h5>\n\n\n\n<div class=\"wp-block-buttons is-layout-flex wp-block-buttons-is-layout-flex\" style=\"margin-top:var(--wp--preset--spacing--20);margin-bottom:var(--wp--preset--spacing--20)\">\n<div class=\"wp-block-button\"><a class=\"wp-block-button__link has-gray-warm-color has-white-background-color has-text-color has-background has-link-color wp-element-button\" href=\"https:\/\/www.winbiz.ch\/de\/unterstutzung\/tele-assistenz\/\">Mehr anzeigen<\/a><\/div>\n<\/div>\n<\/div>\n<\/div>\n<\/div>\n<\/div>\n\n\n\n<div style=\"height:25px\" aria-hidden=\"true\" class=\"wp-block-spacer\"><\/div>\n\n\n\n<p><\/p>\n<\/div>\n<\/div>\n","protected":false},"excerpt":{"rendered":"<p>ASSISTENZ VIP Telefonische und visuelle Unterst\u00fctzung ist f\u00fcr Sie verf\u00fcgbar. Zur\u00fcck zu den verf\u00fcgbaren Diensten Sie haben keine Zeit zu warten, Sie wollen, dass Ihre Anfragen vorrangig behandelt werden? V.I.P. Priority Assistance ist f\u00fcr Sie. F\u00fcr weniger als einen Franken pro Tag und Zugang bietet Ihnen die V.I.P. Priority Assistance folgende Leistungen: F\u00fcr WinbizCloud-Kunden Telefonische [&hellip;]<\/p>\n","protected":false},"author":1,"featured_media":0,"parent":2671,"menu_order":1,"comment_status":"closed","ping_status":"closed","template":"page-base","meta":{"_acf_changed":false,"footnotes":""},"class_list":["post-2677","page","type-page","status-publish","hentry"],"acf":[],"yoast_head":"<!-- This site is optimized with the Yoast SEO Premium plugin v26.0 (Yoast SEO v27.3) - https:\/\/yoast.com\/product\/yoast-seo-premium-wordpress\/ -->\n<title>VIP-Unterst\u00fctzung<\/title>\n<meta name=\"description\" content=\"Erhalten Sie bevorzugten Support mit dem Winbiz VIP-Support: Support per Telefon, E-Mail und \u00fcber Fernwartung f\u00fcr eine vorrangige Betreuung.\" \/>\n<meta name=\"robots\" content=\"index, follow, max-snippet:-1, max-image-preview:large, max-video-preview:-1\" \/>\n<link rel=\"canonical\" href=\"https:\/\/www.winbiz.ch\/de\/unterstutzung\/vip-unterstutzung\/\" \/>\n<meta property=\"og:locale\" content=\"de_DE\" \/>\n<meta property=\"og:type\" content=\"article\" \/>\n<meta property=\"og:title\" content=\"ASSISTENZ VIP\" \/>\n<meta property=\"og:description\" content=\"Erhalten Sie bevorzugten Support mit dem Winbiz VIP-Support: Support per Telefon, E-Mail und \u00fcber Fernwartung f\u00fcr eine vorrangige Betreuung.\" \/>\n<meta property=\"og:url\" content=\"https:\/\/www.winbiz.ch\/de\/unterstutzung\/vip-unterstutzung\/\" \/>\n<meta property=\"og:site_name\" content=\"winbiz\" \/>\n<meta property=\"article:modified_time\" content=\"2024-12-09T09:05:14+00:00\" \/>\n<meta name=\"twitter:card\" content=\"summary_large_image\" \/>\n<meta name=\"twitter:label1\" content=\"Est. reading time\" \/>\n\t<meta name=\"twitter:data1\" content=\"3 minutes\" \/>\n<script type=\"application\/ld+json\" class=\"yoast-schema-graph\">{\"@context\":\"https:\\\/\\\/schema.org\",\"@graph\":[{\"@type\":\"WebPage\",\"@id\":\"https:\\\/\\\/www.winbiz.ch\\\/de\\\/unterstutzung\\\/vip-unterstutzung\\\/\",\"url\":\"https:\\\/\\\/www.winbiz.ch\\\/de\\\/unterstutzung\\\/vip-unterstutzung\\\/\",\"name\":\"VIP-Unterst\u00fctzung\",\"isPartOf\":{\"@id\":\"https:\\\/\\\/www.winbiz.ch\\\/fr\\\/#website\"},\"primaryImageOfPage\":{\"@id\":\"https:\\\/\\\/www.winbiz.ch\\\/de\\\/unterstutzung\\\/vip-unterstutzung\\\/#primaryimage\"},\"image\":{\"@id\":\"https:\\\/\\\/www.winbiz.ch\\\/de\\\/unterstutzung\\\/vip-unterstutzung\\\/#primaryimage\"},\"thumbnailUrl\":\"https:\\\/\\\/www.winbiz.ch\\\/wp-content\\\/uploads\\\/2024\\\/06\\\/faq.svg\",\"datePublished\":\"2024-06-17T22:13:05+00:00\",\"dateModified\":\"2024-12-09T09:05:14+00:00\",\"description\":\"Erhalten Sie bevorzugten Support mit dem Winbiz VIP-Support: Support per Telefon, E-Mail und \u00fcber Fernwartung f\u00fcr eine vorrangige Betreuung.\",\"breadcrumb\":{\"@id\":\"https:\\\/\\\/www.winbiz.ch\\\/de\\\/unterstutzung\\\/vip-unterstutzung\\\/#breadcrumb\"},\"inLanguage\":\"de-DE\",\"potentialAction\":[{\"@type\":\"ReadAction\",\"target\":[\"https:\\\/\\\/www.winbiz.ch\\\/de\\\/unterstutzung\\\/vip-unterstutzung\\\/\"]}]},{\"@type\":\"ImageObject\",\"inLanguage\":\"de-DE\",\"@id\":\"https:\\\/\\\/www.winbiz.ch\\\/de\\\/unterstutzung\\\/vip-unterstutzung\\\/#primaryimage\",\"url\":\"https:\\\/\\\/www.winbiz.ch\\\/wp-content\\\/uploads\\\/2024\\\/06\\\/faq.svg\",\"contentUrl\":\"https:\\\/\\\/www.winbiz.ch\\\/wp-content\\\/uploads\\\/2024\\\/06\\\/faq.svg\"},{\"@type\":\"BreadcrumbList\",\"@id\":\"https:\\\/\\\/www.winbiz.ch\\\/de\\\/unterstutzung\\\/vip-unterstutzung\\\/#breadcrumb\",\"itemListElement\":[{\"@type\":\"ListItem\",\"position\":1,\"name\":\"Accueil\",\"item\":\"https:\\\/\\\/www.winbiz.ch\\\/de\\\/\"},{\"@type\":\"ListItem\",\"position\":2,\"name\":\"unterstutzung\",\"item\":\"https:\\\/\\\/www.winbiz.ch\\\/de\\\/unterstutzung\\\/\"},{\"@type\":\"ListItem\",\"position\":3,\"name\":\"ASSISTENZ VIP\"}]},{\"@type\":\"WebSite\",\"@id\":\"https:\\\/\\\/www.winbiz.ch\\\/fr\\\/#website\",\"url\":\"https:\\\/\\\/www.winbiz.ch\\\/fr\\\/\",\"name\":\"winbiz\",\"description\":\"\",\"publisher\":{\"@id\":\"https:\\\/\\\/www.winbiz.ch\\\/fr\\\/#organization\"},\"potentialAction\":[{\"@type\":\"SearchAction\",\"target\":{\"@type\":\"EntryPoint\",\"urlTemplate\":\"https:\\\/\\\/www.winbiz.ch\\\/fr\\\/?s={search_term_string}\"},\"query-input\":{\"@type\":\"PropertyValueSpecification\",\"valueRequired\":true,\"valueName\":\"search_term_string\"}}],\"inLanguage\":\"de-DE\"},{\"@type\":\"Organization\",\"@id\":\"https:\\\/\\\/www.winbiz.ch\\\/fr\\\/#organization\",\"name\":\"winbiz\",\"url\":\"https:\\\/\\\/www.winbiz.ch\\\/fr\\\/\",\"logo\":{\"@type\":\"ImageObject\",\"inLanguage\":\"de-DE\",\"@id\":\"https:\\\/\\\/www.winbiz.ch\\\/fr\\\/#\\\/schema\\\/logo\\\/image\\\/\",\"url\":\"https:\\\/\\\/www.winbiz.ch\\\/wp-content\\\/uploads\\\/2024\\\/09\\\/cropped-FAV-1.png\",\"contentUrl\":\"https:\\\/\\\/www.winbiz.ch\\\/wp-content\\\/uploads\\\/2024\\\/09\\\/cropped-FAV-1.png\",\"width\":512,\"height\":512,\"caption\":\"winbiz\"},\"image\":{\"@id\":\"https:\\\/\\\/www.winbiz.ch\\\/fr\\\/#\\\/schema\\\/logo\\\/image\\\/\"}}]}<\/script>\n<!-- \/ Yoast SEO Premium plugin. -->","yoast_head_json":{"title":"VIP-Unterst\u00fctzung","description":"Erhalten Sie bevorzugten Support mit dem Winbiz VIP-Support: Support per Telefon, E-Mail und \u00fcber Fernwartung f\u00fcr eine vorrangige Betreuung.","robots":{"index":"index","follow":"follow","max-snippet":"max-snippet:-1","max-image-preview":"max-image-preview:large","max-video-preview":"max-video-preview:-1"},"canonical":"https:\/\/www.winbiz.ch\/de\/unterstutzung\/vip-unterstutzung\/","og_locale":"de_DE","og_type":"article","og_title":"ASSISTENZ VIP","og_description":"Erhalten Sie bevorzugten Support mit dem Winbiz VIP-Support: Support per Telefon, E-Mail und \u00fcber Fernwartung f\u00fcr eine vorrangige Betreuung.","og_url":"https:\/\/www.winbiz.ch\/de\/unterstutzung\/vip-unterstutzung\/","og_site_name":"winbiz","article_modified_time":"2024-12-09T09:05:14+00:00","twitter_card":"summary_large_image","twitter_misc":{"Est. reading time":"3 minutes"},"schema":{"@context":"https:\/\/schema.org","@graph":[{"@type":"WebPage","@id":"https:\/\/www.winbiz.ch\/de\/unterstutzung\/vip-unterstutzung\/","url":"https:\/\/www.winbiz.ch\/de\/unterstutzung\/vip-unterstutzung\/","name":"VIP-Unterst\u00fctzung","isPartOf":{"@id":"https:\/\/www.winbiz.ch\/fr\/#website"},"primaryImageOfPage":{"@id":"https:\/\/www.winbiz.ch\/de\/unterstutzung\/vip-unterstutzung\/#primaryimage"},"image":{"@id":"https:\/\/www.winbiz.ch\/de\/unterstutzung\/vip-unterstutzung\/#primaryimage"},"thumbnailUrl":"https:\/\/www.winbiz.ch\/wp-content\/uploads\/2024\/06\/faq.svg","datePublished":"2024-06-17T22:13:05+00:00","dateModified":"2024-12-09T09:05:14+00:00","description":"Erhalten Sie bevorzugten Support mit dem Winbiz VIP-Support: Support per Telefon, E-Mail und \u00fcber Fernwartung f\u00fcr eine vorrangige Betreuung.","breadcrumb":{"@id":"https:\/\/www.winbiz.ch\/de\/unterstutzung\/vip-unterstutzung\/#breadcrumb"},"inLanguage":"de-DE","potentialAction":[{"@type":"ReadAction","target":["https:\/\/www.winbiz.ch\/de\/unterstutzung\/vip-unterstutzung\/"]}]},{"@type":"ImageObject","inLanguage":"de-DE","@id":"https:\/\/www.winbiz.ch\/de\/unterstutzung\/vip-unterstutzung\/#primaryimage","url":"https:\/\/www.winbiz.ch\/wp-content\/uploads\/2024\/06\/faq.svg","contentUrl":"https:\/\/www.winbiz.ch\/wp-content\/uploads\/2024\/06\/faq.svg"},{"@type":"BreadcrumbList","@id":"https:\/\/www.winbiz.ch\/de\/unterstutzung\/vip-unterstutzung\/#breadcrumb","itemListElement":[{"@type":"ListItem","position":1,"name":"Accueil","item":"https:\/\/www.winbiz.ch\/de\/"},{"@type":"ListItem","position":2,"name":"unterstutzung","item":"https:\/\/www.winbiz.ch\/de\/unterstutzung\/"},{"@type":"ListItem","position":3,"name":"ASSISTENZ VIP"}]},{"@type":"WebSite","@id":"https:\/\/www.winbiz.ch\/fr\/#website","url":"https:\/\/www.winbiz.ch\/fr\/","name":"winbiz","description":"","publisher":{"@id":"https:\/\/www.winbiz.ch\/fr\/#organization"},"potentialAction":[{"@type":"SearchAction","target":{"@type":"EntryPoint","urlTemplate":"https:\/\/www.winbiz.ch\/fr\/?s={search_term_string}"},"query-input":{"@type":"PropertyValueSpecification","valueRequired":true,"valueName":"search_term_string"}}],"inLanguage":"de-DE"},{"@type":"Organization","@id":"https:\/\/www.winbiz.ch\/fr\/#organization","name":"winbiz","url":"https:\/\/www.winbiz.ch\/fr\/","logo":{"@type":"ImageObject","inLanguage":"de-DE","@id":"https:\/\/www.winbiz.ch\/fr\/#\/schema\/logo\/image\/","url":"https:\/\/www.winbiz.ch\/wp-content\/uploads\/2024\/09\/cropped-FAV-1.png","contentUrl":"https:\/\/www.winbiz.ch\/wp-content\/uploads\/2024\/09\/cropped-FAV-1.png","width":512,"height":512,"caption":"winbiz"},"image":{"@id":"https:\/\/www.winbiz.ch\/fr\/#\/schema\/logo\/image\/"}}]}},"_links":{"self":[{"href":"https:\/\/www.winbiz.ch\/de\/wp-json\/wp\/v2\/pages\/2677","targetHints":{"allow":["GET"]}}],"collection":[{"href":"https:\/\/www.winbiz.ch\/de\/wp-json\/wp\/v2\/pages"}],"about":[{"href":"https:\/\/www.winbiz.ch\/de\/wp-json\/wp\/v2\/types\/page"}],"author":[{"embeddable":true,"href":"https:\/\/www.winbiz.ch\/de\/wp-json\/wp\/v2\/users\/1"}],"replies":[{"embeddable":true,"href":"https:\/\/www.winbiz.ch\/de\/wp-json\/wp\/v2\/comments?post=2677"}],"version-history":[{"count":0,"href":"https:\/\/www.winbiz.ch\/de\/wp-json\/wp\/v2\/pages\/2677\/revisions"}],"up":[{"embeddable":true,"href":"https:\/\/www.winbiz.ch\/de\/wp-json\/wp\/v2\/pages\/2671"}],"wp:attachment":[{"href":"https:\/\/www.winbiz.ch\/de\/wp-json\/wp\/v2\/media?parent=2677"}],"curies":[{"name":"wp","href":"https:\/\/api.w.org\/{rel}","templated":true}]}}