


{"id":22365,"date":"2025-09-17T12:54:13","date_gmt":"2025-09-17T10:54:13","guid":{"rendered":"https:\/\/www.winbiz.ch\/roadshow\/"},"modified":"2026-04-21T16:29:59","modified_gmt":"2026-04-21T14:29:59","slug":"roadshow","status":"publish","type":"page","link":"https:\/\/www.winbiz.ch\/de\/roadshow\/","title":{"rendered":"Roadshow"},"content":{"rendered":"\n<div class=\"wp-block-group alignwide has-global-padding is-layout-constrained wp-block-group-is-layout-constrained\">\n<div class=\"wp-block-group alignwide is-vertical is-content-justification-center is-layout-flex wp-container-core-group-is-layout-650ce88a wp-block-group-is-layout-flex\" style=\"min-height:40vh;padding-top:var(--wp--preset--spacing--70);padding-bottom:var(--wp--preset--spacing--70)\">\n<div style=\"height:0px\" aria-hidden=\"true\" class=\"wp-block-spacer wp-container-content-6388d5dc\"><\/div>\n\n\n\n<h1 class=\"wp-block-heading has-text-align-center aos-fade\" id=\"h-winbiz-midi-treuhand\" style=\"font-size:clamp(31.609px, 1.976rem + ((1vw - 3.2px) * 1.848), 56px);\">Winbiz Midi Treuhand<\/h1>\n\n\n\n<p class=\"has-text-align-center aos-fade\">Ein Treffen speziell f\u00fcr Winbiz Treuhandpartner: Winbiz Nachrichten, Produktneuheiten.<\/p>\n\n\n\n<p class=\"has-text-align-center aos-fade\">Sion &#8211; Lausanne &#8211; Genf &#8211; Murten<\/p>\n<\/div>\n\n\n\n<div class=\"wp-block-group is-layout-flow wp-block-group-is-layout-flow\">\n<p class=\"has-text-align-left has-primary-color has-text-color has-link-color wp-elements-d97406f041dd47c7d0fdf716933cd8a4\"><a href=\"https:\/\/www.winbiz.ch\/de\/unterstutzung\/\"><br><\/a><i class=\"fal fa-chevron-left\"><\/i> <a href=\"https:\/\/www.winbiz.ch\/de\/produkt\/die-packung-bestellen\/\">Zur\u00fcck zu den verf\u00fcgbaren Diensten<\/a><\/p>\n\n\n\n<p><\/p>\n\n\n\n<div style=\"height:10px\" aria-hidden=\"true\" class=\"wp-block-spacer\"><\/div>\n\n\n\n<hr class=\"wp-block-separator has-text-color has-gray-dark-color has-alpha-channel-opacity has-gray-dark-background-color has-background is-style-wide\"\/>\n<\/div>\n\n\n\n<div style=\"height:29px\" aria-hidden=\"true\" class=\"wp-block-spacer\"><\/div>\n\n\n\n<p style=\"font-size:clamp(14px, 0.875rem + ((1vw - 3.2px) * 0.455), 20px);\">Wir freuen uns, Sie zu unserem Winbiz Midi Fiduciaire einzuladen.<br><br>Diese Treffen bieten Ihnen die Gelegenheit, Aktuelles, Neuheiten und Perspektiven der Winbiz-Produkte zu entdecken, sich mit unserem Team auszutauschen und einen geselligen Moment bei einem Aperitif und Abendessen zu verbringen.<\/p>\n\n\n\n<div style=\"height:36px\" aria-hidden=\"true\" class=\"wp-block-spacer\"><\/div>\n\n\n\n<div class=\"wp-block-columns is-layout-flex wp-container-core-columns-is-layout-28f84493 wp-block-columns-is-layout-flex\">\n<div class=\"wp-block-column is-layout-flow wp-block-column-is-layout-flow\">\n<figure class=\"wp-block-image size-full\"><img decoding=\"async\" width=\"650\" height=\"380\" data-src=\"https:\/\/www.winbiz.ch\/wp-content\/smush-webp\/2025\/10\/Design-sans-titre-10-1.jpg.webp\" alt=\"\" class=\"wp-image-22353 lazyload\" data-srcset=\"https:\/\/www.winbiz.ch\/wp-content\/smush-webp\/2025\/10\/Design-sans-titre-10-1.jpg.webp 650w, https:\/\/www.winbiz.ch\/wp-content\/smush-webp\/2025\/10\/Design-sans-titre-10-1-300x175.jpg.webp 300w\" data-sizes=\"(max-width: 650px) 100vw, 650px\" src=\"data:image\/svg+xml;base64,PHN2ZyB3aWR0aD0iMSIgaGVpZ2h0PSIxIiB4bWxucz0iaHR0cDovL3d3dy53My5vcmcvMjAwMC9zdmciPjwvc3ZnPg==\" style=\"--smush-placeholder-width: 650px; --smush-placeholder-aspect-ratio: 650\/380;\" \/><\/figure>\n<\/div>\n\n\n\n<div class=\"wp-block-column is-layout-flow wp-block-column-is-layout-flow\">\n<ul class=\"wp-block-list\">\n<li><\/li>\n\n\n\n<li><strong>Datum und Ort<\/strong><\/li>\n\n\n\n<li><\/li>\n\n\n\n<li><strong>Dienstag, 18. November 2025<\/strong> &#8211; 11.00 bis 14.00 Uhr &#8211; Hotel Holiday Inn, Sion<\/li>\n\n\n\n<li><strong>Donnerstag, 20. November 2025<\/strong> &#8211; 11:00 bis 14:00 Uhr &#8211; Winbiz Lausanne<\/li>\n\n\n\n<li><strong>Dienstag, 25. November 2025<\/strong> &#8211; 11.00 bis 14.00 Uhr &#8211; Winbiz Genf<\/li>\n\n\n\n<li><strong>Donnerstag, 27. November 2025<\/strong> &#8211; 11.00 bis 14.00 Uhr &#8211; Hotel Murtenhof, Murten<\/li>\n<\/ul>\n<\/div>\n<\/div>\n\n\n\n<div style=\"height:40px\" aria-hidden=\"true\" class=\"wp-block-spacer\"><\/div>\n\n\n\n<p><strong>Programm<\/strong><\/p>\n\n\n\n<ul class=\"wp-block-list\">\n<li>&#8211; Begr\u00fc\u00dfung<\/li>\n\n\n\n<li>&#8211; Roadmap, Aussichten und Produktneuheiten<\/li>\n\n\n\n<li>&#8211; Demo \/ Pr\u00e4sentation: Bankabstimmung Winbiz 9, Neues Winbiz.<\/li>\n\n\n\n<li>&#8211; Winbiz Dienstleistungen<\/li>\n\n\n\n<li>&#8211; Unterkunft (mit Beteiligung von Convotis AG)<\/li>\n\n\n\n<li>&#8211; Austausch und Aperitif-Dinner<\/li>\n<\/ul>\n\n\n\n<p style=\"font-size:clamp(14px, 0.875rem + ((1vw - 3.2px) * 0.455), 20px);\"><strong>Anmeldung<\/strong><br><br>Die Teilnahme ist kostenlos und steht allen Winbiz Treuhandpartnern offen.<br>Bitte f\u00fcllen Sie das untenstehende Formular aus und w\u00e4hlen Sie das Datum und den Ort Ihrer Wahl.<\/p>\n\n\n\n<p style=\"font-size:clamp(14px, 0.875rem + ((1vw - 3.2px) * 0.455), 20px);\">Die Veranstaltung findet in englischer und franz\u00f6sischer Sprache statt.<\/p>\n\n\n\n<div style=\"height:71px\" aria-hidden=\"true\" class=\"wp-block-spacer\"><\/div>\n<\/div>\n\n\n\n<p class=\"has-text-align-center has-gray-light-background-color has-background\"><br><br><br><strong>Winbiz Midi Fiduciaire ist f\u00fcr dieses Jahr beendet. <br><br>Wir danken Ihnen f\u00fcr Ihre Teilnahme und f\u00fcr den Austausch, der unsere Partnerschaft mit Ihnen st\u00e4rkt.<\/strong><br><br><br><\/p>\n\n\n\n<p><\/p>\n","protected":false},"excerpt":{"rendered":"<p>Winbiz Midi Treuhand Ein Treffen speziell f\u00fcr Winbiz Treuhandpartner: Winbiz Nachrichten, Produktneuheiten. Sion &#8211; Lausanne &#8211; Genf &#8211; Murten Zur\u00fcck zu den verf\u00fcgbaren Diensten Wir freuen uns, Sie zu unserem Winbiz Midi Fiduciaire einzuladen. Diese Treffen bieten Ihnen die Gelegenheit, Aktuelles, Neuheiten und Perspektiven der Winbiz-Produkte zu entdecken, sich mit unserem Team auszutauschen und einen [&hellip;]<\/p>\n","protected":false},"author":1,"featured_media":0,"parent":0,"menu_order":0,"comment_status":"closed","ping_status":"closed","template":"page-base","meta":{"_acf_changed":false,"footnotes":""},"class_list":["post-22365","page","type-page","status-publish","hentry"],"acf":[],"yoast_head":"<!-- This site is optimized with the Yoast SEO Premium plugin v26.0 (Yoast SEO v27.5) - https:\/\/yoast.com\/product\/yoast-seo-premium-wordpress\/ -->\n<title>Roadshow - winbiz<\/title>\n<meta name=\"robots\" content=\"index, follow, max-snippet:-1, max-image-preview:large, max-video-preview:-1\" \/>\n<link rel=\"canonical\" href=\"https:\/\/www.winbiz.ch\/de\/roadshow\/\" \/>\n<meta property=\"og:locale\" content=\"de_DE\" \/>\n<meta property=\"og:type\" content=\"article\" \/>\n<meta property=\"og:title\" content=\"Roadshow\" \/>\n<meta property=\"og:description\" content=\"Winbiz Midi Treuhand Ein Treffen speziell f\u00fcr Winbiz Treuhandpartner: Winbiz Nachrichten, Produktneuheiten. Sion &#8211; Lausanne &#8211; Genf &#8211; Murten Zur\u00fcck zu den verf\u00fcgbaren Diensten Wir freuen uns, Sie zu unserem Winbiz Midi Fiduciaire einzuladen. Diese Treffen bieten Ihnen die Gelegenheit, Aktuelles, Neuheiten und Perspektiven der Winbiz-Produkte zu entdecken, sich mit unserem Team auszutauschen und einen [&hellip;]\" \/>\n<meta property=\"og:url\" content=\"https:\/\/www.winbiz.ch\/de\/roadshow\/\" \/>\n<meta property=\"og:site_name\" content=\"winbiz\" \/>\n<meta property=\"article:modified_time\" content=\"2026-04-21T14:29:59+00:00\" \/>\n<meta property=\"og:image\" content=\"https:\/\/www.winbiz.ch\/wp-content\/uploads\/2025\/10\/Design-sans-titre-10-1.jpg\" \/>\n\t<meta property=\"og:image:width\" content=\"650\" \/>\n\t<meta property=\"og:image:height\" content=\"380\" \/>\n\t<meta property=\"og:image:type\" content=\"image\/jpeg\" \/>\n<meta name=\"twitter:card\" content=\"summary_large_image\" \/>\n<meta name=\"twitter:label1\" content=\"Est. reading time\" \/>\n\t<meta name=\"twitter:data1\" content=\"2 minutes\" \/>\n<script type=\"application\/ld+json\" class=\"yoast-schema-graph\">{\"@context\":\"https:\\\/\\\/schema.org\",\"@graph\":[{\"@type\":\"WebPage\",\"@id\":\"https:\\\/\\\/www.winbiz.ch\\\/de\\\/roadshow\\\/\",\"url\":\"https:\\\/\\\/www.winbiz.ch\\\/de\\\/roadshow\\\/\",\"name\":\"Roadshow - winbiz\",\"isPartOf\":{\"@id\":\"https:\\\/\\\/www.winbiz.ch\\\/fr\\\/#website\"},\"primaryImageOfPage\":{\"@id\":\"https:\\\/\\\/www.winbiz.ch\\\/de\\\/roadshow\\\/#primaryimage\"},\"image\":{\"@id\":\"https:\\\/\\\/www.winbiz.ch\\\/de\\\/roadshow\\\/#primaryimage\"},\"thumbnailUrl\":\"https:\\\/\\\/www.winbiz.ch\\\/wp-content\\\/uploads\\\/2025\\\/10\\\/Design-sans-titre-10-1.jpg\",\"datePublished\":\"2025-09-17T10:54:13+00:00\",\"dateModified\":\"2026-04-21T14:29:59+00:00\",\"breadcrumb\":{\"@id\":\"https:\\\/\\\/www.winbiz.ch\\\/de\\\/roadshow\\\/#breadcrumb\"},\"inLanguage\":\"de-DE\",\"potentialAction\":[{\"@type\":\"ReadAction\",\"target\":[\"https:\\\/\\\/www.winbiz.ch\\\/de\\\/roadshow\\\/\"]}]},{\"@type\":\"ImageObject\",\"inLanguage\":\"de-DE\",\"@id\":\"https:\\\/\\\/www.winbiz.ch\\\/de\\\/roadshow\\\/#primaryimage\",\"url\":\"https:\\\/\\\/www.winbiz.ch\\\/wp-content\\\/uploads\\\/2025\\\/10\\\/Design-sans-titre-10-1.jpg\",\"contentUrl\":\"https:\\\/\\\/www.winbiz.ch\\\/wp-content\\\/uploads\\\/2025\\\/10\\\/Design-sans-titre-10-1.jpg\"},{\"@type\":\"BreadcrumbList\",\"@id\":\"https:\\\/\\\/www.winbiz.ch\\\/de\\\/roadshow\\\/#breadcrumb\",\"itemListElement\":[{\"@type\":\"ListItem\",\"position\":1,\"name\":\"Accueil\",\"item\":\"https:\\\/\\\/www.winbiz.ch\\\/de\\\/\"},{\"@type\":\"ListItem\",\"position\":2,\"name\":\"Roadshow\"}]},{\"@type\":\"WebSite\",\"@id\":\"https:\\\/\\\/www.winbiz.ch\\\/fr\\\/#website\",\"url\":\"https:\\\/\\\/www.winbiz.ch\\\/fr\\\/\",\"name\":\"winbiz\",\"description\":\"\",\"publisher\":{\"@id\":\"https:\\\/\\\/www.winbiz.ch\\\/fr\\\/#organization\"},\"potentialAction\":[{\"@type\":\"SearchAction\",\"target\":{\"@type\":\"EntryPoint\",\"urlTemplate\":\"https:\\\/\\\/www.winbiz.ch\\\/fr\\\/?s={search_term_string}\"},\"query-input\":{\"@type\":\"PropertyValueSpecification\",\"valueRequired\":true,\"valueName\":\"search_term_string\"}}],\"inLanguage\":\"de-DE\"},{\"@type\":\"Organization\",\"@id\":\"https:\\\/\\\/www.winbiz.ch\\\/fr\\\/#organization\",\"name\":\"winbiz\",\"url\":\"https:\\\/\\\/www.winbiz.ch\\\/fr\\\/\",\"logo\":{\"@type\":\"ImageObject\",\"inLanguage\":\"de-DE\",\"@id\":\"https:\\\/\\\/www.winbiz.ch\\\/fr\\\/#\\\/schema\\\/logo\\\/image\\\/\",\"url\":\"https:\\\/\\\/www.winbiz.ch\\\/wp-content\\\/uploads\\\/2024\\\/09\\\/cropped-FAV-1.png\",\"contentUrl\":\"https:\\\/\\\/www.winbiz.ch\\\/wp-content\\\/uploads\\\/2024\\\/09\\\/cropped-FAV-1.png\",\"width\":512,\"height\":512,\"caption\":\"winbiz\"},\"image\":{\"@id\":\"https:\\\/\\\/www.winbiz.ch\\\/fr\\\/#\\\/schema\\\/logo\\\/image\\\/\"}}]}<\/script>\n<!-- \/ Yoast SEO Premium plugin. -->","yoast_head_json":{"title":"Roadshow - winbiz","robots":{"index":"index","follow":"follow","max-snippet":"max-snippet:-1","max-image-preview":"max-image-preview:large","max-video-preview":"max-video-preview:-1"},"canonical":"https:\/\/www.winbiz.ch\/de\/roadshow\/","og_locale":"de_DE","og_type":"article","og_title":"Roadshow","og_description":"Winbiz Midi Treuhand Ein Treffen speziell f\u00fcr Winbiz Treuhandpartner: Winbiz Nachrichten, Produktneuheiten. Sion &#8211; Lausanne &#8211; Genf &#8211; Murten Zur\u00fcck zu den verf\u00fcgbaren Diensten Wir freuen uns, Sie zu unserem Winbiz Midi Fiduciaire einzuladen. Diese Treffen bieten Ihnen die Gelegenheit, Aktuelles, Neuheiten und Perspektiven der Winbiz-Produkte zu entdecken, sich mit unserem Team auszutauschen und einen [&hellip;]","og_url":"https:\/\/www.winbiz.ch\/de\/roadshow\/","og_site_name":"winbiz","article_modified_time":"2026-04-21T14:29:59+00:00","og_image":[{"width":650,"height":380,"url":"https:\/\/www.winbiz.ch\/wp-content\/uploads\/2025\/10\/Design-sans-titre-10-1.jpg","type":"image\/jpeg"}],"twitter_card":"summary_large_image","twitter_misc":{"Est. reading time":"2 minutes"},"schema":{"@context":"https:\/\/schema.org","@graph":[{"@type":"WebPage","@id":"https:\/\/www.winbiz.ch\/de\/roadshow\/","url":"https:\/\/www.winbiz.ch\/de\/roadshow\/","name":"Roadshow - winbiz","isPartOf":{"@id":"https:\/\/www.winbiz.ch\/fr\/#website"},"primaryImageOfPage":{"@id":"https:\/\/www.winbiz.ch\/de\/roadshow\/#primaryimage"},"image":{"@id":"https:\/\/www.winbiz.ch\/de\/roadshow\/#primaryimage"},"thumbnailUrl":"https:\/\/www.winbiz.ch\/wp-content\/uploads\/2025\/10\/Design-sans-titre-10-1.jpg","datePublished":"2025-09-17T10:54:13+00:00","dateModified":"2026-04-21T14:29:59+00:00","breadcrumb":{"@id":"https:\/\/www.winbiz.ch\/de\/roadshow\/#breadcrumb"},"inLanguage":"de-DE","potentialAction":[{"@type":"ReadAction","target":["https:\/\/www.winbiz.ch\/de\/roadshow\/"]}]},{"@type":"ImageObject","inLanguage":"de-DE","@id":"https:\/\/www.winbiz.ch\/de\/roadshow\/#primaryimage","url":"https:\/\/www.winbiz.ch\/wp-content\/uploads\/2025\/10\/Design-sans-titre-10-1.jpg","contentUrl":"https:\/\/www.winbiz.ch\/wp-content\/uploads\/2025\/10\/Design-sans-titre-10-1.jpg"},{"@type":"BreadcrumbList","@id":"https:\/\/www.winbiz.ch\/de\/roadshow\/#breadcrumb","itemListElement":[{"@type":"ListItem","position":1,"name":"Accueil","item":"https:\/\/www.winbiz.ch\/de\/"},{"@type":"ListItem","position":2,"name":"Roadshow"}]},{"@type":"WebSite","@id":"https:\/\/www.winbiz.ch\/fr\/#website","url":"https:\/\/www.winbiz.ch\/fr\/","name":"winbiz","description":"","publisher":{"@id":"https:\/\/www.winbiz.ch\/fr\/#organization"},"potentialAction":[{"@type":"SearchAction","target":{"@type":"EntryPoint","urlTemplate":"https:\/\/www.winbiz.ch\/fr\/?s={search_term_string}"},"query-input":{"@type":"PropertyValueSpecification","valueRequired":true,"valueName":"search_term_string"}}],"inLanguage":"de-DE"},{"@type":"Organization","@id":"https:\/\/www.winbiz.ch\/fr\/#organization","name":"winbiz","url":"https:\/\/www.winbiz.ch\/fr\/","logo":{"@type":"ImageObject","inLanguage":"de-DE","@id":"https:\/\/www.winbiz.ch\/fr\/#\/schema\/logo\/image\/","url":"https:\/\/www.winbiz.ch\/wp-content\/uploads\/2024\/09\/cropped-FAV-1.png","contentUrl":"https:\/\/www.winbiz.ch\/wp-content\/uploads\/2024\/09\/cropped-FAV-1.png","width":512,"height":512,"caption":"winbiz"},"image":{"@id":"https:\/\/www.winbiz.ch\/fr\/#\/schema\/logo\/image\/"}}]}},"_links":{"self":[{"href":"https:\/\/www.winbiz.ch\/de\/wp-json\/wp\/v2\/pages\/22365","targetHints":{"allow":["GET"]}}],"collection":[{"href":"https:\/\/www.winbiz.ch\/de\/wp-json\/wp\/v2\/pages"}],"about":[{"href":"https:\/\/www.winbiz.ch\/de\/wp-json\/wp\/v2\/types\/page"}],"author":[{"embeddable":true,"href":"https:\/\/www.winbiz.ch\/de\/wp-json\/wp\/v2\/users\/1"}],"replies":[{"embeddable":true,"href":"https:\/\/www.winbiz.ch\/de\/wp-json\/wp\/v2\/comments?post=22365"}],"version-history":[{"count":0,"href":"https:\/\/www.winbiz.ch\/de\/wp-json\/wp\/v2\/pages\/22365\/revisions"}],"wp:attachment":[{"href":"https:\/\/www.winbiz.ch\/de\/wp-json\/wp\/v2\/media?parent=22365"}],"curies":[{"name":"wp","href":"https:\/\/api.w.org\/{rel}","templated":true}]}}